{"id":2065,"date":"2021-11-04T14:45:36","date_gmt":"2021-11-04T13:45:36","guid":{"rendered":"https:\/\/linmot.com\/de\/?page_id=2065"},"modified":"2024-08-28T15:56:46","modified_gmt":"2024-08-28T13:56:46","slug":"linearfuehrungen-f01-e01","status":"publish","type":"page","link":"https:\/\/linmot.com\/de\/produkte\/linearfuehrungen-linearmodule\/linearfuehrungen-f01-e01\/","title":{"rendered":"Linearmodule FM01\/EM01"},"content":{"rendered":"<p align=\"justify\"><strong>LinMot FM01 &#8211; und EM01-Module sind bewegte Statorapplikationen mit linearen Tubularmotoren. Der mechanische Aufbau basiert auf einem speziellen Aluminiumprofil, an dem bis zu zwei hochpr\u00e4zise Profilschienenf\u00fchrungen befestigt sind. Die Verwendung von Kugellagern in den F\u00fchrungswagen garantiert einen zuverl\u00e4ssigen und einwandfreien Betrieb, die Aufnahme von \u00e4u\u00dferen Kr\u00e4ften, Drehmomenten und Biegemomenten. Diese Produkte bieten eine hohe F\u00fchrungsgenauigkeit, erm\u00f6glichen eine dynamische und pr\u00e4zise Positionierung der Last. Die Module k\u00f6nnen ohne zus\u00e4tzliche Adapter zu einer Gantry- oder Semi-Gantry-Konstruktion zusammengebaut werden. Es ist auch m\u00f6glich, mehrere Statoren auf derselben F\u00fchrung zu betreiben. Durch die direkte mechanische Kompatibilit\u00e4t mit anderen LinMot Module f\u00fcr die vertikale Achse, linearen Drehmotoren und anderen Produkten, kombiniert mit der gro\u00dfen Auswahl an verf\u00fcgbaren H\u00fcben f\u00fcr alle Achsen, bieten die beweglichen Statorf\u00fchrungen einen leistungsstarken Werkzeugkasten f\u00fcr jede Automatisierungsaufgabe.<\/strong><\/p>\n<hr \/>\n<div class=\"row\">\n<div class=\"col-sm-2\">\n<p><a class=\"button\" href=\"#details\">1. Details<\/a><\/p>\n<\/div>\n<div class=\"col-sm-1\">\n<\/div>\n<div class=\"col-sm-2\">\n<p><a class=\"button\" href=\"#videos\">2. Videos<\/a><\/p>\n<\/div>\n<div class=\"col-sm-1\">\n<\/div>\n<div class=\"col-sm-2\">\n<p><a class=\"button\" href=\"#kontakt\">3. Kontakt<\/a><\/p>\n<\/div>\n<\/div>\n<hr \/>\n<h3 id=\"details\">1. Details<\/h3>\n<h2 id=\"fm01\">FM01-Module<\/h2>\n<p>Module mit geringerer Reibung, die f\u00fcr normale Belastungen mit niedrigeren statischen und dynamischen Tragzahlen ausgelegt sind, wobei statische und dynamische Momente zul\u00e4ssig sind.<\/p>\n<div class=\"row\">\n<div class=\"col-md-5\">\n<ul>\n<li>Spezielles Aluminiumprofil mit einer hochpr\u00e4zisen Profilschienenf\u00fchrung<\/li>\n<li>Kugellager in den Laufwagen garantieren einen zuverl\u00e4ssigen und reibungslosen Betrieb<\/li>\n<li>Zusammenbau zu einer Gantry-Konstruktion ohne zus\u00e4tzliche Adapter<\/li>\n<li>Hohe Geschwindigkeit bei sehr kurzer Bauform<\/li>\n<li>Optional mit externem Sensor f\u00fcr eine noch h\u00f6here Genauigkeit<\/li>\n<\/ul>\n<\/div>\n<div class=\"col-md-7\">\n<div class=\"carousel slide\" id=\"bc812c61c6b9980dd27c28956afa8c53\" data-ride=\"carousel\">  <div class=\"carousel-inner\" role=\"listbox\">    <div class=\"item active\">      <img decoding=\"async\" src=\"https:\/\/linmot.com\/de\/wp-content\/uploads\/sites\/2\/2021\/07\/6-LinMot-F-Guides-F01-37-small.jpg\" alt=\"...\">    <\/div>    <div class=\"item\">      <img decoding=\"async\" src=\"https:\/\/linmot.com\/de\/wp-content\/uploads\/sites\/2\/2021\/07\/1-LinMot-F-Guides-F01-2-motors-on-track2.jpg\" alt=\"...\">    <\/div>    <div class=\"item\">      <img decoding=\"async\" src=\"https:\/\/linmot.com\/de\/wp-content\/uploads\/sites\/2\/2021\/07\/2-LinMot-F-Guides-F01-37S-mounted-linmot-motorPR01-52-1.jpg\" alt=\"...\">    <\/div>    <div class=\"item\">      <img decoding=\"async\" src=\"https:\/\/linmot.com\/de\/wp-content\/uploads\/sites\/2\/2021\/07\/3-LinMot-F-Guides-F01-Gantry-design.jpg\" alt=\"...\">    <\/div>    <div class=\"item\">      <img decoding=\"async\" src=\"https:\/\/linmot.com\/de\/wp-content\/uploads\/sites\/2\/2021\/07\/4-LinMot-F-Guides-F01-H01-guide-for-z-axis.jpg\" alt=\"...\">    <\/div>    <div class=\"item\">      <img decoding=\"async\" src=\"https:\/\/linmot.com\/de\/wp-content\/uploads\/sites\/2\/2021\/07\/5-LinMot-F-Guides-F01-48-small.jpg\" alt=\"...\">    <\/div>  <\/div><div class=\"navigation\"><a class=\"left carousel-control\" href=\"#bc812c61c6b9980dd27c28956afa8c53\" role=\"button\" data-slide=\"prev\"><\/a><a class=\"right carousel-control\" href=\"#bc812c61c6b9980dd27c28956afa8c53\" role=\"button\" data-slide=\"next\"><\/a><\/div><\/div>\n<\/div>\n<\/div>\n<h2 id=\"em01\">EM01-Module<\/h2>\n<p>Module, die f\u00fcr schwerere Lasten und eine lange Belastungsdauer ausgelegt sind. Zwei parallele F\u00fchrungsschienen und Laufwagen eliminieren Torsionsschwingungen. Eine Schwerlastversion der EM01-Module mit vier F\u00fchrungswagen auf zwei Schienen bietet noch mehr mechanische Steifigkeit.<\/p>\n<div class=\"row\">\n<div class=\"col-md-5\">\n<ul>\n<li>Eliminieren Kippmomente<\/li>\n<li>Spezielles Aluminiumprofil mit einer hochpr\u00e4zisen Profilschienenf\u00fchrung<\/li>\n<li>Bis zu vier F\u00fchrungswagen auf zwei parallelen F\u00fchrungsschienen<\/li>\n<li>Kugellager in den F\u00fchrungswagen garantieren einen zuverl\u00e4ssigen und einwandfreien Betrieb<\/li>\n<li>Hohe Geschwindigkeit bei sehr kurzer Bauform<\/li>\n<li>Optional mit externem Sensor f\u00fcr eine noch h\u00f6here Genauigkeit<\/li>\n<\/ul>\n<\/div>\n<div class=\"col-md-7\">\n<div class=\"carousel slide\" id=\"b48c71017eafac5deb3854c4d9311600\" data-ride=\"carousel\">  <div class=\"carousel-inner\" role=\"listbox\">    <div class=\"item active\">      <img decoding=\"async\" src=\"https:\/\/linmot.com\/de\/wp-content\/uploads\/sites\/2\/2021\/07\/1-LinMot-E-Guides-EM01-37Sx-heavy-duty-40.jpg\" alt=\"...\">    <\/div>    <div class=\"item\">      <img decoding=\"async\" src=\"https:\/\/linmot.com\/de\/wp-content\/uploads\/sites\/2\/2021\/07\/2-LinMot-E-Guides-E01-PR01.jpg\" alt=\"...\">    <\/div>    <div class=\"item\">      <img decoding=\"async\" src=\"https:\/\/linmot.com\/de\/wp-content\/uploads\/sites\/2\/2021\/07\/3-LinMot-E-Guides-FEF-Gantry-PR02-52.jpg\" alt=\"...\">    <\/div>  <\/div><div class=\"navigation\"><a class=\"left carousel-control\" href=\"#b48c71017eafac5deb3854c4d9311600\" role=\"button\" data-slide=\"prev\"><\/a><a class=\"right carousel-control\" href=\"#b48c71017eafac5deb3854c4d9311600\" role=\"button\" data-slide=\"next\"><\/a><\/div><\/div>\n<\/div>\n<\/div>\n<p><a class=\"btn btn-active\" href=\"https:\/\/shop.linmot.com\/D\/linearmodule-&amp;-f%c3%bchrungen\/linearmodule-em01-fm01.htm\" target=\"_blank\" rel=\"noopener noreferrer\">Zu den Details im e-Katalog<\/a><\/p>\n<h2>Produktvorteile<\/h2>\n<div class=\"row\">\n<div class=\"col-md-4\">\n<h4>Mehrachsige Ausf\u00fchrungen<\/h4>\n<p align=\"justify\">Die beweglichen Linearmodule bieten eine Vielzahl von Anwendungen und Designm\u00f6glichkeiten. Der Anwender kann Anwendungen wie Pick &amp; Place, Pick, Rotate &amp; Place, Multiple Stator und Gantry-Konfiguration einfach realisieren.<\/p>\n<\/div>\n<div class=\"col-md-4\">\n<h4>Kugellager<\/h4>\n<p align=\"justify\">Die Verwendung von Kugellagern in den F\u00fchrungswagen garantiert einen zuverl\u00e4ssigen und reibungslosen Betrieb sowie die Aufnahme von externen Kr\u00e4ften, Drehmomenten und Biegemomenten.<\/p>\n<\/div>\n<div class=\"col-md-4\">\n<h4>Mechanische Kompatibilit\u00e4t<\/h4>\n<p align=\"justify\">Die Module sind so konstruiert, dass sie mechanisch untereinander und mit einer Vielzahl von <a href=\"\/de\/die-produkteuebersicht-von-linmot-und-magspring\/\">LinMot Produkten<\/a> kompatibel sind. Dies erm\u00f6glicht kompakte Mehrachsenkonstruktionen aus einer Hand f\u00fcr den sofortigen Einsatz in Anwendungen, ohne dass zus\u00e4tzliche Komponenten selbst entwickelt werden m\u00fcssen.<\/p>\n<\/div>\n<\/div>\n<div class=\"row\">\n<div class=\"col-md-4\">\n<h4>Optional Gantry-Bauweise<\/h4>\n<p align=\"justify\">Wenn mehr als eine Achse ben\u00f6tigt wird, k\u00f6nnen mehrere Module einfach zu Gantry- oder Semi-Gantry-Konstruktionen zusammengestellt werden. Die Master-Slave-Einstellung von Statoren auf einer programmierbaren Achse vereinfacht die Steuerung. Mit Kombinationen der verf\u00fcgbaren H\u00fcbe kann ein gro\u00dfer Arbeitsbereich erreicht werden.<\/p>\n<\/div>\n<div class=\"col-md-4\">\n<h4>Externe Sensoroption<\/h4>\n<p align=\"justify\">Neben den eigenen integrierten Positionssensoren des LinMot Linearstators sind sowohl inkrementale als auch absolute externe Encoder als Option erh\u00e4ltlich. Zusammen mit einem Magnetband bieten die externen Sensoren ein hochaufl\u00f6sendes lineares Messsystem.<\/p>\n<\/div>\n<\/div>\n<h3 id=\"videos\">2. Videos<\/h3>\n<div class=\"row download\">\n<div class=\"col-md-6\">\n<h4 class=\"download-title\">Animation der EM01 und FM01 Module<\/h4>\n<p class=\"bodytext\">Diese Video zeigt einige Prozesse, welche durch unsere EM01 und FM01 Module durchgef\u00fchrt werden k\u00f6nnen.<\/p>\n<\/div>\n<div class=\"col-md-1\">\n<\/div>\n<div class=\"col-md-5\">\n<div class=\"brlbs-cmpnt-container brlbs-cmpnt-content-blocker brlbs-cmpnt-with-individual-styles\" data-borlabs-cookie-content-blocker-id=\"youtube-content-blocker\" data-borlabs-cookie-content=\"PGlmcmFtZSB0aXRsZT0iWW91VHViZSB2aWRlbyBwbGF5ZXIiIHNyYz0iaHR0cHM6Ly93d3cueW91dHViZS1ub2Nvb2tpZS5jb20vZW1iZWQveElBUlZqQWtfZXMiIHdpZHRoPSIzOTQiIGhlaWdodD0iMjIwIiBmcmFtZWJvcmRlcj0iMCIgYWxsb3dmdWxsc2NyZWVuPSJhbGxvd2Z1bGxzY3JlZW4iPjwvaWZyYW1lPg==\">\n<div class=\"brlbs-cmpnt-cb-preset-c brlbs-cmpnt-cb-youtube\">\n<div class=\"brlbs-cmpnt-cb-thumbnail\" style=\"background-image: url('https:\/\/linmot.com\/de\/wp-content\/uploads\/borlabs-cookie\/2\/yt_xIARVjAk_es_hqdefault.jpg')\"><\/div>\n<div class=\"brlbs-cmpnt-cb-main\">\n<div class=\"brlbs-cmpnt-cb-play-button\"><\/div>\n<div class=\"brlbs-cmpnt-cb-content\">\n<p class=\"brlbs-cmpnt-cb-description\">Sie sehen gerade einen Platzhalterinhalt von <strong>YouTube<\/strong>. Um auf den eigentlichen Inhalt zuzugreifen, klicken Sie auf die Schaltfl\u00e4che unten. Bitte beachten Sie, dass dabei Daten an Drittanbieter weitergegeben werden.<\/p>\n<p> <a class=\"brlbs-cmpnt-cb-provider-toggle\" href=\"#\" data-borlabs-cookie-show-provider-information role=\"button\">Mehr Informationen<\/a> <\/div>\n<div class=\"brlbs-cmpnt-cb-buttons\"> <a class=\"brlbs-cmpnt-cb-btn\" href=\"#\" data-borlabs-cookie-unblock role=\"button\">Inhalt entsperren<\/a> <a class=\"brlbs-cmpnt-cb-btn\" href=\"#\" data-borlabs-cookie-accept-service role=\"button\" style=\"display: inherit\">Erforderlichen Service akzeptieren und Inhalte entsperren<\/a> <\/div>\n<\/p><\/div>\n<\/p><\/div>\n<\/div>\n<\/div>\n<\/div>\n<h3 id=\"kontakt\">3. Kontakt<\/h3>\n<div class=\"row download\">\n<div class=\"col-md-6\">\n<h4 class=\"download-title\">Fragen zu den beweglichen Linearmodule?<\/h4>\n<p class=\"bodytext\">Wir stehen Ihnen f\u00fcr Fragen gerne zur Verf\u00fcgung.<br \/>\nMelden Sie sich hierf\u00fcr \u00fcber das folgende Formular bei uns oder rufen Sie uns an unter:<\/p>\n<p class=\"bodytext\">Tel: +49 (0)201 858940 0<\/p>\n<p class=\"bodytext\">Das LinMot-Team<\/p>\n<\/div>\n<div class=\"col-md-1\">\n<\/div>\n<div class=\"col-md-5\">\n\n<div class=\"wpcf7 no-js\" id=\"wpcf7-f1617-o1\" lang=\"de-DE\" dir=\"ltr\" data-wpcf7-id=\"1617\">\n<div class=\"screen-reader-response\"><p role=\"status\" aria-live=\"polite\" aria-atomic=\"true\"><\/p> <ul><\/ul><\/div>\n<form action=\"\/de\/wp-json\/wp\/v2\/pages\/2065#wpcf7-f1617-o1\" method=\"post\" class=\"wpcf7-form init\" aria-label=\"Kontaktformular\" novalidate=\"novalidate\" data-status=\"init\">\n<fieldset class=\"hidden-fields-container\"><input type=\"hidden\" name=\"_wpcf7\" value=\"1617\" \/><input type=\"hidden\" name=\"_wpcf7_version\" value=\"6.1.5\" \/><input type=\"hidden\" name=\"_wpcf7_locale\" value=\"de_DE\" \/><input type=\"hidden\" name=\"_wpcf7_unit_tag\" value=\"wpcf7-f1617-o1\" \/><input type=\"hidden\" name=\"_wpcf7_container_post\" value=\"0\" \/><input type=\"hidden\" name=\"_wpcf7_posted_data_hash\" value=\"\" \/><input type=\"hidden\" name=\"_wpcf7_recaptcha_response\" value=\"\" \/>\n<\/fieldset>\n<label> Ihr Name<br>\n    <span class=\"wpcf7-form-control-wrap\" data-name=\"your-name\"><input size=\"40\" maxlength=\"400\" class=\"wpcf7-form-control wpcf7-text wpcf7-validates-as-required\" aria-required=\"true\" aria-invalid=\"false\" value=\"\" type=\"text\" name=\"your-name\" \/><\/span> <\/label>\n<br>\n<label> Ihre Firma<br>\n    <span class=\"wpcf7-form-control-wrap\" data-name=\"your-company\"><input size=\"40\" maxlength=\"400\" class=\"wpcf7-form-control wpcf7-text wpcf7-validates-as-required\" aria-required=\"true\" aria-invalid=\"false\" value=\"\" type=\"text\" name=\"your-company\" \/><\/span> <\/label>\n<br>\n<label> Postleitzahl<br>\n    <span class=\"wpcf7-form-control-wrap\" data-name=\"your-plz\"><input class=\"wpcf7-form-control wpcf7-number wpcf7-validates-as-required wpcf7-validates-as-number\" aria-required=\"true\" aria-invalid=\"false\" value=\"\" type=\"number\" name=\"your-plz\" \/><\/span> <\/label>\n<br>\n<label> Land<br>\n    <span class=\"wpcf7-form-control-wrap\" data-name=\"your-country\"><input size=\"40\" maxlength=\"400\" class=\"wpcf7-form-control wpcf7-text wpcf7-validates-as-required\" aria-required=\"true\" aria-invalid=\"false\" value=\"\" type=\"text\" name=\"your-country\" \/><\/span> <\/label>\n<br>\n<label> Telefonnummer<br>\n    <span class=\"wpcf7-form-control-wrap\" data-name=\"your-telephone\"><input size=\"40\" maxlength=\"400\" class=\"wpcf7-form-control wpcf7-tel wpcf7-text wpcf7-validates-as-tel\" aria-invalid=\"false\" value=\"\" type=\"tel\" name=\"your-telephone\" \/><\/span> <\/label>\n<br>\n<label> E-Mail-Adresse<br>\n    <span class=\"wpcf7-form-control-wrap\" data-name=\"your-email\"><input size=\"40\" maxlength=\"400\" class=\"wpcf7-form-control wpcf7-email wpcf7-validates-as-required wpcf7-text wpcf7-validates-as-email\" aria-required=\"true\" aria-invalid=\"false\" value=\"\" type=\"email\" name=\"your-email\" \/><\/span> <\/label>\n<br>\n<label> Ihre Frage<br>\n    <span class=\"wpcf7-form-control-wrap\" data-name=\"your-message\"><textarea cols=\"40\" rows=\"10\" maxlength=\"2000\" class=\"wpcf7-form-control wpcf7-textarea\" aria-invalid=\"false\" name=\"your-message\"><\/textarea><\/span> <\/label>\n<br>\n<input class=\"wpcf7-form-control wpcf7-submit has-spinner\" type=\"submit\" value=\"Senden\" \/><div class=\"wpcf7-response-output\" aria-hidden=\"true\"><\/div>\n<\/form>\n<\/div>\n\n<\/div>\n<\/div>\n","protected":false},"excerpt":{"rendered":"<p>LinMot FM01 &#8211; und EM01-Module sind bewegte Statorapplikationen mit linearen Tubularmotoren. Der mechanische Aufbau basiert auf einem speziellen Aluminiumprofil, an dem bis zu zwei hochpr\u00e4zise Profilschienenf\u00fchrungen befestigt sind. Die Verwendung von Kugellagern in den F\u00fchrungswagen garantiert einen zuverl\u00e4ssigen und einwandfreien Betrieb, die Aufnahme von \u00e4u\u00dferen Kr\u00e4ften, Drehmomenten und Biegemomenten. Diese Produkte bieten eine hohe F\u00fchrungsgenauigkeit, [&hellip;]<\/p>\n","protected":false},"author":9,"featured_media":0,"parent":44,"menu_order":69,"comment_status":"closed","ping_status":"closed","template":"","meta":{"_acf_changed":false,"footnotes":""},"class_list":["post-2065","page","type-page","status-publish","hentry"],"acf":[],"yoast_head":"<!-- This site is optimized with the Yoast SEO Premium plugin v20.9 (Yoast SEO v27.2) - https:\/\/yoast.com\/product\/yoast-seo-premium-wordpress\/ -->\n<title>Linearmodule FM01\/EM01 | Linear Motion Technology Leader<\/title>\n<meta name=\"description\" content=\"Der mechanische Aufbau der FM01\/EM01 Module basiert auf einem Aluminiumprofil, an dem bis zu zwei Profilschienenf\u00fchrungen befestigt sind.\" \/>\n<meta name=\"robots\" content=\"index, follow, max-snippet:-1, max-image-preview:large, max-video-preview:-1\" \/>\n<link rel=\"canonical\" href=\"https:\/\/linmot.com\/de\/produkte\/linearfuehrungen-linearmodule\/linearfuehrungen-f01-e01\/\" \/>\n<meta property=\"og:locale\" content=\"de_DE\" \/>\n<meta property=\"og:type\" content=\"article\" \/>\n<meta property=\"og:title\" content=\"Linearmodule FM01\/EM01 | Linear Motion Technology Leader\" \/>\n<meta property=\"og:description\" content=\"Der mechanische Aufbau der FM01\/EM01 Module basiert auf einem Aluminiumprofil, an dem bis zu zwei Profilschienenf\u00fchrungen befestigt sind.\" \/>\n<meta property=\"og:url\" content=\"https:\/\/linmot.com\/de\/produkte\/linearfuehrungen-linearmodule\/linearfuehrungen-f01-e01\/\" \/>\n<meta property=\"og:site_name\" content=\"LinMot &amp; MagSpring - Deutsch\" \/>\n<meta property=\"article:modified_time\" content=\"2024-08-28T13:56:46+00:00\" \/>\n<meta property=\"og:image\" content=\"https:\/\/linmot.com\/de\/wp-content\/uploads\/sites\/2\/2021\/07\/4-LinMot-F-Guides-F01-H01-guide-for-z-axis.jpg\" \/>\n\t<meta property=\"og:image:width\" content=\"612\" \/>\n\t<meta property=\"og:image:height\" content=\"190\" \/>\n\t<meta property=\"og:image:type\" content=\"image\/jpeg\" \/>\n<meta name=\"twitter:card\" content=\"summary_large_image\" \/>\n<meta name=\"twitter:title\" content=\"Linearmodule FM01\/EM01 | Linear Motion Technology Leader\" \/>\n<meta name=\"twitter:description\" content=\"Der mechanische Aufbau der FM01\/EM01 Module basiert auf einem Aluminiumprofil, an dem bis zu zwei Profilschienenf\u00fchrungen befestigt sind.\" \/>\n<meta name=\"twitter:label1\" content=\"Gesch\u00e4tzte Lesezeit\" \/>\n\t<meta name=\"twitter:data1\" content=\"4 Minuten\" \/>\n<script type=\"application\/ld+json\" class=\"yoast-schema-graph\">{\"@context\":\"https:\/\/schema.org\",\"@graph\":[{\"@type\":\"WebPage\",\"@id\":\"https:\/\/linmot.com\/de\/produkte\/linearfuehrungen-linearmodule\/linearfuehrungen-f01-e01\/\",\"url\":\"https:\/\/linmot.com\/de\/produkte\/linearfuehrungen-linearmodule\/linearfuehrungen-f01-e01\/\",\"name\":\"Linearmodule FM01\/EM01 | Linear Motion Technology Leader\",\"isPartOf\":{\"@id\":\"https:\/\/linmot.com\/de\/#website\"},\"datePublished\":\"2021-11-04T13:45:36+00:00\",\"dateModified\":\"2024-08-28T13:56:46+00:00\",\"description\":\"Der mechanische Aufbau der FM01\/EM01 Module basiert auf einem Aluminiumprofil, an dem bis zu zwei Profilschienenf\u00fchrungen befestigt sind.\",\"breadcrumb\":{\"@id\":\"https:\/\/linmot.com\/de\/produkte\/linearfuehrungen-linearmodule\/linearfuehrungen-f01-e01\/#breadcrumb\"},\"inLanguage\":\"de\",\"potentialAction\":[{\"@type\":\"ReadAction\",\"target\":[\"https:\/\/linmot.com\/de\/produkte\/linearfuehrungen-linearmodule\/linearfuehrungen-f01-e01\/\"]}]},{\"@type\":\"BreadcrumbList\",\"@id\":\"https:\/\/linmot.com\/de\/produkte\/linearfuehrungen-linearmodule\/linearfuehrungen-f01-e01\/#breadcrumb\",\"itemListElement\":[{\"@type\":\"ListItem\",\"position\":1,\"name\":\"LinMot\",\"item\":\"https:\/\/linmot.com\/de\/\"},{\"@type\":\"ListItem\",\"position\":2,\"name\":\"Produkte\",\"item\":\"https:\/\/linmot.com\/de\/produkte\/\"},{\"@type\":\"ListItem\",\"position\":3,\"name\":\"Linearf\u00fchrungen \/ Linearmodule\",\"item\":\"https:\/\/linmot.com\/de\/produkte\/linearfuehrungen-linearmodule\/\"},{\"@type\":\"ListItem\",\"position\":4,\"name\":\"Linearmodule FM01\/EM01\"}]},{\"@type\":\"WebSite\",\"@id\":\"https:\/\/linmot.com\/de\/#website\",\"url\":\"https:\/\/linmot.com\/de\/\",\"name\":\"LinMot & MagSpring - Industrielle Linearmotoren\",\"description\":\"Hochwertigen Linearmotoren und Linearmotorsystemen\",\"publisher\":{\"@id\":\"https:\/\/linmot.com\/de\/#organization\"},\"potentialAction\":[{\"@type\":\"SearchAction\",\"target\":{\"@type\":\"EntryPoint\",\"urlTemplate\":\"https:\/\/linmot.com\/de\/?s={search_term_string}\"},\"query-input\":{\"@type\":\"PropertyValueSpecification\",\"valueRequired\":true,\"valueName\":\"search_term_string\"}}],\"inLanguage\":\"de\"},{\"@type\":\"Organization\",\"@id\":\"https:\/\/linmot.com\/de\/#organization\",\"name\":\"NTI AG - LinMot & MagSpring\",\"url\":\"https:\/\/linmot.com\/de\/\",\"logo\":{\"@type\":\"ImageObject\",\"inLanguage\":\"de\",\"@id\":\"https:\/\/linmot.com\/de\/#\/schema\/logo\/image\/\",\"url\":\"https:\/\/linmot.com\/de\/wp-content\/uploads\/sites\/2\/2022\/01\/social-logo.jpg\",\"contentUrl\":\"https:\/\/linmot.com\/de\/wp-content\/uploads\/sites\/2\/2022\/01\/social-logo.jpg\",\"width\":800,\"height\":500,\"caption\":\"NTI AG - LinMot & MagSpring\"},\"image\":{\"@id\":\"https:\/\/linmot.com\/de\/#\/schema\/logo\/image\/\"},\"sameAs\":[\"https:\/\/www.linkedin.com\/company\/nti-ag-linmot-magspring\",\"https:\/\/www.youtube.com\/user\/LinMotEurope\",\"https:\/\/www.xing.com\/pages\/linmot-magspring\"]}]}<\/script>\n<!-- \/ Yoast SEO Premium plugin. -->","yoast_head_json":{"title":"Linearmodule FM01\/EM01 | Linear Motion Technology Leader","description":"Der mechanische Aufbau der FM01\/EM01 Module basiert auf einem Aluminiumprofil, an dem bis zu zwei Profilschienenf\u00fchrungen befestigt sind.","robots":{"index":"index","follow":"follow","max-snippet":"max-snippet:-1","max-image-preview":"max-image-preview:large","max-video-preview":"max-video-preview:-1"},"canonical":"https:\/\/linmot.com\/de\/produkte\/linearfuehrungen-linearmodule\/linearfuehrungen-f01-e01\/","og_locale":"de_DE","og_type":"article","og_title":"Linearmodule FM01\/EM01 | Linear Motion Technology Leader","og_description":"Der mechanische Aufbau der FM01\/EM01 Module basiert auf einem Aluminiumprofil, an dem bis zu zwei Profilschienenf\u00fchrungen befestigt sind.","og_url":"https:\/\/linmot.com\/de\/produkte\/linearfuehrungen-linearmodule\/linearfuehrungen-f01-e01\/","og_site_name":"LinMot &amp; MagSpring - Deutsch","article_modified_time":"2024-08-28T13:56:46+00:00","og_image":[{"width":612,"height":190,"url":"https:\/\/linmot.com\/de\/wp-content\/uploads\/sites\/2\/2021\/07\/4-LinMot-F-Guides-F01-H01-guide-for-z-axis.jpg","type":"image\/jpeg"}],"twitter_card":"summary_large_image","twitter_title":"Linearmodule FM01\/EM01 | Linear Motion Technology Leader","twitter_description":"Der mechanische Aufbau der FM01\/EM01 Module basiert auf einem Aluminiumprofil, an dem bis zu zwei Profilschienenf\u00fchrungen befestigt sind.","twitter_misc":{"Gesch\u00e4tzte Lesezeit":"4 Minuten"},"schema":{"@context":"https:\/\/schema.org","@graph":[{"@type":"WebPage","@id":"https:\/\/linmot.com\/de\/produkte\/linearfuehrungen-linearmodule\/linearfuehrungen-f01-e01\/","url":"https:\/\/linmot.com\/de\/produkte\/linearfuehrungen-linearmodule\/linearfuehrungen-f01-e01\/","name":"Linearmodule FM01\/EM01 | Linear Motion Technology Leader","isPartOf":{"@id":"https:\/\/linmot.com\/de\/#website"},"datePublished":"2021-11-04T13:45:36+00:00","dateModified":"2024-08-28T13:56:46+00:00","description":"Der mechanische Aufbau der FM01\/EM01 Module basiert auf einem Aluminiumprofil, an dem bis zu zwei Profilschienenf\u00fchrungen befestigt sind.","breadcrumb":{"@id":"https:\/\/linmot.com\/de\/produkte\/linearfuehrungen-linearmodule\/linearfuehrungen-f01-e01\/#breadcrumb"},"inLanguage":"de","potentialAction":[{"@type":"ReadAction","target":["https:\/\/linmot.com\/de\/produkte\/linearfuehrungen-linearmodule\/linearfuehrungen-f01-e01\/"]}]},{"@type":"BreadcrumbList","@id":"https:\/\/linmot.com\/de\/produkte\/linearfuehrungen-linearmodule\/linearfuehrungen-f01-e01\/#breadcrumb","itemListElement":[{"@type":"ListItem","position":1,"name":"LinMot","item":"https:\/\/linmot.com\/de\/"},{"@type":"ListItem","position":2,"name":"Produkte","item":"https:\/\/linmot.com\/de\/produkte\/"},{"@type":"ListItem","position":3,"name":"Linearf\u00fchrungen \/ Linearmodule","item":"https:\/\/linmot.com\/de\/produkte\/linearfuehrungen-linearmodule\/"},{"@type":"ListItem","position":4,"name":"Linearmodule FM01\/EM01"}]},{"@type":"WebSite","@id":"https:\/\/linmot.com\/de\/#website","url":"https:\/\/linmot.com\/de\/","name":"LinMot & MagSpring - Industrielle Linearmotoren","description":"Hochwertigen Linearmotoren und Linearmotorsystemen","publisher":{"@id":"https:\/\/linmot.com\/de\/#organization"},"potentialAction":[{"@type":"SearchAction","target":{"@type":"EntryPoint","urlTemplate":"https:\/\/linmot.com\/de\/?s={search_term_string}"},"query-input":{"@type":"PropertyValueSpecification","valueRequired":true,"valueName":"search_term_string"}}],"inLanguage":"de"},{"@type":"Organization","@id":"https:\/\/linmot.com\/de\/#organization","name":"NTI AG - LinMot & MagSpring","url":"https:\/\/linmot.com\/de\/","logo":{"@type":"ImageObject","inLanguage":"de","@id":"https:\/\/linmot.com\/de\/#\/schema\/logo\/image\/","url":"https:\/\/linmot.com\/de\/wp-content\/uploads\/sites\/2\/2022\/01\/social-logo.jpg","contentUrl":"https:\/\/linmot.com\/de\/wp-content\/uploads\/sites\/2\/2022\/01\/social-logo.jpg","width":800,"height":500,"caption":"NTI AG - LinMot & MagSpring"},"image":{"@id":"https:\/\/linmot.com\/de\/#\/schema\/logo\/image\/"},"sameAs":["https:\/\/www.linkedin.com\/company\/nti-ag-linmot-magspring","https:\/\/www.youtube.com\/user\/LinMotEurope","https:\/\/www.xing.com\/pages\/linmot-magspring"]}]}},"_links":{"self":[{"href":"https:\/\/linmot.com\/de\/wp-json\/wp\/v2\/pages\/2065","targetHints":{"allow":["GET"]}}],"collection":[{"href":"https:\/\/linmot.com\/de\/wp-json\/wp\/v2\/pages"}],"about":[{"href":"https:\/\/linmot.com\/de\/wp-json\/wp\/v2\/types\/page"}],"author":[{"embeddable":true,"href":"https:\/\/linmot.com\/de\/wp-json\/wp\/v2\/users\/9"}],"replies":[{"embeddable":true,"href":"https:\/\/linmot.com\/de\/wp-json\/wp\/v2\/comments?post=2065"}],"version-history":[{"count":28,"href":"https:\/\/linmot.com\/de\/wp-json\/wp\/v2\/pages\/2065\/revisions"}],"predecessor-version":[{"id":5230,"href":"https:\/\/linmot.com\/de\/wp-json\/wp\/v2\/pages\/2065\/revisions\/5230"}],"up":[{"embeddable":true,"href":"https:\/\/linmot.com\/de\/wp-json\/wp\/v2\/pages\/44"}],"wp:attachment":[{"href":"https:\/\/linmot.com\/de\/wp-json\/wp\/v2\/media?parent=2065"}],"curies":[{"name":"wp","href":"https:\/\/api.w.org\/{rel}","templated":true}]}}