{"id":2059,"date":"2021-07-29T13:57:37","date_gmt":"2021-07-29T11:57:37","guid":{"rendered":"https:\/\/linmot.com\/de\/?page_id=2059"},"modified":"2023-05-17T16:35:01","modified_gmt":"2023-05-17T14:35:01","slug":"der-schluessel-zur-industrie-4-0-servo-drives","status":"publish","type":"page","link":"https:\/\/linmot.com\/de\/der-schluessel-zur-industrie-4-0-servo-drives\/","title":{"rendered":"Der Schl\u00fcssel zur Industrie 4.0: Servo Drives"},"content":{"rendered":"<p><strong>LinMot Servo Drives sind kompakte Positioniersteuerungen mit einem oder mehreren Leistungsteilen zur Ansteuerung der Motoren sowie einem intelligenten Steuerteil mit integrierter Positionsregelung.<\/strong><\/p>\n<p>Die umfassende Auswahl an LinMot Servo Drives bestechen durch ihre Schnelligkeit, hohe Flexibilit\u00e4t und den grossen Funktionsumfang. Zudem lassen sie sich spielendleicht in jede Art von Anwendung integrieren. Die Konzeption unserer Antriebe sind auf pr\u00e4zise Steuerung, ein optimales Kraft-\/Drehmomentverh\u00e4ltnis und auf eine Vielzahl von Funktionen ausgerichtet. Damit erg\u00e4nzen wir optimal das breite Angebot an Linearmotoren, integrierten Linearmodulen sowie den Hubdrehmotoren. Entscheidend ist zudem, dass unsere Servoantriebe einfach zu bedienen sind und zuverl\u00e4ssig arbeiten \u2013 so sparen Sie Zeit und Geld.<\/p>\n<p>Das Steuerteil \u00fcbernimmt s\u00e4mtliche antriebsbezogenen Regel- und \u00dcberwachungsfunktionen. Die daraus erhobenen Daten erm\u00f6glichen eine Produktion im Sinne von Industrie 4.0.<\/p>\n<hr \/>\n<div class=\"row download\">\n<div class=\"col-md-7\">\n<h3>In K\u00fcrze<\/h3>\n<ul>\n<li>Breites Anwendungsspektrum: Punkt zu Punkt bis hin zu komplexen Mehrachsanwendungen<\/li>\n<li>Serielle Kommunikation, Feldbusse und real-time ETHERNET<\/li>\n<li>Abfahren von intern gespeicherten Verfahrprofilen oder Programmsequenzen<\/li>\n<li>Kontrolle von Position, Geschwindigkeit, Beschleunigung und Kraft<\/li>\n<li>Integrierte Sicherheitsfunktionen zur Abschaltung der Endstufe<\/li>\n<li>Kompakte Bauweise und einfache Inbetriebnahme<\/li>\n<\/ul>\n<\/div>\n<div class=\"col-md-5\">\n<div class=\"brlbs-cmpnt-container brlbs-cmpnt-content-blocker brlbs-cmpnt-with-individual-styles\" data-borlabs-cookie-content-blocker-id=\"youtube-content-blocker\" data-borlabs-cookie-content=\"PGlmcmFtZSB0aXRsZT0iWW91VHViZSB2aWRlbyBwbGF5ZXIiIHNyYz0iaHR0cHM6Ly93d3cueW91dHViZS1ub2Nvb2tpZS5jb20vZW1iZWQvT0hVaFJlMzBpNHc\/c3RhcnQ9NDYiIHdpZHRoPSIzOTAiIGhlaWdodD0iMjgwIiBmcmFtZWJvcmRlcj0iMCIgYWxsb3dmdWxsc2NyZWVuPSJhbGxvd2Z1bGxzY3JlZW4iPjwvaWZyYW1lPg==\">\n<div class=\"brlbs-cmpnt-cb-preset-c brlbs-cmpnt-cb-youtube\">\n<div class=\"brlbs-cmpnt-cb-thumbnail\" style=\"background-image: url('https:\/\/linmot.com\/de\/wp-content\/uploads\/borlabs-cookie\/2\/yt_OHUhRe30i4w_hqdefault.jpg')\"><\/div>\n<div class=\"brlbs-cmpnt-cb-main\">\n<div class=\"brlbs-cmpnt-cb-play-button\"><\/div>\n<div class=\"brlbs-cmpnt-cb-content\">\n<p class=\"brlbs-cmpnt-cb-description\">Sie sehen gerade einen Platzhalterinhalt von <strong>YouTube<\/strong>. Um auf den eigentlichen Inhalt zuzugreifen, klicken Sie auf die Schaltfl\u00e4che unten. Bitte beachten Sie, dass dabei Daten an Drittanbieter weitergegeben werden.<\/p>\n<p> <a class=\"brlbs-cmpnt-cb-provider-toggle\" href=\"#\" data-borlabs-cookie-show-provider-information role=\"button\">Mehr Informationen<\/a> <\/div>\n<div class=\"brlbs-cmpnt-cb-buttons\"> <a class=\"brlbs-cmpnt-cb-btn\" href=\"#\" data-borlabs-cookie-unblock role=\"button\">Inhalt entsperren<\/a> <a class=\"brlbs-cmpnt-cb-btn\" href=\"#\" data-borlabs-cookie-accept-service role=\"button\" style=\"display: inherit\">Erforderlichen Service akzeptieren und Inhalte entsperren<\/a> <\/div>\n<\/p><\/div>\n<\/p><\/div>\n<\/div>\n<\/div>\n<\/div>\n<hr \/>\n<h2>Mehr zu den Servo Drives und Industrie 4.0<\/h2>\n<div class=\"row download\">\n<div class=\"col-md-4\">\n<ul>\n<li>Details zu den Servo Drives<\/li>\n<li>Verschiedene Feldbusschnittstellen<\/li>\n<li>Alle Vorteile auf einem Blick<\/li>\n<\/ul>\n<p><a class=\"button\" href=\"https:\/\/linmot.com\/de\/produkte\/servo-drives\/\" rel=\"noopener\">Zur Produktseite<\/a><br \/>\n<\/div>\n<div class=\"col-md-4\">\n<ul>\n<li>Datenbl\u00e4tter<\/li>\n<li>Installationsanleitungen<\/li>\n<li>Software<\/li>\n<\/ul>\n<p><a class=\"button\" href=\"https:\/\/shop.linmot.com\/E\/servo-drives.htm\" target=\"_same\" rel=\"noopener\">Zum e-Katalog<\/a><br \/>\n<\/div>\n<div class=\"col-md-4\">\n<ul>\n<li>Videos: Anwendungsbeispiele<\/li>\n<li>Videos: Demonstrationen<\/li>\n<li>Videos: Pick&#8217;n&#8217;Place<\/li>\n<\/ul>\n<p><a class=\"button\" href=\"https:\/\/www.youtube.com\/watch?v=4_6KI_5cmOo&amp;list=PLR_bmqMbOMGfULTXsg0BQSVWMkuZROPaW\" target=\"_same\" rel=\"noopener\">Zur Youtube-Playlist<\/a><br \/>\n<\/div>\n<\/div>\n<hr \/>\n<h3>Branchen-Beispiele<\/h3>\n<div class=\"row\">\n<div class=\"col-md-4\">\n<a href=\"https:\/\/linmot.com\/de\/branchen\/lebensmittel\/\">Lebensmittel<\/a><br \/>\n<img loading=\"lazy\" decoding=\"async\" class=\"alignnone wp-image-1975 size-full\" src=\"https:\/\/linmot.com\/de\/wp-content\/uploads\/sites\/2\/2021\/07\/icon-food.png\" alt=\"Food Industrie Industrie 4.0\" width=\"71\" height=\"39\" \/><br \/>\n<\/div>\n<div class=\"col-md-4\">\n<a href=\"https:\/\/linmot.com\/de\/branchen\/holzbearbeitung\/\">Holzbearbeitung<\/a><br \/>\n<img loading=\"lazy\" decoding=\"async\" class=\"alignnone wp-image-1976 size-full\" src=\"https:\/\/linmot.com\/de\/wp-content\/uploads\/sites\/2\/2021\/07\/icon-wood-machines.png\" alt=\"Holzbearbeitung - Industrie 4.0\" width=\"74\" height=\"40\" \/><br \/>\n<\/div>\n<div class=\"col-md-4\">\n<a href=\"https:\/\/linmot.com\/de\/branchen\/automobil\/\">Automobilindustrie<\/a><br \/>\n<img loading=\"lazy\" decoding=\"async\" class=\"alignnone wp-image-1977 size-full\" src=\"https:\/\/linmot.com\/de\/wp-content\/uploads\/sites\/2\/2021\/07\/icon-automotive.png\" alt=\"Automobilindustrie Industrie 4.0\" width=\"84\" height=\"35\" \/><br \/>\n<\/div>\n<\/div>\n<div class=\"row\">\n<div class=\"col-md-4\">\n<a href=\"https:\/\/linmot.com\/de\/branchen\/textil\/\">Textil<\/a><br \/>\n<img loading=\"lazy\" decoding=\"async\" class=\"alignnone wp-image-1978 size-full\" src=\"https:\/\/linmot.com\/de\/wp-content\/uploads\/sites\/2\/2021\/07\/icon-textile-machines.png\" alt=\"Textil Industrie 4.0\" width=\"71\" height=\"37\" \/><br \/>\n<\/div>\n<div class=\"col-md-4\">\n<a href=\"https:\/\/linmot.com\/de\/branchen\/laborautomation\/\">Laborautomation<\/a><br \/>\n<img loading=\"lazy\" decoding=\"async\" class=\"wp-image-1980 size-full\" src=\"https:\/\/linmot.com\/de\/wp-content\/uploads\/sites\/2\/2021\/07\/icon-laboratory-automation.png\" alt=\"\" width=\"63\" height=\"48\" \/><br \/>\n<\/div>\n<div class=\"col-md-4\">\n<a href=\"https:\/\/linmot.com\/de\/branchen\/drucken-etikettieren\/\">Drucken &amp; Etikettieren<\/a><br \/>\n<img loading=\"lazy\" decoding=\"async\" class=\"wp-image-1979 size-full\" src=\"https:\/\/linmot.com\/de\/wp-content\/uploads\/sites\/2\/2021\/07\/icon-drucken-etikettieren.png\" alt=\"\" width=\"62\" height=\"56\" \/><br \/>\n<\/div>\n<\/div>\n<div class=\"row\">\n<div class=\"col-md-4\">\n<a href=\"https:\/\/linmot.com\/de\/branchen\/medizin-pharma\/\">Medizin &amp; Pharma<\/a><br \/>\n<img loading=\"lazy\" decoding=\"async\" class=\"alignnone wp-image-2020 size-full\" src=\"https:\/\/linmot.com\/de\/wp-content\/uploads\/sites\/2\/2021\/07\/icon-pharma.jpg\" alt=\"\" width=\"63\" height=\"48\" \/><br \/>\n<\/div>\n<div class=\"col-md-4\">\n<a href=\"https:\/\/linmot.com\/de\/branchen\/lebensmittel\/\">Getr\u00e4nkeindustrie<\/a><br \/>\n<img loading=\"lazy\" decoding=\"async\" class=\"alignnone wp-image-2021 size-full\" src=\"https:\/\/linmot.com\/de\/wp-content\/uploads\/sites\/2\/2021\/07\/icon-food-beverage.png\" alt=\"\" width=\"92\" height=\"40\" \/><br \/>\n<\/div>\n<div class=\"col-md-4\">\n<a href=\"https:\/\/linmot.com\/de\/branchen\/handling-montage\/\">Montagetechnik<\/a><br \/>\n<img loading=\"lazy\" decoding=\"async\" class=\"alignnone wp-image-2022 size-full\" src=\"https:\/\/linmot.com\/de\/wp-content\/uploads\/sites\/2\/2021\/07\/icon-montage.png\" alt=\"\" width=\"63\" height=\"48\" \/><br \/>\n<\/div>\n<\/div>\n<hr \/>\n<h3>Fragen zu den Servo Drives und Industrie 4.0?<\/h3>\n<div class=\"row download\">\n<div class=\"col-md-8\">\n<p class=\"bodytext\">Wir stehen Ihnen f\u00fcr Fragen rund um die Servo Drives gerne zur Verf\u00fcgung.<br \/>\nMelden Sie sich hierf\u00fcr \u00fcber das folgende Formular bei uns oder rufen Sie uns an unter:<\/p>\n<p class=\"bodytext\">Tel: +49 (0)201 858940 0<\/p>\n<p class=\"bodytext\">Das LinMot-Team<\/p>\n<\/div>\n<div class=\"col-md-4\">\n\n<div class=\"wpcf7 no-js\" id=\"wpcf7-f1617-o1\" lang=\"de-DE\" dir=\"ltr\" data-wpcf7-id=\"1617\">\n<div class=\"screen-reader-response\"><p role=\"status\" aria-live=\"polite\" aria-atomic=\"true\"><\/p> <ul><\/ul><\/div>\n<form action=\"\/de\/wp-json\/wp\/v2\/pages\/2059#wpcf7-f1617-o1\" method=\"post\" class=\"wpcf7-form init\" aria-label=\"Kontaktformular\" novalidate=\"novalidate\" data-status=\"init\">\n<fieldset class=\"hidden-fields-container\"><input type=\"hidden\" name=\"_wpcf7\" value=\"1617\" \/><input type=\"hidden\" name=\"_wpcf7_version\" value=\"6.1.5\" \/><input type=\"hidden\" name=\"_wpcf7_locale\" value=\"de_DE\" \/><input type=\"hidden\" name=\"_wpcf7_unit_tag\" value=\"wpcf7-f1617-o1\" \/><input type=\"hidden\" name=\"_wpcf7_container_post\" value=\"0\" \/><input type=\"hidden\" name=\"_wpcf7_posted_data_hash\" value=\"\" \/><input type=\"hidden\" name=\"_wpcf7_recaptcha_response\" value=\"\" \/>\n<\/fieldset>\n<label> Ihr Name<br>\n    <span class=\"wpcf7-form-control-wrap\" data-name=\"your-name\"><input size=\"40\" maxlength=\"400\" class=\"wpcf7-form-control wpcf7-text wpcf7-validates-as-required\" aria-required=\"true\" aria-invalid=\"false\" value=\"\" type=\"text\" name=\"your-name\" \/><\/span> <\/label>\n<br>\n<label> Ihre Firma<br>\n    <span class=\"wpcf7-form-control-wrap\" data-name=\"your-company\"><input size=\"40\" maxlength=\"400\" class=\"wpcf7-form-control wpcf7-text wpcf7-validates-as-required\" aria-required=\"true\" aria-invalid=\"false\" value=\"\" type=\"text\" name=\"your-company\" \/><\/span> <\/label>\n<br>\n<label> Postleitzahl<br>\n    <span class=\"wpcf7-form-control-wrap\" data-name=\"your-plz\"><input class=\"wpcf7-form-control wpcf7-number wpcf7-validates-as-required wpcf7-validates-as-number\" aria-required=\"true\" aria-invalid=\"false\" value=\"\" type=\"number\" name=\"your-plz\" \/><\/span> <\/label>\n<br>\n<label> Land<br>\n    <span class=\"wpcf7-form-control-wrap\" data-name=\"your-country\"><input size=\"40\" maxlength=\"400\" class=\"wpcf7-form-control wpcf7-text wpcf7-validates-as-required\" aria-required=\"true\" aria-invalid=\"false\" value=\"\" type=\"text\" name=\"your-country\" \/><\/span> <\/label>\n<br>\n<label> Telefonnummer<br>\n    <span class=\"wpcf7-form-control-wrap\" data-name=\"your-telephone\"><input size=\"40\" maxlength=\"400\" class=\"wpcf7-form-control wpcf7-tel wpcf7-text wpcf7-validates-as-tel\" aria-invalid=\"false\" value=\"\" type=\"tel\" name=\"your-telephone\" \/><\/span> <\/label>\n<br>\n<label> E-Mail-Adresse<br>\n    <span class=\"wpcf7-form-control-wrap\" data-name=\"your-email\"><input size=\"40\" maxlength=\"400\" class=\"wpcf7-form-control wpcf7-email wpcf7-validates-as-required wpcf7-text wpcf7-validates-as-email\" aria-required=\"true\" aria-invalid=\"false\" value=\"\" type=\"email\" name=\"your-email\" \/><\/span> <\/label>\n<br>\n<label> Ihre Frage<br>\n    <span class=\"wpcf7-form-control-wrap\" data-name=\"your-message\"><textarea cols=\"40\" rows=\"10\" maxlength=\"2000\" class=\"wpcf7-form-control wpcf7-textarea\" aria-invalid=\"false\" name=\"your-message\"><\/textarea><\/span> <\/label>\n<br>\n<input class=\"wpcf7-form-control wpcf7-submit has-spinner\" type=\"submit\" value=\"Senden\" \/><div class=\"wpcf7-response-output\" aria-hidden=\"true\"><\/div>\n<\/form>\n<\/div>\n\n<\/div>\n<\/div>\n","protected":false},"excerpt":{"rendered":"<p>LinMot Servo Drives sind kompakte Positioniersteuerungen mit einem oder mehreren Leistungsteilen zur Ansteuerung der Motoren sowie einem intelligenten Steuerteil mit integrierter Positionsregelung. Die umfassende Auswahl an LinMot Servo Drives bestechen durch ihre Schnelligkeit, hohe Flexibilit\u00e4t und den grossen Funktionsumfang. Zudem lassen sie sich spielendleicht in jede Art von Anwendung integrieren. Die Konzeption unserer Antriebe sind [&hellip;]<\/p>\n","protected":false},"author":9,"featured_media":0,"parent":0,"menu_order":117,"comment_status":"closed","ping_status":"closed","template":"","meta":{"_acf_changed":false,"footnotes":""},"class_list":["post-2059","page","type-page","status-publish","hentry"],"acf":[],"yoast_head":"<!-- This site is optimized with the Yoast SEO Premium plugin v20.9 (Yoast SEO v27.3) - https:\/\/yoast.com\/product\/yoast-seo-premium-wordpress\/ -->\n<title>Der Schl\u00fcssel zur Industrie 4.0: Servo Drives | LinMot<\/title>\n<meta name=\"description\" content=\"Das Steuerteil \u00fcbernimmt s\u00e4mtliche antriebsbezogenen Regel- und \u00dcberwachungsfunktionen und erm\u00f6glichen so eine Industrie 4.0 Produktion.\" \/>\n<meta name=\"robots\" content=\"index, follow, max-snippet:-1, max-image-preview:large, max-video-preview:-1\" \/>\n<link rel=\"canonical\" href=\"https:\/\/linmot.com\/de\/der-schluessel-zur-industrie-4-0-servo-drives\/\" \/>\n<meta property=\"og:locale\" content=\"de_DE\" \/>\n<meta property=\"og:type\" content=\"article\" \/>\n<meta property=\"og:title\" content=\"Der Schl\u00fcssel zur Industrie 4.0: Servo Drives\" \/>\n<meta property=\"og:description\" content=\"Das Steuerteil \u00fcbernimmt s\u00e4mtliche antriebsbezogenen Regel- und \u00dcberwachungsfunktionen und erm\u00f6glichen so eine Industrie 4.0 Produktion.\" \/>\n<meta property=\"og:url\" content=\"https:\/\/linmot.com\/de\/der-schluessel-zur-industrie-4-0-servo-drives\/\" \/>\n<meta property=\"og:site_name\" content=\"LinMot &amp; MagSpring - Deutsch\" \/>\n<meta property=\"article:modified_time\" content=\"2023-05-17T14:35:01+00:00\" \/>\n<meta property=\"og:image\" content=\"https:\/\/linmot.com\/de\/wp-content\/uploads\/sites\/2\/2022\/03\/servo-drive-uberblick.jpg\" \/>\n\t<meta property=\"og:image:width\" content=\"1521\" \/>\n\t<meta property=\"og:image:height\" content=\"922\" \/>\n\t<meta property=\"og:image:type\" content=\"image\/jpeg\" \/>\n<meta name=\"twitter:card\" content=\"summary_large_image\" \/>\n<meta name=\"twitter:title\" content=\"Der Schl\u00fcssel zur Industrie 4.0: Servo Drives\" \/>\n<meta name=\"twitter:description\" content=\"Das Steuerteil \u00fcbernimmt s\u00e4mtliche antriebsbezogenen Regel- und \u00dcberwachungsfunktionen und erm\u00f6glichen so eine Industrie 4.0 Produktion.\" \/>\n<meta name=\"twitter:image\" content=\"https:\/\/linmot.com\/de\/wp-content\/uploads\/sites\/2\/2022\/03\/servo-drive-uberblick.jpg\" \/>\n<meta name=\"twitter:label1\" content=\"Gesch\u00e4tzte Lesezeit\" \/>\n\t<meta name=\"twitter:data1\" content=\"4 Minuten\" \/>\n<script type=\"application\/ld+json\" class=\"yoast-schema-graph\">{\"@context\":\"https:\\\/\\\/schema.org\",\"@graph\":[{\"@type\":\"WebPage\",\"@id\":\"https:\\\/\\\/linmot.com\\\/de\\\/der-schluessel-zur-industrie-4-0-servo-drives\\\/\",\"url\":\"https:\\\/\\\/linmot.com\\\/de\\\/der-schluessel-zur-industrie-4-0-servo-drives\\\/\",\"name\":\"Der Schl\u00fcssel zur Industrie 4.0: Servo Drives | LinMot\",\"isPartOf\":{\"@id\":\"https:\\\/\\\/linmot.com\\\/de\\\/#website\"},\"primaryImageOfPage\":{\"@id\":\"https:\\\/\\\/linmot.com\\\/de\\\/der-schluessel-zur-industrie-4-0-servo-drives\\\/#primaryimage\"},\"image\":{\"@id\":\"https:\\\/\\\/linmot.com\\\/de\\\/der-schluessel-zur-industrie-4-0-servo-drives\\\/#primaryimage\"},\"thumbnailUrl\":\"https:\\\/\\\/linmot.com\\\/de\\\/wp-content\\\/uploads\\\/sites\\\/2\\\/2021\\\/07\\\/icon-food.png\",\"datePublished\":\"2021-07-29T11:57:37+00:00\",\"dateModified\":\"2023-05-17T14:35:01+00:00\",\"description\":\"Das Steuerteil \u00fcbernimmt s\u00e4mtliche antriebsbezogenen Regel- und \u00dcberwachungsfunktionen und erm\u00f6glichen so eine Industrie 4.0 Produktion.\",\"breadcrumb\":{\"@id\":\"https:\\\/\\\/linmot.com\\\/de\\\/der-schluessel-zur-industrie-4-0-servo-drives\\\/#breadcrumb\"},\"inLanguage\":\"de\",\"potentialAction\":[{\"@type\":\"ReadAction\",\"target\":[\"https:\\\/\\\/linmot.com\\\/de\\\/der-schluessel-zur-industrie-4-0-servo-drives\\\/\"]}]},{\"@type\":\"ImageObject\",\"inLanguage\":\"de\",\"@id\":\"https:\\\/\\\/linmot.com\\\/de\\\/der-schluessel-zur-industrie-4-0-servo-drives\\\/#primaryimage\",\"url\":\"https:\\\/\\\/linmot.com\\\/de\\\/wp-content\\\/uploads\\\/sites\\\/2\\\/2021\\\/07\\\/icon-food.png\",\"contentUrl\":\"https:\\\/\\\/linmot.com\\\/de\\\/wp-content\\\/uploads\\\/sites\\\/2\\\/2021\\\/07\\\/icon-food.png\",\"width\":71,\"height\":39,\"caption\":\"Icon f\u00fcr Lebensmittelbranche\"},{\"@type\":\"BreadcrumbList\",\"@id\":\"https:\\\/\\\/linmot.com\\\/de\\\/der-schluessel-zur-industrie-4-0-servo-drives\\\/#breadcrumb\",\"itemListElement\":[{\"@type\":\"ListItem\",\"position\":1,\"name\":\"LinMot\",\"item\":\"https:\\\/\\\/linmot.com\\\/de\\\/\"},{\"@type\":\"ListItem\",\"position\":2,\"name\":\"Der Schl\u00fcssel zur Industrie 4.0: Servo Drives\"}]},{\"@type\":\"WebSite\",\"@id\":\"https:\\\/\\\/linmot.com\\\/de\\\/#website\",\"url\":\"https:\\\/\\\/linmot.com\\\/de\\\/\",\"name\":\"LinMot & MagSpring - Industrielle Linearmotoren\",\"description\":\"Hochwertigen Linearmotoren und Linearmotorsystemen\",\"publisher\":{\"@id\":\"https:\\\/\\\/linmot.com\\\/de\\\/#organization\"},\"potentialAction\":[{\"@type\":\"SearchAction\",\"target\":{\"@type\":\"EntryPoint\",\"urlTemplate\":\"https:\\\/\\\/linmot.com\\\/de\\\/?s={search_term_string}\"},\"query-input\":{\"@type\":\"PropertyValueSpecification\",\"valueRequired\":true,\"valueName\":\"search_term_string\"}}],\"inLanguage\":\"de\"},{\"@type\":\"Organization\",\"@id\":\"https:\\\/\\\/linmot.com\\\/de\\\/#organization\",\"name\":\"NTI AG - LinMot & MagSpring\",\"url\":\"https:\\\/\\\/linmot.com\\\/de\\\/\",\"logo\":{\"@type\":\"ImageObject\",\"inLanguage\":\"de\",\"@id\":\"https:\\\/\\\/linmot.com\\\/de\\\/#\\\/schema\\\/logo\\\/image\\\/\",\"url\":\"https:\\\/\\\/linmot.com\\\/de\\\/wp-content\\\/uploads\\\/sites\\\/2\\\/2022\\\/01\\\/social-logo.jpg\",\"contentUrl\":\"https:\\\/\\\/linmot.com\\\/de\\\/wp-content\\\/uploads\\\/sites\\\/2\\\/2022\\\/01\\\/social-logo.jpg\",\"width\":800,\"height\":500,\"caption\":\"NTI AG - LinMot & MagSpring\"},\"image\":{\"@id\":\"https:\\\/\\\/linmot.com\\\/de\\\/#\\\/schema\\\/logo\\\/image\\\/\"},\"sameAs\":[\"https:\\\/\\\/www.linkedin.com\\\/company\\\/nti-ag-linmot-magspring\",\"https:\\\/\\\/www.youtube.com\\\/user\\\/LinMotEurope\",\"https:\\\/\\\/www.xing.com\\\/pages\\\/linmot-magspring\"]}]}<\/script>\n<!-- \/ Yoast SEO Premium plugin. -->","yoast_head_json":{"title":"Der Schl\u00fcssel zur Industrie 4.0: Servo Drives | LinMot","description":"Das Steuerteil \u00fcbernimmt s\u00e4mtliche antriebsbezogenen Regel- und \u00dcberwachungsfunktionen und erm\u00f6glichen so eine Industrie 4.0 Produktion.","robots":{"index":"index","follow":"follow","max-snippet":"max-snippet:-1","max-image-preview":"max-image-preview:large","max-video-preview":"max-video-preview:-1"},"canonical":"https:\/\/linmot.com\/de\/der-schluessel-zur-industrie-4-0-servo-drives\/","og_locale":"de_DE","og_type":"article","og_title":"Der Schl\u00fcssel zur Industrie 4.0: Servo Drives","og_description":"Das Steuerteil \u00fcbernimmt s\u00e4mtliche antriebsbezogenen Regel- und \u00dcberwachungsfunktionen und erm\u00f6glichen so eine Industrie 4.0 Produktion.","og_url":"https:\/\/linmot.com\/de\/der-schluessel-zur-industrie-4-0-servo-drives\/","og_site_name":"LinMot &amp; MagSpring - Deutsch","article_modified_time":"2023-05-17T14:35:01+00:00","og_image":[{"width":1521,"height":922,"url":"https:\/\/linmot.com\/de\/wp-content\/uploads\/sites\/2\/2022\/03\/servo-drive-uberblick.jpg","type":"image\/jpeg"}],"twitter_card":"summary_large_image","twitter_title":"Der Schl\u00fcssel zur Industrie 4.0: Servo Drives","twitter_description":"Das Steuerteil \u00fcbernimmt s\u00e4mtliche antriebsbezogenen Regel- und \u00dcberwachungsfunktionen und erm\u00f6glichen so eine Industrie 4.0 Produktion.","twitter_image":"https:\/\/linmot.com\/de\/wp-content\/uploads\/sites\/2\/2022\/03\/servo-drive-uberblick.jpg","twitter_misc":{"Gesch\u00e4tzte Lesezeit":"4 Minuten"},"schema":{"@context":"https:\/\/schema.org","@graph":[{"@type":"WebPage","@id":"https:\/\/linmot.com\/de\/der-schluessel-zur-industrie-4-0-servo-drives\/","url":"https:\/\/linmot.com\/de\/der-schluessel-zur-industrie-4-0-servo-drives\/","name":"Der Schl\u00fcssel zur Industrie 4.0: Servo Drives | LinMot","isPartOf":{"@id":"https:\/\/linmot.com\/de\/#website"},"primaryImageOfPage":{"@id":"https:\/\/linmot.com\/de\/der-schluessel-zur-industrie-4-0-servo-drives\/#primaryimage"},"image":{"@id":"https:\/\/linmot.com\/de\/der-schluessel-zur-industrie-4-0-servo-drives\/#primaryimage"},"thumbnailUrl":"https:\/\/linmot.com\/de\/wp-content\/uploads\/sites\/2\/2021\/07\/icon-food.png","datePublished":"2021-07-29T11:57:37+00:00","dateModified":"2023-05-17T14:35:01+00:00","description":"Das Steuerteil \u00fcbernimmt s\u00e4mtliche antriebsbezogenen Regel- und \u00dcberwachungsfunktionen und erm\u00f6glichen so eine Industrie 4.0 Produktion.","breadcrumb":{"@id":"https:\/\/linmot.com\/de\/der-schluessel-zur-industrie-4-0-servo-drives\/#breadcrumb"},"inLanguage":"de","potentialAction":[{"@type":"ReadAction","target":["https:\/\/linmot.com\/de\/der-schluessel-zur-industrie-4-0-servo-drives\/"]}]},{"@type":"ImageObject","inLanguage":"de","@id":"https:\/\/linmot.com\/de\/der-schluessel-zur-industrie-4-0-servo-drives\/#primaryimage","url":"https:\/\/linmot.com\/de\/wp-content\/uploads\/sites\/2\/2021\/07\/icon-food.png","contentUrl":"https:\/\/linmot.com\/de\/wp-content\/uploads\/sites\/2\/2021\/07\/icon-food.png","width":71,"height":39,"caption":"Icon f\u00fcr Lebensmittelbranche"},{"@type":"BreadcrumbList","@id":"https:\/\/linmot.com\/de\/der-schluessel-zur-industrie-4-0-servo-drives\/#breadcrumb","itemListElement":[{"@type":"ListItem","position":1,"name":"LinMot","item":"https:\/\/linmot.com\/de\/"},{"@type":"ListItem","position":2,"name":"Der Schl\u00fcssel zur Industrie 4.0: Servo Drives"}]},{"@type":"WebSite","@id":"https:\/\/linmot.com\/de\/#website","url":"https:\/\/linmot.com\/de\/","name":"LinMot & MagSpring - Industrielle Linearmotoren","description":"Hochwertigen Linearmotoren und Linearmotorsystemen","publisher":{"@id":"https:\/\/linmot.com\/de\/#organization"},"potentialAction":[{"@type":"SearchAction","target":{"@type":"EntryPoint","urlTemplate":"https:\/\/linmot.com\/de\/?s={search_term_string}"},"query-input":{"@type":"PropertyValueSpecification","valueRequired":true,"valueName":"search_term_string"}}],"inLanguage":"de"},{"@type":"Organization","@id":"https:\/\/linmot.com\/de\/#organization","name":"NTI AG - LinMot & MagSpring","url":"https:\/\/linmot.com\/de\/","logo":{"@type":"ImageObject","inLanguage":"de","@id":"https:\/\/linmot.com\/de\/#\/schema\/logo\/image\/","url":"https:\/\/linmot.com\/de\/wp-content\/uploads\/sites\/2\/2022\/01\/social-logo.jpg","contentUrl":"https:\/\/linmot.com\/de\/wp-content\/uploads\/sites\/2\/2022\/01\/social-logo.jpg","width":800,"height":500,"caption":"NTI AG - LinMot & MagSpring"},"image":{"@id":"https:\/\/linmot.com\/de\/#\/schema\/logo\/image\/"},"sameAs":["https:\/\/www.linkedin.com\/company\/nti-ag-linmot-magspring","https:\/\/www.youtube.com\/user\/LinMotEurope","https:\/\/www.xing.com\/pages\/linmot-magspring"]}]}},"_links":{"self":[{"href":"https:\/\/linmot.com\/de\/wp-json\/wp\/v2\/pages\/2059","targetHints":{"allow":["GET"]}}],"collection":[{"href":"https:\/\/linmot.com\/de\/wp-json\/wp\/v2\/pages"}],"about":[{"href":"https:\/\/linmot.com\/de\/wp-json\/wp\/v2\/types\/page"}],"author":[{"embeddable":true,"href":"https:\/\/linmot.com\/de\/wp-json\/wp\/v2\/users\/9"}],"replies":[{"embeddable":true,"href":"https:\/\/linmot.com\/de\/wp-json\/wp\/v2\/comments?post=2059"}],"version-history":[{"count":14,"href":"https:\/\/linmot.com\/de\/wp-json\/wp\/v2\/pages\/2059\/revisions"}],"predecessor-version":[{"id":4328,"href":"https:\/\/linmot.com\/de\/wp-json\/wp\/v2\/pages\/2059\/revisions\/4328"}],"wp:attachment":[{"href":"https:\/\/linmot.com\/de\/wp-json\/wp\/v2\/media?parent=2059"}],"curies":[{"name":"wp","href":"https:\/\/api.w.org\/{rel}","templated":true}]}}