{"id":1958,"date":"2021-07-19T15:33:15","date_gmt":"2021-07-19T13:33:15","guid":{"rendered":"https:\/\/linmot.com\/de\/?page_id=1958"},"modified":"2022-11-14T13:49:29","modified_gmt":"2022-11-14T12:49:29","slug":"linear-und-rotationsbewegungen-in-einem-hubdreh-motoren","status":"publish","type":"page","link":"https:\/\/linmot.com\/de\/linear-und-rotationsbewegungen-in-einem-hubdreh-motoren\/","title":{"rendered":"Linear- und Rotationsbewegungen in Einem: Hubdreh-Motoren"},"content":{"rendered":"<p><strong>Hubdreh-Motoren von LinMot zeichnen sich durch eine ausgezeichnete Flexibilit\u00e4t, Dynamik und Geschwindigkeit aus. Sie kombinieren in nur einem schlanken Geh\u00e4use zwei elektromagnetische Servomotoren und erm\u00f6glichen dadurch auf einfachste Weise kombinierte Linear- und Rotationsbewegungen.<\/strong><\/p>\n<p>Das fix-fertige Maschinenelement bietet des Weiteren eine Palette von Optionen an, welche bei der Realisierung von komplexer Prozessabl\u00e4ufen unterst\u00fctzen k\u00f6nnen. So kann der Maschinenbauer u.a. von der Luftdurchf\u00fchrung durch die Hohlwelle \u00fcber Komponenten zur Kompensierung der Gewichtskraft (MagSpring) bis hin zu integrierten, kalibrierbaren Sensoren zur Erfassung von Drehmoment und Kraft ausw\u00e4hlen und sein Hubdreh-Motor perfekt an die jeweiligen Anwendungsbed\u00fcrfnissen anpassen.<\/p>\n<p>Anwender profitieren beim smarten Aufbau der LinMot Hubdreh-Motoren aber auch vom hygienischen Design mit einfach zu reinigenden Oberfl\u00e4chen. Reicht dies nicht aus kann die optionale Edelstahlfront oder gleich das gesamte Modul in Edelstahl bei Anwendungen mit speziellen Anforderungen an die zu reinigende Oberfl\u00e4che sicherlich Abhilfe schaffen.<\/p>\n<hr \/>\n<div class=\"row download\">\n<div class=\"col-md-7\">\n<h3>In K\u00fcrze<\/h3>\n<ul>\n<li>Hochdynamischer linearer und rotativer Direktantrieb<\/li>\n<li>Unabh\u00e4ngige lineare und rotative Bewegungen \u2013 bei Bedarf synchronisierbar<\/li>\n<li>Programmierbare Presskr\u00e4fte und Drehmomente<\/li>\n<li>Optional mit Luftdurchf\u00fchrung oder Pusher zum Ausstossen gegriffener Elemente<\/li>\n<li>Optional mit MagSpring f\u00fcr Lastkompensation<\/li>\n<li>Optional komplett in Edelstahl f\u00fcr Anwendungen mit hohen Hygieneanforderungen<\/li>\n<\/ul>\n<\/div>\n<div class=\"col-md-5\">\n<div class=\"brlbs-cmpnt-container brlbs-cmpnt-content-blocker brlbs-cmpnt-with-individual-styles\" data-borlabs-cookie-content-blocker-id=\"youtube-content-blocker\" data-borlabs-cookie-content=\"PGlmcmFtZSB0aXRsZT0iWW91VHViZSB2aWRlbyBwbGF5ZXIiIHNyYz0iaHR0cHM6Ly93d3cueW91dHViZS1ub2Nvb2tpZS5jb20vZW1iZWQvUkkwOWpGWVVfYjAiIHdpZHRoPSIzOTAiIGhlaWdodD0iMjgwIiBmcmFtZWJvcmRlcj0iMCIgYWxsb3dmdWxsc2NyZWVuPSJhbGxvd2Z1bGxzY3JlZW4iPjwvaWZyYW1lPg==\">\n<div class=\"brlbs-cmpnt-cb-preset-c brlbs-cmpnt-cb-youtube\">\n<div class=\"brlbs-cmpnt-cb-thumbnail\" style=\"background-image: url('https:\/\/linmot.com\/de\/wp-content\/uploads\/borlabs-cookie\/2\/yt_RI09jFYU_b0_hqdefault.jpg')\"><\/div>\n<div class=\"brlbs-cmpnt-cb-main\">\n<div class=\"brlbs-cmpnt-cb-play-button\"><\/div>\n<div class=\"brlbs-cmpnt-cb-content\">\n<p class=\"brlbs-cmpnt-cb-description\">Sie sehen gerade einen Platzhalterinhalt von <strong>YouTube<\/strong>. Um auf den eigentlichen Inhalt zuzugreifen, klicken Sie auf die Schaltfl\u00e4che unten. Bitte beachten Sie, dass dabei Daten an Drittanbieter weitergegeben werden.<\/p>\n<p> <a class=\"brlbs-cmpnt-cb-provider-toggle\" href=\"#\" data-borlabs-cookie-show-provider-information role=\"button\">Mehr Informationen<\/a> <\/div>\n<div class=\"brlbs-cmpnt-cb-buttons\"> <a class=\"brlbs-cmpnt-cb-btn\" href=\"#\" data-borlabs-cookie-unblock role=\"button\">Inhalt entsperren<\/a> <a class=\"brlbs-cmpnt-cb-btn\" href=\"#\" data-borlabs-cookie-accept-service role=\"button\" style=\"display: inherit\">Erforderlichen Service akzeptieren und Inhalte entsperren<\/a> <\/div>\n<\/p><\/div>\n<\/p><\/div>\n<\/div>\n<\/div>\n<\/div>\n<hr \/>\n<h3>Mehr zu den Hubdreh-Motoren<\/h3>\n<div class=\"row download\">\n<div class=\"col-md-4\">\n<ul>\n<li>Details zu den Hubdreh-Motoren<\/li>\n<li>Anwendungsberichte<\/li>\n<li>Funktionsweise im Detail<\/li>\n<\/ul>\n<p><a class=\"button\" href=\"https:\/\/linmot.com\/de\/produkte\/hubdreh-motoren-uebersicht\/\" target=\"_same\" rel=\"noopener\">Zur Produktseite<\/a><br \/>\n<\/div>\n<div class=\"col-md-4\">\n<ul>\n<li>Datenbl\u00e4tter<\/li>\n<li>Installationsanleitungen<\/li>\n<li>Software<\/li>\n<\/ul>\n<p><a class=\"button\" href=\"https:\/\/shop.linmot.com\/D\/hubdreh-motoren.htm\" target=\"_same\" rel=\"noopener\">Zum e-Katalog<\/a><br \/>\n<\/div>\n<div class=\"col-md-4\">\n<ul>\n<li>Videos: Anwendungsbeispiele<\/li>\n<li>Videos: Demonstrationen<\/li>\n<li>Videos: Verschliessen<\/li>\n<\/ul>\n<p><a class=\"button\" href=\"https:\/\/www.youtube.com\/watch?v=RI09jFYU_b0&amp;list=PLR_bmqMbOMGfR-MC7h604JylfqYOIe_B7\" target=\"_same\" rel=\"noopener\">Zur Youtube-Playliste<\/a><br \/>\n<\/div>\n<\/div>\n<hr \/>\n<h3>Branchen-Beispiele<\/h3>\n<div class=\"row\">\n<div class=\"col-md-4\">\n<a href=\"https:\/\/linmot.com\/de\/branchen\/lebensmittel\/\">Lebensmittel<\/a><br \/>\n<img loading=\"lazy\" decoding=\"async\" class=\"size-full wp-image-1975\" src=\"https:\/\/linmot.com\/de\/wp-content\/uploads\/sites\/2\/2021\/07\/icon-food.png\" alt=\"\" width=\"71\" height=\"39\" \/><br \/>\n<\/div>\n<div class=\"col-md-4\">\n<a href=\"https:\/\/linmot.com\/de\/branchen\/holzbearbeitung\/\">Holzbearbeitung<\/a><br \/>\n<img loading=\"lazy\" decoding=\"async\" class=\"wp-image-1976 size-full\" src=\"https:\/\/linmot.com\/de\/wp-content\/uploads\/sites\/2\/2021\/07\/icon-wood-machines.png\" alt=\"\" width=\"74\" height=\"40\" \/><br \/>\n<\/div>\n<div class=\"col-md-4\">\n<a href=\"https:\/\/linmot.com\/de\/branchen\/automobil\/\">Automobilindustrie<\/a><br \/>\n<img loading=\"lazy\" decoding=\"async\" class=\"wp-image-1977 size-full\" src=\"https:\/\/linmot.com\/de\/wp-content\/uploads\/sites\/2\/2021\/07\/icon-automotive.png\" alt=\"\" width=\"84\" height=\"35\" \/><br \/>\n<\/div>\n<\/div>\n<div class=\"row\">\n<div class=\"col-md-4\">\n<a href=\"https:\/\/linmot.com\/de\/branchen\/textil\/\">Textil<\/a><br \/>\n<img loading=\"lazy\" decoding=\"async\" class=\"wp-image-1978 size-full\" src=\"https:\/\/linmot.com\/de\/wp-content\/uploads\/sites\/2\/2021\/07\/icon-textile-machines.png\" alt=\"\" width=\"71\" height=\"37\" \/><br \/>\n<\/div>\n<div class=\"col-md-4\">\n<a href=\"https:\/\/linmot.com\/de\/branchen\/laborautomation\/\">Laborautomation<\/a><br \/>\n<img loading=\"lazy\" decoding=\"async\" class=\"wp-image-1980 size-full\" src=\"https:\/\/linmot.com\/de\/wp-content\/uploads\/sites\/2\/2021\/07\/icon-laboratory-automation.png\" alt=\"\" width=\"63\" height=\"48\" \/><br \/>\n<\/div>\n<div class=\"col-md-4\">\n<a href=\"https:\/\/linmot.com\/de\/branchen\/drucken-etikettieren\/\">Drucken &amp; Etikettieren<\/a><br \/>\n<img loading=\"lazy\" decoding=\"async\" class=\"wp-image-1979 size-full\" src=\"https:\/\/linmot.com\/de\/wp-content\/uploads\/sites\/2\/2021\/07\/icon-drucken-etikettieren.png\" alt=\"\" width=\"62\" height=\"56\" \/><br \/>\n<\/div>\n<\/div>\n<div class=\"row\">\n<div class=\"col-md-4\">\n<a href=\"https:\/\/linmot.com\/de\/branchen\/medizin-pharma\/\">Medizin &amp; Pharma<\/a><br \/>\n<img loading=\"lazy\" decoding=\"async\" class=\"alignnone wp-image-2020 size-full\" src=\"https:\/\/linmot.com\/de\/wp-content\/uploads\/sites\/2\/2021\/07\/icon-pharma.jpg\" alt=\"\" width=\"63\" height=\"48\" \/><br \/>\n<\/div>\n<div class=\"col-md-4\">\n<a href=\"https:\/\/linmot.com\/de\/branchen\/lebensmittel\/\">Getr\u00e4nkeindustrie<\/a><br \/>\n<img loading=\"lazy\" decoding=\"async\" class=\"alignnone wp-image-2021 size-full\" src=\"https:\/\/linmot.com\/de\/wp-content\/uploads\/sites\/2\/2021\/07\/icon-food-beverage.png\" alt=\"\" width=\"92\" height=\"40\" \/><br \/>\n<\/div>\n<div class=\"col-md-4\">\n<a href=\"https:\/\/linmot.com\/de\/branchen\/handling-montage\/\">Montagetechnik<\/a><br \/>\n<img loading=\"lazy\" decoding=\"async\" class=\"alignnone wp-image-2022 size-full\" src=\"https:\/\/linmot.com\/de\/wp-content\/uploads\/sites\/2\/2021\/07\/icon-montage.png\" alt=\"\" width=\"63\" height=\"48\" \/><br \/>\n<\/div>\n<\/div>\n<hr \/>\n<h3>Fragen zu den Hubdreh-Motoren?<\/h3>\n<div class=\"row download\">\n<div class=\"col-md-8\">\n<p class=\"bodytext\">Wir stehen Ihnen f\u00fcr Fragen rund um die HubDreh-Motoren gerne zur Verf\u00fcgung.<br \/>\nMelden Sie sich hierf\u00fcr \u00fcber das folgende Formular bei uns oder rufen Sie uns an unter:<\/p>\n<p class=\"bodytext\">Tel: +49 (0)201 858940 0<\/p>\n<p class=\"bodytext\">Das LinMot-Team<\/p>\n<\/div>\n<div class=\"col-md-4\">\n\n<div class=\"wpcf7 no-js\" id=\"wpcf7-f1617-o1\" lang=\"de-DE\" dir=\"ltr\" data-wpcf7-id=\"1617\">\n<div class=\"screen-reader-response\"><p role=\"status\" aria-live=\"polite\" aria-atomic=\"true\"><\/p> <ul><\/ul><\/div>\n<form action=\"\/de\/wp-json\/wp\/v2\/pages\/1958#wpcf7-f1617-o1\" method=\"post\" class=\"wpcf7-form init\" aria-label=\"Kontaktformular\" novalidate=\"novalidate\" data-status=\"init\">\n<fieldset class=\"hidden-fields-container\"><input type=\"hidden\" name=\"_wpcf7\" value=\"1617\" \/><input type=\"hidden\" name=\"_wpcf7_version\" value=\"6.1.5\" \/><input type=\"hidden\" name=\"_wpcf7_locale\" value=\"de_DE\" \/><input type=\"hidden\" name=\"_wpcf7_unit_tag\" value=\"wpcf7-f1617-o1\" \/><input type=\"hidden\" name=\"_wpcf7_container_post\" value=\"0\" \/><input type=\"hidden\" name=\"_wpcf7_posted_data_hash\" value=\"\" \/><input type=\"hidden\" name=\"_wpcf7_recaptcha_response\" value=\"\" \/>\n<\/fieldset>\n<label> Ihr Name<br>\n    <span class=\"wpcf7-form-control-wrap\" data-name=\"your-name\"><input size=\"40\" maxlength=\"400\" class=\"wpcf7-form-control wpcf7-text wpcf7-validates-as-required\" aria-required=\"true\" aria-invalid=\"false\" value=\"\" type=\"text\" name=\"your-name\" \/><\/span> <\/label>\n<br>\n<label> Ihre Firma<br>\n    <span class=\"wpcf7-form-control-wrap\" data-name=\"your-company\"><input size=\"40\" maxlength=\"400\" class=\"wpcf7-form-control wpcf7-text wpcf7-validates-as-required\" aria-required=\"true\" aria-invalid=\"false\" value=\"\" type=\"text\" name=\"your-company\" \/><\/span> <\/label>\n<br>\n<label> Postleitzahl<br>\n    <span class=\"wpcf7-form-control-wrap\" data-name=\"your-plz\"><input class=\"wpcf7-form-control wpcf7-number wpcf7-validates-as-required wpcf7-validates-as-number\" aria-required=\"true\" aria-invalid=\"false\" value=\"\" type=\"number\" name=\"your-plz\" \/><\/span> <\/label>\n<br>\n<label> Land<br>\n    <span class=\"wpcf7-form-control-wrap\" data-name=\"your-country\"><input size=\"40\" maxlength=\"400\" class=\"wpcf7-form-control wpcf7-text wpcf7-validates-as-required\" aria-required=\"true\" aria-invalid=\"false\" value=\"\" type=\"text\" name=\"your-country\" \/><\/span> <\/label>\n<br>\n<label> Telefonnummer<br>\n    <span class=\"wpcf7-form-control-wrap\" data-name=\"your-telephone\"><input size=\"40\" maxlength=\"400\" class=\"wpcf7-form-control wpcf7-tel wpcf7-text wpcf7-validates-as-tel\" aria-invalid=\"false\" value=\"\" type=\"tel\" name=\"your-telephone\" \/><\/span> <\/label>\n<br>\n<label> E-Mail-Adresse<br>\n    <span class=\"wpcf7-form-control-wrap\" data-name=\"your-email\"><input size=\"40\" maxlength=\"400\" class=\"wpcf7-form-control wpcf7-email wpcf7-validates-as-required wpcf7-text wpcf7-validates-as-email\" aria-required=\"true\" aria-invalid=\"false\" value=\"\" type=\"email\" name=\"your-email\" \/><\/span> <\/label>\n<br>\n<label> Ihre Frage<br>\n    <span class=\"wpcf7-form-control-wrap\" data-name=\"your-message\"><textarea cols=\"40\" rows=\"10\" maxlength=\"2000\" class=\"wpcf7-form-control wpcf7-textarea\" aria-invalid=\"false\" name=\"your-message\"><\/textarea><\/span> <\/label>\n<br>\n<input class=\"wpcf7-form-control wpcf7-submit has-spinner\" type=\"submit\" value=\"Senden\" \/><div class=\"wpcf7-response-output\" aria-hidden=\"true\"><\/div>\n<\/form>\n<\/div>\n\n<\/div>\n<\/div>\n","protected":false},"excerpt":{"rendered":"<p>Hubdreh-Motoren von LinMot zeichnen sich durch eine ausgezeichnete Flexibilit\u00e4t, Dynamik und Geschwindigkeit aus. Sie kombinieren in nur einem schlanken Geh\u00e4use zwei elektromagnetische Servomotoren und erm\u00f6glichen dadurch auf einfachste Weise kombinierte Linear- und Rotationsbewegungen. Das fix-fertige Maschinenelement bietet des Weiteren eine Palette von Optionen an, welche bei der Realisierung von komplexer Prozessabl\u00e4ufen unterst\u00fctzen k\u00f6nnen. So kann [&hellip;]<\/p>\n","protected":false},"author":9,"featured_media":0,"parent":0,"menu_order":123,"comment_status":"closed","ping_status":"closed","template":"","meta":{"_acf_changed":false,"footnotes":""},"class_list":["post-1958","page","type-page","status-publish","hentry"],"acf":[],"yoast_head":"<!-- This site is optimized with the Yoast SEO Premium plugin v20.9 (Yoast SEO v27.2) - https:\/\/yoast.com\/product\/yoast-seo-premium-wordpress\/ -->\n<title>Linear- und Rotationsbewegungen in Einem: Hubdreh-Motoren | LinMot<\/title>\n<meta name=\"description\" content=\"Hubdreh-Motoren kombinieren zwei Servomotoren in einem Geh\u00e4use und erm\u00f6glichen auf diese Weise kombinierte Linear- und Rotationsbewegungen.\" \/>\n<meta name=\"robots\" content=\"index, follow, max-snippet:-1, max-image-preview:large, max-video-preview:-1\" \/>\n<link rel=\"canonical\" href=\"https:\/\/linmot.com\/de\/linear-und-rotationsbewegungen-in-einem-hubdreh-motoren\/\" \/>\n<meta property=\"og:locale\" content=\"de_DE\" \/>\n<meta property=\"og:type\" content=\"article\" \/>\n<meta property=\"og:title\" content=\"Linear- und Rotationsbewegungen in Einem: Hubdreh-Motoren\" \/>\n<meta property=\"og:description\" content=\"Hubdreh-Motoren kombinieren zwei Servomotoren in einem Geh\u00e4use und erm\u00f6glichen auf diese Weise kombinierte Linear- und Rotationsbewegungen.\" \/>\n<meta property=\"og:url\" content=\"https:\/\/linmot.com\/de\/linear-und-rotationsbewegungen-in-einem-hubdreh-motoren\/\" \/>\n<meta property=\"og:site_name\" content=\"LinMot &amp; MagSpring - Deutsch\" \/>\n<meta property=\"article:modified_time\" content=\"2022-11-14T12:49:29+00:00\" \/>\n<meta property=\"og:image\" content=\"https:\/\/linmot.com\/de\/wp-content\/uploads\/sites\/2\/2021\/07\/icon-food.png\" \/>\n<meta name=\"twitter:card\" content=\"summary_large_image\" \/>\n<meta name=\"twitter:label1\" content=\"Gesch\u00e4tzte Lesezeit\" \/>\n\t<meta name=\"twitter:data1\" content=\"4 Minuten\" \/>\n<script type=\"application\/ld+json\" class=\"yoast-schema-graph\">{\"@context\":\"https:\/\/schema.org\",\"@graph\":[{\"@type\":\"WebPage\",\"@id\":\"https:\/\/linmot.com\/de\/linear-und-rotationsbewegungen-in-einem-hubdreh-motoren\/\",\"url\":\"https:\/\/linmot.com\/de\/linear-und-rotationsbewegungen-in-einem-hubdreh-motoren\/\",\"name\":\"Linear- und Rotationsbewegungen in Einem: Hubdreh-Motoren | LinMot\",\"isPartOf\":{\"@id\":\"https:\/\/linmot.com\/de\/#website\"},\"primaryImageOfPage\":{\"@id\":\"https:\/\/linmot.com\/de\/linear-und-rotationsbewegungen-in-einem-hubdreh-motoren\/#primaryimage\"},\"image\":{\"@id\":\"https:\/\/linmot.com\/de\/linear-und-rotationsbewegungen-in-einem-hubdreh-motoren\/#primaryimage\"},\"thumbnailUrl\":\"https:\/\/linmot.com\/de\/wp-content\/uploads\/sites\/2\/2021\/07\/icon-food.png\",\"datePublished\":\"2021-07-19T13:33:15+00:00\",\"dateModified\":\"2022-11-14T12:49:29+00:00\",\"description\":\"Hubdreh-Motoren kombinieren zwei Servomotoren in einem Geh\u00e4use und erm\u00f6glichen auf diese Weise kombinierte Linear- und Rotationsbewegungen.\",\"breadcrumb\":{\"@id\":\"https:\/\/linmot.com\/de\/linear-und-rotationsbewegungen-in-einem-hubdreh-motoren\/#breadcrumb\"},\"inLanguage\":\"de\",\"potentialAction\":[{\"@type\":\"ReadAction\",\"target\":[\"https:\/\/linmot.com\/de\/linear-und-rotationsbewegungen-in-einem-hubdreh-motoren\/\"]}]},{\"@type\":\"ImageObject\",\"inLanguage\":\"de\",\"@id\":\"https:\/\/linmot.com\/de\/linear-und-rotationsbewegungen-in-einem-hubdreh-motoren\/#primaryimage\",\"url\":\"https:\/\/linmot.com\/de\/wp-content\/uploads\/sites\/2\/2021\/07\/icon-food.png\",\"contentUrl\":\"https:\/\/linmot.com\/de\/wp-content\/uploads\/sites\/2\/2021\/07\/icon-food.png\",\"width\":71,\"height\":39,\"caption\":\"Icon f\u00fcr Lebensmittelbranche\"},{\"@type\":\"BreadcrumbList\",\"@id\":\"https:\/\/linmot.com\/de\/linear-und-rotationsbewegungen-in-einem-hubdreh-motoren\/#breadcrumb\",\"itemListElement\":[{\"@type\":\"ListItem\",\"position\":1,\"name\":\"LinMot\",\"item\":\"https:\/\/linmot.com\/de\/\"},{\"@type\":\"ListItem\",\"position\":2,\"name\":\"Linear- und Rotationsbewegungen in Einem: Hubdreh-Motoren\"}]},{\"@type\":\"WebSite\",\"@id\":\"https:\/\/linmot.com\/de\/#website\",\"url\":\"https:\/\/linmot.com\/de\/\",\"name\":\"LinMot & MagSpring - Industrielle Linearmotoren\",\"description\":\"Hochwertigen Linearmotoren und Linearmotorsystemen\",\"publisher\":{\"@id\":\"https:\/\/linmot.com\/de\/#organization\"},\"potentialAction\":[{\"@type\":\"SearchAction\",\"target\":{\"@type\":\"EntryPoint\",\"urlTemplate\":\"https:\/\/linmot.com\/de\/?s={search_term_string}\"},\"query-input\":{\"@type\":\"PropertyValueSpecification\",\"valueRequired\":true,\"valueName\":\"search_term_string\"}}],\"inLanguage\":\"de\"},{\"@type\":\"Organization\",\"@id\":\"https:\/\/linmot.com\/de\/#organization\",\"name\":\"NTI AG - LinMot & MagSpring\",\"url\":\"https:\/\/linmot.com\/de\/\",\"logo\":{\"@type\":\"ImageObject\",\"inLanguage\":\"de\",\"@id\":\"https:\/\/linmot.com\/de\/#\/schema\/logo\/image\/\",\"url\":\"https:\/\/linmot.com\/de\/wp-content\/uploads\/sites\/2\/2022\/01\/social-logo.jpg\",\"contentUrl\":\"https:\/\/linmot.com\/de\/wp-content\/uploads\/sites\/2\/2022\/01\/social-logo.jpg\",\"width\":800,\"height\":500,\"caption\":\"NTI AG - LinMot & MagSpring\"},\"image\":{\"@id\":\"https:\/\/linmot.com\/de\/#\/schema\/logo\/image\/\"},\"sameAs\":[\"https:\/\/www.linkedin.com\/company\/nti-ag-linmot-magspring\",\"https:\/\/www.youtube.com\/user\/LinMotEurope\",\"https:\/\/www.xing.com\/pages\/linmot-magspring\"]}]}<\/script>\n<!-- \/ Yoast SEO Premium plugin. -->","yoast_head_json":{"title":"Linear- und Rotationsbewegungen in Einem: Hubdreh-Motoren | LinMot","description":"Hubdreh-Motoren kombinieren zwei Servomotoren in einem Geh\u00e4use und erm\u00f6glichen auf diese Weise kombinierte Linear- und Rotationsbewegungen.","robots":{"index":"index","follow":"follow","max-snippet":"max-snippet:-1","max-image-preview":"max-image-preview:large","max-video-preview":"max-video-preview:-1"},"canonical":"https:\/\/linmot.com\/de\/linear-und-rotationsbewegungen-in-einem-hubdreh-motoren\/","og_locale":"de_DE","og_type":"article","og_title":"Linear- und Rotationsbewegungen in Einem: Hubdreh-Motoren","og_description":"Hubdreh-Motoren kombinieren zwei Servomotoren in einem Geh\u00e4use und erm\u00f6glichen auf diese Weise kombinierte Linear- und Rotationsbewegungen.","og_url":"https:\/\/linmot.com\/de\/linear-und-rotationsbewegungen-in-einem-hubdreh-motoren\/","og_site_name":"LinMot &amp; MagSpring - Deutsch","article_modified_time":"2022-11-14T12:49:29+00:00","og_image":[{"url":"https:\/\/linmot.com\/de\/wp-content\/uploads\/sites\/2\/2021\/07\/icon-food.png","type":"","width":"","height":""}],"twitter_card":"summary_large_image","twitter_misc":{"Gesch\u00e4tzte Lesezeit":"4 Minuten"},"schema":{"@context":"https:\/\/schema.org","@graph":[{"@type":"WebPage","@id":"https:\/\/linmot.com\/de\/linear-und-rotationsbewegungen-in-einem-hubdreh-motoren\/","url":"https:\/\/linmot.com\/de\/linear-und-rotationsbewegungen-in-einem-hubdreh-motoren\/","name":"Linear- und Rotationsbewegungen in Einem: Hubdreh-Motoren | LinMot","isPartOf":{"@id":"https:\/\/linmot.com\/de\/#website"},"primaryImageOfPage":{"@id":"https:\/\/linmot.com\/de\/linear-und-rotationsbewegungen-in-einem-hubdreh-motoren\/#primaryimage"},"image":{"@id":"https:\/\/linmot.com\/de\/linear-und-rotationsbewegungen-in-einem-hubdreh-motoren\/#primaryimage"},"thumbnailUrl":"https:\/\/linmot.com\/de\/wp-content\/uploads\/sites\/2\/2021\/07\/icon-food.png","datePublished":"2021-07-19T13:33:15+00:00","dateModified":"2022-11-14T12:49:29+00:00","description":"Hubdreh-Motoren kombinieren zwei Servomotoren in einem Geh\u00e4use und erm\u00f6glichen auf diese Weise kombinierte Linear- und Rotationsbewegungen.","breadcrumb":{"@id":"https:\/\/linmot.com\/de\/linear-und-rotationsbewegungen-in-einem-hubdreh-motoren\/#breadcrumb"},"inLanguage":"de","potentialAction":[{"@type":"ReadAction","target":["https:\/\/linmot.com\/de\/linear-und-rotationsbewegungen-in-einem-hubdreh-motoren\/"]}]},{"@type":"ImageObject","inLanguage":"de","@id":"https:\/\/linmot.com\/de\/linear-und-rotationsbewegungen-in-einem-hubdreh-motoren\/#primaryimage","url":"https:\/\/linmot.com\/de\/wp-content\/uploads\/sites\/2\/2021\/07\/icon-food.png","contentUrl":"https:\/\/linmot.com\/de\/wp-content\/uploads\/sites\/2\/2021\/07\/icon-food.png","width":71,"height":39,"caption":"Icon f\u00fcr Lebensmittelbranche"},{"@type":"BreadcrumbList","@id":"https:\/\/linmot.com\/de\/linear-und-rotationsbewegungen-in-einem-hubdreh-motoren\/#breadcrumb","itemListElement":[{"@type":"ListItem","position":1,"name":"LinMot","item":"https:\/\/linmot.com\/de\/"},{"@type":"ListItem","position":2,"name":"Linear- und Rotationsbewegungen in Einem: Hubdreh-Motoren"}]},{"@type":"WebSite","@id":"https:\/\/linmot.com\/de\/#website","url":"https:\/\/linmot.com\/de\/","name":"LinMot & MagSpring - Industrielle Linearmotoren","description":"Hochwertigen Linearmotoren und Linearmotorsystemen","publisher":{"@id":"https:\/\/linmot.com\/de\/#organization"},"potentialAction":[{"@type":"SearchAction","target":{"@type":"EntryPoint","urlTemplate":"https:\/\/linmot.com\/de\/?s={search_term_string}"},"query-input":{"@type":"PropertyValueSpecification","valueRequired":true,"valueName":"search_term_string"}}],"inLanguage":"de"},{"@type":"Organization","@id":"https:\/\/linmot.com\/de\/#organization","name":"NTI AG - LinMot & MagSpring","url":"https:\/\/linmot.com\/de\/","logo":{"@type":"ImageObject","inLanguage":"de","@id":"https:\/\/linmot.com\/de\/#\/schema\/logo\/image\/","url":"https:\/\/linmot.com\/de\/wp-content\/uploads\/sites\/2\/2022\/01\/social-logo.jpg","contentUrl":"https:\/\/linmot.com\/de\/wp-content\/uploads\/sites\/2\/2022\/01\/social-logo.jpg","width":800,"height":500,"caption":"NTI AG - LinMot & MagSpring"},"image":{"@id":"https:\/\/linmot.com\/de\/#\/schema\/logo\/image\/"},"sameAs":["https:\/\/www.linkedin.com\/company\/nti-ag-linmot-magspring","https:\/\/www.youtube.com\/user\/LinMotEurope","https:\/\/www.xing.com\/pages\/linmot-magspring"]}]}},"_links":{"self":[{"href":"https:\/\/linmot.com\/de\/wp-json\/wp\/v2\/pages\/1958","targetHints":{"allow":["GET"]}}],"collection":[{"href":"https:\/\/linmot.com\/de\/wp-json\/wp\/v2\/pages"}],"about":[{"href":"https:\/\/linmot.com\/de\/wp-json\/wp\/v2\/types\/page"}],"author":[{"embeddable":true,"href":"https:\/\/linmot.com\/de\/wp-json\/wp\/v2\/users\/9"}],"replies":[{"embeddable":true,"href":"https:\/\/linmot.com\/de\/wp-json\/wp\/v2\/comments?post=1958"}],"version-history":[{"count":60,"href":"https:\/\/linmot.com\/de\/wp-json\/wp\/v2\/pages\/1958\/revisions"}],"predecessor-version":[{"id":3874,"href":"https:\/\/linmot.com\/de\/wp-json\/wp\/v2\/pages\/1958\/revisions\/3874"}],"wp:attachment":[{"href":"https:\/\/linmot.com\/de\/wp-json\/wp\/v2\/media?parent=1958"}],"curies":[{"name":"wp","href":"https:\/\/api.w.org\/{rel}","templated":true}]}}