{"id":193,"date":"2017-11-07T15:05:31","date_gmt":"2017-11-07T14:05:31","guid":{"rendered":"https:\/\/linmot.com\/?page_id=193"},"modified":"2024-05-29T15:39:22","modified_gmt":"2024-05-29T13:39:22","slug":"zubehoer","status":"publish","type":"page","link":"https:\/\/linmot.com\/de\/produkte\/zubehoer\/","title":{"rendered":"Zubeh\u00f6r"},"content":{"rendered":"<div class=\"main_d\">\n<div id=\"c316\" class=\"csc-default\">\n<p class=\"bodytext\"><strong>Das auf die Linearmotoren abgestimmte Zubeh\u00f6rprogramm von LinMot erlaubt die schnelle und unkomplizierte Realisierung und Inbetriebnahme der unterschiedlichsten Aufgabestellungen. Zudem garantiert das, speziell f\u00fcr LinMot entwickelte, original Motor Zubeh\u00f6r den sicheren und st\u00f6rungsfreien Betrieb der Linearmotoren.<\/strong><\/p>\n<h2>Elektrisch<\/h2>\n<\/div>\n<\/div>\n<div class=\"row\">\n<div class=\"col-md-4\">\n<h4>Motorkabel<\/h4>\n<p><img loading=\"lazy\" decoding=\"async\" class=\"aligncenter wp-image-294 size-full\" src=\"https:\/\/linmot.com\/de\/wp-content\/uploads\/sites\/2\/2017\/11\/LinMot-motor-cable.jpg\" alt=\"Zubeh\u00f6r Motorkabel\" width=\"300\" height=\"150\" \/><br \/>\nF\u00fcr den station\u00e4ren Betrieb oder Schleppketten &#8211; und Roboteranwendung<br \/>\n<\/div>\n<div class=\"col-md-4\">\n<h4>Verbindungskabel und Konverter<\/h4>\n<p><img loading=\"lazy\" decoding=\"async\" class=\"alignnone wp-image-414 size-full\" src=\"https:\/\/linmot.com\/de\/wp-content\/uploads\/sites\/2\/2017\/11\/LinMot-connector-cable-and-converter.jpg\" alt=\"Verbindungskabel und Konverter\" width=\"300\" height=\"150\" \/><br \/>\nPC Konfigurationskabel und Schnittstellenkabel<br \/>\n<\/div>\n<div class=\"col-md-4\">\n<h4>Externer Positionssensor<\/h4>\n<p><img loading=\"lazy\" decoding=\"async\" class=\"alignnone wp-image-415 size-full\" src=\"https:\/\/linmot.com\/de\/wp-content\/uploads\/sites\/2\/2017\/11\/LinMot-external-position-sensor.jpg\" alt=\"externer Positionssensor\" width=\"300\" height=\"150\" \/><br \/>\nF\u00fcr hochgenau Anwendungen im \u03bcm-Bereich und \/ oder Absolut-Positionserfassung.<br \/>\n<\/div>\n<\/div>\n<div class=\"row\">\n<div class=\"col-md-4\">\n<h4>Control Box<\/h4>\n<p><img loading=\"lazy\" decoding=\"async\" class=\"alignnone wp-image-416 size-full\" src=\"https:\/\/linmot.com\/de\/wp-content\/uploads\/sites\/2\/2017\/11\/accessories-linmot-control-box.jpg\" alt=\"Zubeh\u00f6r Control Box\" width=\"230\" height=\"115\" \/><br \/>\nF\u00fcr eine schnelle Inbetriebnahme von <a href=\"\/de\/produkte\/servo-drives\/\">Servo Drives<\/a><br \/>\n<\/div>\n<div class=\"col-md-4\">\n<h4>Schaltnetzteil<\/h4>\n<p><img loading=\"lazy\" decoding=\"async\" class=\"alignnone wp-image-417 size-full\" src=\"https:\/\/linmot.com\/de\/wp-content\/uploads\/sites\/2\/2017\/11\/accessories-linmot-power-supplies.jpg\" alt=\"Schaltnetzteil\" width=\"230\" height=\"115\" \/><br \/>\nIn den Leistungsklassen 300W, 500W, 1000 W<br \/>\n<\/div>\n<div class=\"col-md-4\">\n<h4>Transformatorspeisung<\/h4>\n<p><img loading=\"lazy\" decoding=\"async\" class=\"alignnone wp-image-418 size-full\" src=\"https:\/\/linmot.com\/de\/wp-content\/uploads\/sites\/2\/2017\/11\/LinMot-transformer-supplies.jpg\" alt=\"Transformatorspeisung\" width=\"300\" height=\"150\" \/><br \/>\nIn den Leistungsklassen 420VA \/ 900VA \/ 1500VA<br \/>\n<\/div>\n<\/div>\n<h2>Mechanisch<\/h2>\n<div class=\"row\">\n<div class=\"col-md-4\">\n<h4>Motorflansche<\/h4>\n<p><img loading=\"lazy\" decoding=\"async\" class=\"alignnone wp-image-419 size-full\" src=\"https:\/\/linmot.com\/de\/wp-content\/uploads\/sites\/2\/2017\/11\/LinMot-mounting-flanges.jpg\" alt=\"Zubeh\u00f6r Motorflansche\" width=\"300\" height=\"150\" \/><br \/>\nGarantiert schnelle Motormontage und optimale K\u00fchlung<br \/>\n<\/div>\n<div class=\"col-md-4\">\n<h4>L\u00e4ufer Befestigung<\/h4>\n<p><img loading=\"lazy\" decoding=\"async\" class=\"alignnone wp-image-420 size-full\" src=\"https:\/\/linmot.com\/de\/wp-content\/uploads\/sites\/2\/2017\/11\/LinMot-slider-mounting.jpg\" alt=\"Zubeh\u00f6r L\u00e4ufer Befestigung\" width=\"300\" height=\"150\" \/><br \/>\nVerhindert eine \u00fcberbestimmte Lagerung und Fluchtungsfehler<br \/>\n<\/div>\n<div class=\"col-md-4\">\n<h4>Bremse<\/h4>\n<p><img loading=\"lazy\" decoding=\"async\" class=\"alignnone wp-image-421 size-full\" src=\"https:\/\/linmot.com\/de\/wp-content\/uploads\/sites\/2\/2017\/11\/LinMot-brake.jpg\" alt=\"Zubeh\u00f6r Bremse\" width=\"300\" height=\"150\" \/><br \/>\nH\u00e4lt die Last bei vertikaler Einbaulage auch beim Ausschalten auf Position<br \/>\n<\/div>\n<\/div>\n<hr \/>\n<h3>Ben\u00f6tigen Sie Zubeh\u00f6r?<\/h3>\n<p>Bestellungen von Zubeh\u00f6r nehmen wir gerne \u00fcber unseren e-Katalog entgegen:<\/p>\n<p><a class=\"btn btn-active\" href=\"https:\/\/shop.linmot.com\/\" target=\"_blank\" rel=\"noopener noreferrer\">Zum e-Katalog<\/a><\/p>\n","protected":false},"excerpt":{"rendered":"<p>Das auf die Linearmotoren abgestimmte Zubeh\u00f6rprogramm von LinMot erlaubt die schnelle und unkomplizierte Realisierung und Inbetriebnahme der unterschiedlichsten Aufgabestellungen. Zudem garantiert das, speziell f\u00fcr LinMot entwickelte, original Motor Zubeh\u00f6r den sicheren und st\u00f6rungsfreien Betrieb der Linearmotoren. Elektrisch Mechanisch Ben\u00f6tigen Sie Zubeh\u00f6r? Bestellungen von Zubeh\u00f6r nehmen wir gerne \u00fcber unseren e-Katalog entgegen: Zum e-Katalog<\/p>\n","protected":false},"author":1,"featured_media":0,"parent":6,"menu_order":59,"comment_status":"closed","ping_status":"closed","template":"","meta":{"_acf_changed":false,"footnotes":""},"class_list":["post-193","page","type-page","status-publish","hentry"],"acf":[],"yoast_head":"<!-- This site is optimized with the Yoast SEO Premium plugin v20.9 (Yoast SEO v27.4) - https:\/\/yoast.com\/product\/yoast-seo-premium-wordpress\/ -->\n<title>Zubeh\u00f6r \u2013 Motorkabel, Schaltnetzteil, Motorflansche | LinMot<\/title>\n<meta name=\"description\" content=\"Das umfassende Zubeh\u00f6r erlaubt die schnelle und einfache Realisierung unterschiedlichster Aufgabestellungen.\" \/>\n<meta name=\"robots\" content=\"index, follow, max-snippet:-1, max-image-preview:large, max-video-preview:-1\" \/>\n<link rel=\"canonical\" href=\"https:\/\/linmot.com\/de\/produkte\/zubehoer\/\" \/>\n<meta property=\"og:locale\" content=\"de_DE\" \/>\n<meta property=\"og:type\" content=\"article\" \/>\n<meta property=\"og:title\" content=\"Zubeh\u00f6r \u2013 Motorkabel, Schaltnetzteil, Motorflansche | LinMot\" \/>\n<meta property=\"og:description\" content=\"Das umfassende Zubeh\u00f6r erlaubt die schnelle und einfache Realisierung unterschiedlichster Aufgabestellungen.\" \/>\n<meta property=\"og:url\" content=\"https:\/\/linmot.com\/de\/produkte\/zubehoer\/\" \/>\n<meta property=\"og:site_name\" content=\"LinMot &amp; MagSpring - Deutsch\" \/>\n<meta property=\"article:modified_time\" content=\"2024-05-29T13:39:22+00:00\" \/>\n<meta property=\"og:image\" content=\"https:\/\/linmot.com\/de\/wp-content\/uploads\/sites\/2\/2017\/11\/LinMot-motor-cable.jpg\" \/>\n<meta name=\"twitter:card\" content=\"summary_large_image\" \/>\n<meta name=\"twitter:title\" content=\"Zubeh\u00f6r \u2013 Motorkabel, Schaltnetzteil, Motorflansche | LinMot\" \/>\n<meta name=\"twitter:description\" content=\"Das umfassende Zubeh\u00f6r erlaubt die schnelle und einfache Realisierung unterschiedlichster Aufgabestellungen.\" \/>\n<meta name=\"twitter:label1\" content=\"Gesch\u00e4tzte Lesezeit\" \/>\n\t<meta name=\"twitter:data1\" content=\"3 Minuten\" \/>\n<script type=\"application\/ld+json\" class=\"yoast-schema-graph\">{\"@context\":\"https:\\\/\\\/schema.org\",\"@graph\":[{\"@type\":\"WebPage\",\"@id\":\"https:\\\/\\\/linmot.com\\\/de\\\/produkte\\\/zubehoer\\\/\",\"url\":\"https:\\\/\\\/linmot.com\\\/de\\\/produkte\\\/zubehoer\\\/\",\"name\":\"Zubeh\u00f6r \u2013 Motorkabel, Schaltnetzteil, Motorflansche | LinMot\",\"isPartOf\":{\"@id\":\"https:\\\/\\\/linmot.com\\\/de\\\/#website\"},\"primaryImageOfPage\":{\"@id\":\"https:\\\/\\\/linmot.com\\\/de\\\/produkte\\\/zubehoer\\\/#primaryimage\"},\"image\":{\"@id\":\"https:\\\/\\\/linmot.com\\\/de\\\/produkte\\\/zubehoer\\\/#primaryimage\"},\"thumbnailUrl\":\"https:\\\/\\\/linmot.com\\\/de\\\/wp-content\\\/uploads\\\/sites\\\/2\\\/2017\\\/11\\\/LinMot-motor-cable.jpg\",\"datePublished\":\"2017-11-07T14:05:31+00:00\",\"dateModified\":\"2024-05-29T13:39:22+00:00\",\"description\":\"Das umfassende Zubeh\u00f6r erlaubt die schnelle und einfache Realisierung unterschiedlichster Aufgabestellungen.\",\"breadcrumb\":{\"@id\":\"https:\\\/\\\/linmot.com\\\/de\\\/produkte\\\/zubehoer\\\/#breadcrumb\"},\"inLanguage\":\"de\",\"potentialAction\":[{\"@type\":\"ReadAction\",\"target\":[\"https:\\\/\\\/linmot.com\\\/de\\\/produkte\\\/zubehoer\\\/\"]}]},{\"@type\":\"ImageObject\",\"inLanguage\":\"de\",\"@id\":\"https:\\\/\\\/linmot.com\\\/de\\\/produkte\\\/zubehoer\\\/#primaryimage\",\"url\":\"https:\\\/\\\/linmot.com\\\/de\\\/wp-content\\\/uploads\\\/sites\\\/2\\\/2017\\\/11\\\/LinMot-motor-cable.jpg\",\"contentUrl\":\"https:\\\/\\\/linmot.com\\\/de\\\/wp-content\\\/uploads\\\/sites\\\/2\\\/2017\\\/11\\\/LinMot-motor-cable.jpg\",\"width\":300,\"height\":150,\"caption\":\"LinMot Motorkabel\"},{\"@type\":\"BreadcrumbList\",\"@id\":\"https:\\\/\\\/linmot.com\\\/de\\\/produkte\\\/zubehoer\\\/#breadcrumb\",\"itemListElement\":[{\"@type\":\"ListItem\",\"position\":1,\"name\":\"LinMot\",\"item\":\"https:\\\/\\\/linmot.com\\\/de\\\/\"},{\"@type\":\"ListItem\",\"position\":2,\"name\":\"Produkte\",\"item\":\"https:\\\/\\\/linmot.com\\\/de\\\/produkte\\\/\"},{\"@type\":\"ListItem\",\"position\":3,\"name\":\"Zubeh\u00f6r\"}]},{\"@type\":\"WebSite\",\"@id\":\"https:\\\/\\\/linmot.com\\\/de\\\/#website\",\"url\":\"https:\\\/\\\/linmot.com\\\/de\\\/\",\"name\":\"LinMot & MagSpring - Industrielle Linearmotoren\",\"description\":\"Hochwertigen Linearmotoren und Linearmotorsystemen\",\"publisher\":{\"@id\":\"https:\\\/\\\/linmot.com\\\/de\\\/#organization\"},\"potentialAction\":[{\"@type\":\"SearchAction\",\"target\":{\"@type\":\"EntryPoint\",\"urlTemplate\":\"https:\\\/\\\/linmot.com\\\/de\\\/?s={search_term_string}\"},\"query-input\":{\"@type\":\"PropertyValueSpecification\",\"valueRequired\":true,\"valueName\":\"search_term_string\"}}],\"inLanguage\":\"de\"},{\"@type\":\"Organization\",\"@id\":\"https:\\\/\\\/linmot.com\\\/de\\\/#organization\",\"name\":\"NTI AG - LinMot & MagSpring\",\"url\":\"https:\\\/\\\/linmot.com\\\/de\\\/\",\"logo\":{\"@type\":\"ImageObject\",\"inLanguage\":\"de\",\"@id\":\"https:\\\/\\\/linmot.com\\\/de\\\/#\\\/schema\\\/logo\\\/image\\\/\",\"url\":\"https:\\\/\\\/linmot.com\\\/de\\\/wp-content\\\/uploads\\\/sites\\\/2\\\/2022\\\/01\\\/social-logo.jpg\",\"contentUrl\":\"https:\\\/\\\/linmot.com\\\/de\\\/wp-content\\\/uploads\\\/sites\\\/2\\\/2022\\\/01\\\/social-logo.jpg\",\"width\":800,\"height\":500,\"caption\":\"NTI AG - LinMot & MagSpring\"},\"image\":{\"@id\":\"https:\\\/\\\/linmot.com\\\/de\\\/#\\\/schema\\\/logo\\\/image\\\/\"},\"sameAs\":[\"https:\\\/\\\/www.linkedin.com\\\/company\\\/nti-ag-linmot-magspring\",\"https:\\\/\\\/www.youtube.com\\\/user\\\/LinMotEurope\",\"https:\\\/\\\/www.xing.com\\\/pages\\\/linmot-magspring\"]}]}<\/script>\n<!-- \/ Yoast SEO Premium plugin. -->","yoast_head_json":{"title":"Zubeh\u00f6r \u2013 Motorkabel, Schaltnetzteil, Motorflansche | LinMot","description":"Das umfassende Zubeh\u00f6r erlaubt die schnelle und einfache Realisierung unterschiedlichster Aufgabestellungen.","robots":{"index":"index","follow":"follow","max-snippet":"max-snippet:-1","max-image-preview":"max-image-preview:large","max-video-preview":"max-video-preview:-1"},"canonical":"https:\/\/linmot.com\/de\/produkte\/zubehoer\/","og_locale":"de_DE","og_type":"article","og_title":"Zubeh\u00f6r \u2013 Motorkabel, Schaltnetzteil, Motorflansche | LinMot","og_description":"Das umfassende Zubeh\u00f6r erlaubt die schnelle und einfache Realisierung unterschiedlichster Aufgabestellungen.","og_url":"https:\/\/linmot.com\/de\/produkte\/zubehoer\/","og_site_name":"LinMot &amp; MagSpring - Deutsch","article_modified_time":"2024-05-29T13:39:22+00:00","og_image":[{"url":"https:\/\/linmot.com\/de\/wp-content\/uploads\/sites\/2\/2017\/11\/LinMot-motor-cable.jpg","type":"","width":"","height":""}],"twitter_card":"summary_large_image","twitter_title":"Zubeh\u00f6r \u2013 Motorkabel, Schaltnetzteil, Motorflansche | LinMot","twitter_description":"Das umfassende Zubeh\u00f6r erlaubt die schnelle und einfache Realisierung unterschiedlichster Aufgabestellungen.","twitter_misc":{"Gesch\u00e4tzte Lesezeit":"3 Minuten"},"schema":{"@context":"https:\/\/schema.org","@graph":[{"@type":"WebPage","@id":"https:\/\/linmot.com\/de\/produkte\/zubehoer\/","url":"https:\/\/linmot.com\/de\/produkte\/zubehoer\/","name":"Zubeh\u00f6r \u2013 Motorkabel, Schaltnetzteil, Motorflansche | LinMot","isPartOf":{"@id":"https:\/\/linmot.com\/de\/#website"},"primaryImageOfPage":{"@id":"https:\/\/linmot.com\/de\/produkte\/zubehoer\/#primaryimage"},"image":{"@id":"https:\/\/linmot.com\/de\/produkte\/zubehoer\/#primaryimage"},"thumbnailUrl":"https:\/\/linmot.com\/de\/wp-content\/uploads\/sites\/2\/2017\/11\/LinMot-motor-cable.jpg","datePublished":"2017-11-07T14:05:31+00:00","dateModified":"2024-05-29T13:39:22+00:00","description":"Das umfassende Zubeh\u00f6r erlaubt die schnelle und einfache Realisierung unterschiedlichster Aufgabestellungen.","breadcrumb":{"@id":"https:\/\/linmot.com\/de\/produkte\/zubehoer\/#breadcrumb"},"inLanguage":"de","potentialAction":[{"@type":"ReadAction","target":["https:\/\/linmot.com\/de\/produkte\/zubehoer\/"]}]},{"@type":"ImageObject","inLanguage":"de","@id":"https:\/\/linmot.com\/de\/produkte\/zubehoer\/#primaryimage","url":"https:\/\/linmot.com\/de\/wp-content\/uploads\/sites\/2\/2017\/11\/LinMot-motor-cable.jpg","contentUrl":"https:\/\/linmot.com\/de\/wp-content\/uploads\/sites\/2\/2017\/11\/LinMot-motor-cable.jpg","width":300,"height":150,"caption":"LinMot Motorkabel"},{"@type":"BreadcrumbList","@id":"https:\/\/linmot.com\/de\/produkte\/zubehoer\/#breadcrumb","itemListElement":[{"@type":"ListItem","position":1,"name":"LinMot","item":"https:\/\/linmot.com\/de\/"},{"@type":"ListItem","position":2,"name":"Produkte","item":"https:\/\/linmot.com\/de\/produkte\/"},{"@type":"ListItem","position":3,"name":"Zubeh\u00f6r"}]},{"@type":"WebSite","@id":"https:\/\/linmot.com\/de\/#website","url":"https:\/\/linmot.com\/de\/","name":"LinMot & MagSpring - Industrielle Linearmotoren","description":"Hochwertigen Linearmotoren und Linearmotorsystemen","publisher":{"@id":"https:\/\/linmot.com\/de\/#organization"},"potentialAction":[{"@type":"SearchAction","target":{"@type":"EntryPoint","urlTemplate":"https:\/\/linmot.com\/de\/?s={search_term_string}"},"query-input":{"@type":"PropertyValueSpecification","valueRequired":true,"valueName":"search_term_string"}}],"inLanguage":"de"},{"@type":"Organization","@id":"https:\/\/linmot.com\/de\/#organization","name":"NTI AG - LinMot & MagSpring","url":"https:\/\/linmot.com\/de\/","logo":{"@type":"ImageObject","inLanguage":"de","@id":"https:\/\/linmot.com\/de\/#\/schema\/logo\/image\/","url":"https:\/\/linmot.com\/de\/wp-content\/uploads\/sites\/2\/2022\/01\/social-logo.jpg","contentUrl":"https:\/\/linmot.com\/de\/wp-content\/uploads\/sites\/2\/2022\/01\/social-logo.jpg","width":800,"height":500,"caption":"NTI AG - LinMot & MagSpring"},"image":{"@id":"https:\/\/linmot.com\/de\/#\/schema\/logo\/image\/"},"sameAs":["https:\/\/www.linkedin.com\/company\/nti-ag-linmot-magspring","https:\/\/www.youtube.com\/user\/LinMotEurope","https:\/\/www.xing.com\/pages\/linmot-magspring"]}]}},"_links":{"self":[{"href":"https:\/\/linmot.com\/de\/wp-json\/wp\/v2\/pages\/193","targetHints":{"allow":["GET"]}}],"collection":[{"href":"https:\/\/linmot.com\/de\/wp-json\/wp\/v2\/pages"}],"about":[{"href":"https:\/\/linmot.com\/de\/wp-json\/wp\/v2\/types\/page"}],"author":[{"embeddable":true,"href":"https:\/\/linmot.com\/de\/wp-json\/wp\/v2\/users\/1"}],"replies":[{"embeddable":true,"href":"https:\/\/linmot.com\/de\/wp-json\/wp\/v2\/comments?post=193"}],"version-history":[{"count":20,"href":"https:\/\/linmot.com\/de\/wp-json\/wp\/v2\/pages\/193\/revisions"}],"predecessor-version":[{"id":2470,"href":"https:\/\/linmot.com\/de\/wp-json\/wp\/v2\/pages\/193\/revisions\/2470"}],"up":[{"embeddable":true,"href":"https:\/\/linmot.com\/de\/wp-json\/wp\/v2\/pages\/6"}],"wp:attachment":[{"href":"https:\/\/linmot.com\/de\/wp-json\/wp\/v2\/media?parent=193"}],"curies":[{"name":"wp","href":"https:\/\/api.w.org\/{rel}","templated":true}]}}