{"id":1844,"date":"2021-06-18T15:15:18","date_gmt":"2021-06-18T13:15:18","guid":{"rendered":"https:\/\/linmot.com\/de\/?page_id=1844"},"modified":"2026-02-03T08:32:27","modified_gmt":"2026-02-03T07:32:27","slug":"jobs-uebersicht","status":"publish","type":"page","link":"https:\/\/linmot.com\/de\/jobs-uebersicht\/","title":{"rendered":"Jobs \u00dcbersicht"},"content":{"rendered":"<p><strong>Hier finden Sie eine \u00dcbersicht \u00fcber alle Jobs, die aktuell offen sind. Ob f\u00fcr die Montage unserer Motoren, den Entwicklungsbereich oder f\u00fcr die Produktion: LinMot ist regelm\u00e4ssig auf der Suche nach neuen Kolleginnen und Kollegen. Auf dieser Seite werden regelm\u00e4ssig Stellenausschreibungen ver\u00f6ffentlicht. Es lohnt sich also, hin und wieder vorbei zu schauen.<\/strong><\/p>\n<img loading=\"lazy\" decoding=\"async\" class=\"wp-image-1664 size-full aligncenter\" src=\"https:\/\/linmot.com\/de\/wp-content\/uploads\/sites\/2\/2021\/05\/LinMot-Firmengebaeude.jpg\" alt=\"\" width=\"560\" height=\"282\" srcset=\"https:\/\/linmot.com\/de\/wp-content\/uploads\/sites\/2\/2021\/05\/LinMot-Firmengebaeude.jpg 560w, https:\/\/linmot.com\/de\/wp-content\/uploads\/sites\/2\/2021\/05\/LinMot-Firmengebaeude-300x151.jpg 300w\" sizes=\"auto, (max-width: 560px) 100vw, 560px\" \/>\n<hr \/>\n<h2>Stelleninserate &#8211; Schweiz \ud83c\udde8\ud83c\udded<\/h2>\n<div class=\"row download\">\n<div class=\"col-md-5\">\n<strong>Senior Application &amp; Sales Engineer \u2013 Motion Control (w\/m\/d)<\/strong><br \/>\nBereich: Sales &amp; Customer Care<br \/>\nArbeitsort: Spreitenbach, AG<\/p>\n<p><a class=\"button\" href=\"\/blog\/job\/senior-application-sales-engineer-motion-control-w-m-d\/\" rel=\"noopener\">Details zum Stelleninserat<\/a><\/p>\n<\/div>\n<div class=\"col-md-2\">\n<\/div>\n<div class=\"col-md-5\">\n<\/div>\n<\/div>\n<hr \/>\n<h2>Stelleninserate &#8211; Deutschland \ud83c\udde9\ud83c\uddea<\/h2>\n<div class=\"row download\">\n<div class=\"col-md-5\">\n<p><strong>Leitung Applikation und Support (m\/w\/d)<\/strong><\/p>\n<p>Bereich: Support &amp; Applikationsabteilung<br \/>\nArbeitsort: Essen &#8211; Nordrhein-Westfalen oder Ansbach &#8211; Bayern<\/p>\n<p><a class=\"button\" href=\"\/de\/blog\/job\/leitung-applikation-und-support-m-w-d\/\" rel=\"noopener\">Details zum Stelleninserat<\/a><br \/>\n<\/div>\n<div class=\"col-md-2\">\n<\/div>\n<div class=\"col-md-5\">\n<strong>Applikationsingenieur (m\/w\/d)<\/strong><\/p>\n<p>Bereich: Support &amp; Applikationsabteilung<br \/>\nArbeitsort: Essen &#8211; Nordrhein-Westfalen oder Ansbach &#8211; Bayern<\/p>\n<p><a class=\"button\" href=\"\/de\/blog\/job\/applikationsingenieur-m-w-d-bayern\/\" rel=\"noopener\">Details zum Stelleninserat<\/a><br \/>\n<\/div>\n<\/div>\n<hr \/>\n<h2>Stelleninserate &#8211; Italien \ud83c\uddee\ud83c\uddf9<\/h2>\n<div class=\"row download\">\n<div class=\"col-md-5\">\n<strong>Area Sales Manager Emilia-Romagna (m\/f\/d)<\/strong><br \/>\nArea: Vendite<br \/>\nLuogo di lavoro: Emilia-Romagna<\/p>\n<p><a class=\"button\" href=\"\/it\/blog\/job\/area-sales-manager-emilia-romagna\/\" rel=\"noopener\">Dettagli dell&#8217;annuncio di lavoro<\/a><br \/>\n<\/div>\n<\/div>\n<hr \/>\n<h3 id=\"Spontanbewerbung\">Spontanbewerbung<\/h3>\n<p>Nichts passendes dabei, aber Sie m\u00f6chten sich trotzdem bei uns vorstellen? Dann senden Sie uns Ihre Bewerbungsunterlagen als Spontanbewerbung zu und wir schauen, ob wir f\u00fcr Ihr Profil eine passende Stelle zur Verf\u00fcgung haben.<\/p>\n\n<div class=\"wpcf7 no-js\" id=\"wpcf7-f1858-o1\" lang=\"de-DE\" dir=\"ltr\" data-wpcf7-id=\"1858\">\n<div class=\"screen-reader-response\"><p role=\"status\" aria-live=\"polite\" aria-atomic=\"true\"><\/p> <ul><\/ul><\/div>\n<form action=\"\/de\/wp-json\/wp\/v2\/pages\/1844#wpcf7-f1858-o1\" method=\"post\" class=\"wpcf7-form init\" aria-label=\"Kontaktformular\" enctype=\"multipart\/form-data\" novalidate=\"novalidate\" data-status=\"init\">\n<fieldset class=\"hidden-fields-container\"><input type=\"hidden\" name=\"_wpcf7\" value=\"1858\" \/><input type=\"hidden\" name=\"_wpcf7_version\" value=\"6.1.5\" \/><input type=\"hidden\" name=\"_wpcf7_locale\" value=\"de_DE\" \/><input type=\"hidden\" name=\"_wpcf7_unit_tag\" value=\"wpcf7-f1858-o1\" \/><input type=\"hidden\" name=\"_wpcf7_container_post\" value=\"0\" \/><input type=\"hidden\" name=\"_wpcf7_posted_data_hash\" value=\"\" \/><input type=\"hidden\" name=\"_wpcf7_recaptcha_response\" value=\"\" \/>\n<\/fieldset>\n<label> Ihr Name<br>\n    <span class=\"wpcf7-form-control-wrap\" data-name=\"your-name\"><input size=\"40\" maxlength=\"400\" class=\"wpcf7-form-control wpcf7-text wpcf7-validates-as-required\" aria-required=\"true\" aria-invalid=\"false\" value=\"\" type=\"text\" name=\"your-name\" \/><\/span> <\/label>\n<br>\n<label> Ihre Telefonnummer<br>\n    <span class=\"wpcf7-form-control-wrap\" data-name=\"Telefonnummer\"><input size=\"40\" maxlength=\"400\" class=\"wpcf7-form-control wpcf7-tel wpcf7-validates-as-required wpcf7-text wpcf7-validates-as-tel\" aria-required=\"true\" aria-invalid=\"false\" value=\"\" type=\"tel\" name=\"Telefonnummer\" \/><\/span> <\/label>\n<br>\n<label> E-Mail-Adresse<br>\n    <span class=\"wpcf7-form-control-wrap\" data-name=\"your-email\"><input size=\"40\" maxlength=\"400\" class=\"wpcf7-form-control wpcf7-email wpcf7-validates-as-required wpcf7-text wpcf7-validates-as-email\" aria-required=\"true\" aria-invalid=\"false\" value=\"\" type=\"email\" name=\"your-email\" \/><\/span> <\/label>\n<br>\n<label> Lebenslauf (PDF)<br>\n    <span class=\"wpcf7-form-control-wrap\" data-name=\"Lebenslauf\"><input size=\"40\" class=\"wpcf7-form-control wpcf7-file wpcf7-validates-as-required\" accept=\".pdf\" aria-required=\"true\" aria-invalid=\"false\" type=\"file\" name=\"Lebenslauf\" \/><\/span> <\/label>\n<br>\n<label> Motivationsschreiben (PDF)<br>\n    <span class=\"wpcf7-form-control-wrap\" data-name=\"Motivationsschreiben\"><input size=\"40\" class=\"wpcf7-form-control wpcf7-file wpcf7-validates-as-required\" accept=\".pdf\" aria-required=\"true\" aria-invalid=\"false\" type=\"file\" name=\"Motivationsschreiben\" \/><\/span> <\/label>\n<br>\n<label> Betreff<br>\n    <span class=\"wpcf7-form-control-wrap\" data-name=\"your-subject\"><input size=\"40\" maxlength=\"400\" class=\"wpcf7-form-control wpcf7-text\" aria-invalid=\"false\" value=\"\" type=\"text\" name=\"your-subject\" \/><\/span> <\/label>\n<br>\n<label> Ihre Nachricht (optional)<br>\n    <span class=\"wpcf7-form-control-wrap\" data-name=\"your-message\"><textarea cols=\"40\" rows=\"10\" maxlength=\"2000\" class=\"wpcf7-form-control wpcf7-textarea\" aria-invalid=\"false\" name=\"your-message\"><\/textarea><\/span> <\/label>\n<br>\n<input class=\"wpcf7-form-control wpcf7-submit has-spinner\" type=\"submit\" value=\"Senden\" \/><div class=\"wpcf7-response-output\" aria-hidden=\"true\"><\/div>\n<\/form>\n<\/div>\n\n","protected":false},"excerpt":{"rendered":"<p>Hier finden Sie eine \u00dcbersicht \u00fcber alle Jobs, die aktuell offen sind. Ob f\u00fcr die Montage unserer Motoren, den Entwicklungsbereich oder f\u00fcr die Produktion: LinMot ist regelm\u00e4ssig auf der Suche nach neuen Kolleginnen und Kollegen. Auf dieser Seite werden regelm\u00e4ssig Stellenausschreibungen ver\u00f6ffentlicht. Es lohnt sich also, hin und wieder vorbei zu schauen. Stelleninserate &#8211; Schweiz [&hellip;]<\/p>\n","protected":false},"author":9,"featured_media":0,"parent":0,"menu_order":118,"comment_status":"closed","ping_status":"closed","template":"","meta":{"_acf_changed":false,"footnotes":""},"class_list":["post-1844","page","type-page","status-publish","hentry"],"acf":[],"yoast_head":"<!-- This site is optimized with the Yoast SEO Premium plugin v20.9 (Yoast SEO v27.3) - https:\/\/yoast.com\/product\/yoast-seo-premium-wordpress\/ -->\n<title>Jobs \u00dcbersicht | Linear Motion Technology Leader | LinMot<\/title>\n<meta name=\"description\" content=\"Hier finden Sie eine \u00dcbersicht \u00fcber aller Jobs, die aktuell offen sind. Ob in der Montage, im Entwicklungsbereich oder f\u00fcr die Produktion.\" \/>\n<meta name=\"robots\" content=\"index, follow, max-snippet:-1, max-image-preview:large, max-video-preview:-1\" \/>\n<link rel=\"canonical\" href=\"https:\/\/linmot.com\/de\/jobs-uebersicht\/\" \/>\n<meta property=\"og:locale\" content=\"de_DE\" \/>\n<meta property=\"og:type\" content=\"article\" \/>\n<meta property=\"og:title\" content=\"Jobs \u00dcbersicht | Linear Motion Technology Leader | LinMot\" \/>\n<meta property=\"og:description\" content=\"Hier finden Sie eine \u00dcbersicht \u00fcber aller Jobs, die aktuell offen sind. Ob in der Montage, im Entwicklungsbereich oder f\u00fcr die Produktion.\" \/>\n<meta property=\"og:url\" content=\"https:\/\/linmot.com\/de\/jobs-uebersicht\/\" \/>\n<meta property=\"og:site_name\" content=\"LinMot &amp; MagSpring - Deutsch\" \/>\n<meta property=\"article:modified_time\" content=\"2026-02-03T07:32:27+00:00\" \/>\n<meta property=\"og:image\" content=\"https:\/\/linmot.com\/de\/wp-content\/uploads\/sites\/2\/2021\/05\/LinMot-Firmengebaeude.jpg\" \/>\n\t<meta property=\"og:image:width\" content=\"560\" \/>\n\t<meta property=\"og:image:height\" content=\"282\" \/>\n\t<meta property=\"og:image:type\" content=\"image\/jpeg\" \/>\n<meta name=\"twitter:card\" content=\"summary_large_image\" \/>\n<meta name=\"twitter:title\" content=\"Jobs \u00dcbersicht | Linear Motion Technology Leader | LinMot\" \/>\n<meta name=\"twitter:description\" content=\"Hier finden Sie eine \u00dcbersicht \u00fcber aller Jobs, die aktuell offen sind. Ob in der Montage, im Entwicklungsbereich oder f\u00fcr die Produktion.\" \/>\n<meta name=\"twitter:label1\" content=\"Gesch\u00e4tzte Lesezeit\" \/>\n\t<meta name=\"twitter:data1\" content=\"2 Minuten\" \/>\n<script type=\"application\/ld+json\" class=\"yoast-schema-graph\">{\"@context\":\"https:\\\/\\\/schema.org\",\"@graph\":[{\"@type\":\"WebPage\",\"@id\":\"https:\\\/\\\/linmot.com\\\/de\\\/jobs-uebersicht\\\/\",\"url\":\"https:\\\/\\\/linmot.com\\\/de\\\/jobs-uebersicht\\\/\",\"name\":\"Jobs \u00dcbersicht | Linear Motion Technology Leader | LinMot\",\"isPartOf\":{\"@id\":\"https:\\\/\\\/linmot.com\\\/de\\\/#website\"},\"primaryImageOfPage\":{\"@id\":\"https:\\\/\\\/linmot.com\\\/de\\\/jobs-uebersicht\\\/#primaryimage\"},\"image\":{\"@id\":\"https:\\\/\\\/linmot.com\\\/de\\\/jobs-uebersicht\\\/#primaryimage\"},\"thumbnailUrl\":\"https:\\\/\\\/linmot.com\\\/de\\\/wp-content\\\/uploads\\\/sites\\\/2\\\/2021\\\/05\\\/LinMot-Firmengebaeude.jpg\",\"datePublished\":\"2021-06-18T13:15:18+00:00\",\"dateModified\":\"2026-02-03T07:32:27+00:00\",\"description\":\"Hier finden Sie eine \u00dcbersicht \u00fcber aller Jobs, die aktuell offen sind. Ob in der Montage, im Entwicklungsbereich oder f\u00fcr die Produktion.\",\"breadcrumb\":{\"@id\":\"https:\\\/\\\/linmot.com\\\/de\\\/jobs-uebersicht\\\/#breadcrumb\"},\"inLanguage\":\"de\",\"potentialAction\":[{\"@type\":\"ReadAction\",\"target\":[\"https:\\\/\\\/linmot.com\\\/de\\\/jobs-uebersicht\\\/\"]}]},{\"@type\":\"ImageObject\",\"inLanguage\":\"de\",\"@id\":\"https:\\\/\\\/linmot.com\\\/de\\\/jobs-uebersicht\\\/#primaryimage\",\"url\":\"https:\\\/\\\/linmot.com\\\/de\\\/wp-content\\\/uploads\\\/sites\\\/2\\\/2021\\\/05\\\/LinMot-Firmengebaeude.jpg\",\"contentUrl\":\"https:\\\/\\\/linmot.com\\\/de\\\/wp-content\\\/uploads\\\/sites\\\/2\\\/2021\\\/05\\\/LinMot-Firmengebaeude.jpg\",\"width\":560,\"height\":282,\"caption\":\"LinMot Firmengeb\u00e4ude in Spreitenbach\"},{\"@type\":\"BreadcrumbList\",\"@id\":\"https:\\\/\\\/linmot.com\\\/de\\\/jobs-uebersicht\\\/#breadcrumb\",\"itemListElement\":[{\"@type\":\"ListItem\",\"position\":1,\"name\":\"LinMot\",\"item\":\"https:\\\/\\\/linmot.com\\\/de\\\/\"},{\"@type\":\"ListItem\",\"position\":2,\"name\":\"Jobs \u00dcbersicht\"}]},{\"@type\":\"WebSite\",\"@id\":\"https:\\\/\\\/linmot.com\\\/de\\\/#website\",\"url\":\"https:\\\/\\\/linmot.com\\\/de\\\/\",\"name\":\"LinMot & MagSpring - Industrielle Linearmotoren\",\"description\":\"Hochwertigen Linearmotoren und Linearmotorsystemen\",\"publisher\":{\"@id\":\"https:\\\/\\\/linmot.com\\\/de\\\/#organization\"},\"potentialAction\":[{\"@type\":\"SearchAction\",\"target\":{\"@type\":\"EntryPoint\",\"urlTemplate\":\"https:\\\/\\\/linmot.com\\\/de\\\/?s={search_term_string}\"},\"query-input\":{\"@type\":\"PropertyValueSpecification\",\"valueRequired\":true,\"valueName\":\"search_term_string\"}}],\"inLanguage\":\"de\"},{\"@type\":\"Organization\",\"@id\":\"https:\\\/\\\/linmot.com\\\/de\\\/#organization\",\"name\":\"NTI AG - LinMot & MagSpring\",\"url\":\"https:\\\/\\\/linmot.com\\\/de\\\/\",\"logo\":{\"@type\":\"ImageObject\",\"inLanguage\":\"de\",\"@id\":\"https:\\\/\\\/linmot.com\\\/de\\\/#\\\/schema\\\/logo\\\/image\\\/\",\"url\":\"https:\\\/\\\/linmot.com\\\/de\\\/wp-content\\\/uploads\\\/sites\\\/2\\\/2022\\\/01\\\/social-logo.jpg\",\"contentUrl\":\"https:\\\/\\\/linmot.com\\\/de\\\/wp-content\\\/uploads\\\/sites\\\/2\\\/2022\\\/01\\\/social-logo.jpg\",\"width\":800,\"height\":500,\"caption\":\"NTI AG - LinMot & MagSpring\"},\"image\":{\"@id\":\"https:\\\/\\\/linmot.com\\\/de\\\/#\\\/schema\\\/logo\\\/image\\\/\"},\"sameAs\":[\"https:\\\/\\\/www.linkedin.com\\\/company\\\/nti-ag-linmot-magspring\",\"https:\\\/\\\/www.youtube.com\\\/user\\\/LinMotEurope\",\"https:\\\/\\\/www.xing.com\\\/pages\\\/linmot-magspring\"]}]}<\/script>\n<!-- \/ Yoast SEO Premium plugin. -->","yoast_head_json":{"title":"Jobs \u00dcbersicht | Linear Motion Technology Leader | LinMot","description":"Hier finden Sie eine \u00dcbersicht \u00fcber aller Jobs, die aktuell offen sind. Ob in der Montage, im Entwicklungsbereich oder f\u00fcr die Produktion.","robots":{"index":"index","follow":"follow","max-snippet":"max-snippet:-1","max-image-preview":"max-image-preview:large","max-video-preview":"max-video-preview:-1"},"canonical":"https:\/\/linmot.com\/de\/jobs-uebersicht\/","og_locale":"de_DE","og_type":"article","og_title":"Jobs \u00dcbersicht | Linear Motion Technology Leader | LinMot","og_description":"Hier finden Sie eine \u00dcbersicht \u00fcber aller Jobs, die aktuell offen sind. Ob in der Montage, im Entwicklungsbereich oder f\u00fcr die Produktion.","og_url":"https:\/\/linmot.com\/de\/jobs-uebersicht\/","og_site_name":"LinMot &amp; MagSpring - Deutsch","article_modified_time":"2026-02-03T07:32:27+00:00","og_image":[{"width":560,"height":282,"url":"https:\/\/linmot.com\/de\/wp-content\/uploads\/sites\/2\/2021\/05\/LinMot-Firmengebaeude.jpg","type":"image\/jpeg"}],"twitter_card":"summary_large_image","twitter_title":"Jobs \u00dcbersicht | Linear Motion Technology Leader | LinMot","twitter_description":"Hier finden Sie eine \u00dcbersicht \u00fcber aller Jobs, die aktuell offen sind. Ob in der Montage, im Entwicklungsbereich oder f\u00fcr die Produktion.","twitter_misc":{"Gesch\u00e4tzte Lesezeit":"2 Minuten"},"schema":{"@context":"https:\/\/schema.org","@graph":[{"@type":"WebPage","@id":"https:\/\/linmot.com\/de\/jobs-uebersicht\/","url":"https:\/\/linmot.com\/de\/jobs-uebersicht\/","name":"Jobs \u00dcbersicht | Linear Motion Technology Leader | LinMot","isPartOf":{"@id":"https:\/\/linmot.com\/de\/#website"},"primaryImageOfPage":{"@id":"https:\/\/linmot.com\/de\/jobs-uebersicht\/#primaryimage"},"image":{"@id":"https:\/\/linmot.com\/de\/jobs-uebersicht\/#primaryimage"},"thumbnailUrl":"https:\/\/linmot.com\/de\/wp-content\/uploads\/sites\/2\/2021\/05\/LinMot-Firmengebaeude.jpg","datePublished":"2021-06-18T13:15:18+00:00","dateModified":"2026-02-03T07:32:27+00:00","description":"Hier finden Sie eine \u00dcbersicht \u00fcber aller Jobs, die aktuell offen sind. Ob in der Montage, im Entwicklungsbereich oder f\u00fcr die Produktion.","breadcrumb":{"@id":"https:\/\/linmot.com\/de\/jobs-uebersicht\/#breadcrumb"},"inLanguage":"de","potentialAction":[{"@type":"ReadAction","target":["https:\/\/linmot.com\/de\/jobs-uebersicht\/"]}]},{"@type":"ImageObject","inLanguage":"de","@id":"https:\/\/linmot.com\/de\/jobs-uebersicht\/#primaryimage","url":"https:\/\/linmot.com\/de\/wp-content\/uploads\/sites\/2\/2021\/05\/LinMot-Firmengebaeude.jpg","contentUrl":"https:\/\/linmot.com\/de\/wp-content\/uploads\/sites\/2\/2021\/05\/LinMot-Firmengebaeude.jpg","width":560,"height":282,"caption":"LinMot Firmengeb\u00e4ude in Spreitenbach"},{"@type":"BreadcrumbList","@id":"https:\/\/linmot.com\/de\/jobs-uebersicht\/#breadcrumb","itemListElement":[{"@type":"ListItem","position":1,"name":"LinMot","item":"https:\/\/linmot.com\/de\/"},{"@type":"ListItem","position":2,"name":"Jobs \u00dcbersicht"}]},{"@type":"WebSite","@id":"https:\/\/linmot.com\/de\/#website","url":"https:\/\/linmot.com\/de\/","name":"LinMot & MagSpring - Industrielle Linearmotoren","description":"Hochwertigen Linearmotoren und Linearmotorsystemen","publisher":{"@id":"https:\/\/linmot.com\/de\/#organization"},"potentialAction":[{"@type":"SearchAction","target":{"@type":"EntryPoint","urlTemplate":"https:\/\/linmot.com\/de\/?s={search_term_string}"},"query-input":{"@type":"PropertyValueSpecification","valueRequired":true,"valueName":"search_term_string"}}],"inLanguage":"de"},{"@type":"Organization","@id":"https:\/\/linmot.com\/de\/#organization","name":"NTI AG - LinMot & MagSpring","url":"https:\/\/linmot.com\/de\/","logo":{"@type":"ImageObject","inLanguage":"de","@id":"https:\/\/linmot.com\/de\/#\/schema\/logo\/image\/","url":"https:\/\/linmot.com\/de\/wp-content\/uploads\/sites\/2\/2022\/01\/social-logo.jpg","contentUrl":"https:\/\/linmot.com\/de\/wp-content\/uploads\/sites\/2\/2022\/01\/social-logo.jpg","width":800,"height":500,"caption":"NTI AG - LinMot & MagSpring"},"image":{"@id":"https:\/\/linmot.com\/de\/#\/schema\/logo\/image\/"},"sameAs":["https:\/\/www.linkedin.com\/company\/nti-ag-linmot-magspring","https:\/\/www.youtube.com\/user\/LinMotEurope","https:\/\/www.xing.com\/pages\/linmot-magspring"]}]}},"_links":{"self":[{"href":"https:\/\/linmot.com\/de\/wp-json\/wp\/v2\/pages\/1844","targetHints":{"allow":["GET"]}}],"collection":[{"href":"https:\/\/linmot.com\/de\/wp-json\/wp\/v2\/pages"}],"about":[{"href":"https:\/\/linmot.com\/de\/wp-json\/wp\/v2\/types\/page"}],"author":[{"embeddable":true,"href":"https:\/\/linmot.com\/de\/wp-json\/wp\/v2\/users\/9"}],"replies":[{"embeddable":true,"href":"https:\/\/linmot.com\/de\/wp-json\/wp\/v2\/comments?post=1844"}],"version-history":[{"count":258,"href":"https:\/\/linmot.com\/de\/wp-json\/wp\/v2\/pages\/1844\/revisions"}],"predecessor-version":[{"id":6294,"href":"https:\/\/linmot.com\/de\/wp-json\/wp\/v2\/pages\/1844\/revisions\/6294"}],"wp:attachment":[{"href":"https:\/\/linmot.com\/de\/wp-json\/wp\/v2\/media?parent=1844"}],"curies":[{"name":"wp","href":"https:\/\/api.w.org\/{rel}","templated":true}]}}