{"id":1736,"date":"2021-06-04T09:04:39","date_gmt":"2021-06-04T07:04:39","guid":{"rendered":"https:\/\/linmot.com\/de\/?page_id=1736"},"modified":"2025-11-24T11:59:56","modified_gmt":"2025-11-24T10:59:56","slug":"die-produkteuebersicht-von-linmot-und-magspring","status":"publish","type":"page","link":"https:\/\/linmot.com\/de\/die-produkteuebersicht-von-linmot-und-magspring\/","title":{"rendered":"Die Produkte von LinMot und MagSpring"},"content":{"rendered":"<p><strong>Auf dieser Seite stellen wir Ihnen die Produkte von LinMot und Magspring vor. Das Produktesortiment besteht neben den Standard-Linearmotoren auch aus ATEX und INOX Motoren, Linearmotoren mit integriertem Drive, Hubdreh-Motoren, Servo-Drives, Linearf\u00fchrungen und -module, MagSpring und diversem Zubeh\u00f6r.<br \/>\n<\/strong><\/p>\n<p>Auf den Folgeseiten erwarten Sie zu allen Produkten Videos, Beschreibungen und Anwendungsberichte. Wir beraten Sie gerne, um die bestm\u00f6gliche L\u00f6sung f\u00fcr Ihre Bed\u00fcrfnisse zu finden. Auf der <a href=\"https:\/\/linmot.com\/de\/contact\/\">Kontakt-Seite<\/a> finden Sie hierf\u00fcr Ihren lokalen Ansprechpartner.<\/p>\n<p>Sie sind bereits LinMot-Kunde oder wissen genau, welches Produkt das Richtige f\u00fcr Sie ist?<br \/>\nDann werfen Sie einen Blick in unseren <a href=\"https:\/\/shop.linmot.com\/?configNo=2\">e-Katalog<\/a>. In diesem erwarten Sie Datenbl\u00e4tter, Installationsanleitungen und die CAD Dateien der Produkte.<\/p>\n<div class=\"row\">\n<div class=\"col-md-4\">\n<h4>Linearmotoren<\/h4>\n<img loading=\"lazy\" decoding=\"async\" class=\"alignnone size-full wp-image-1744\" src=\"https:\/\/linmot.com\/wp-content\/uploads\/2025\/01\/linearmotoren-product-overview.jpg\" alt=\"\" width=\"300\" height=\"199\" \/>\n<p><a class=\"button\" href=\"https:\/\/linmot.com\/de\/produkte\/linearmotoren\/\" target=\"_same\" rel=\"noopener\">Zum Produkt<\/a><\/p>\n<p align=\"justify\">Die Motoren von LinMot sind elektromagnetische Direktantriebe in tubularer Form. Die lineare Bewegung wird ohne Zwischenschaltung von mechanischen Getrieben, Spindeln oder Riemen rein elektrisch und verschleissfrei erzeugt.<\/p>\n<\/div>\n<div class=\"col-md-4\">\n<h4>Linearf\u00fchrungen und -module<\/h4>\n<img loading=\"lazy\" decoding=\"async\" class=\"alignnone size-full wp-image-1742\" src=\"https:\/\/linmot.com\/wp-content\/uploads\/2025\/01\/dm01-product-overview.jpg\" alt=\"\" width=\"300\" height=\"199\" \/>\n<p><a class=\"button\" href=\"https:\/\/linmot.com\/de\/produkte\/linearfuehrungen-linearmodule\/\" target=\"_same\" rel=\"noopener\">Zum Produkt<\/a><\/p>\n<p align=\"justify\">LinMot Linearf\u00fchrungen sind kompakte F\u00fchrungseinheiten f\u00fcr Linearmotoren. Die F\u00fchrungen werden zur Lagerung der Last, zur Aufnahme von externen Kr\u00e4ften, Dreh- und Biegemomenten und zugleich als Verdrehsicherung eingesetzt.<\/p>\n<\/div>\n<div class=\"col-md-4\">\n<h4>Hubdreh-Motoren<\/h4>\n<img loading=\"lazy\" decoding=\"async\" class=\"alignnone size-full wp-image-1740\" src=\"https:\/\/linmot.com\/wp-content\/uploads\/2025\/01\/hubdreh-product-overview.jpg\" alt=\"\" width=\"300\" height=\"199\" \/>\n<p><a class=\"button\" href=\"\/de\/produkte\/hubdreh-motoren-uebersicht\/\" target=\"_same\" rel=\"noopener\">Zum Produkt<\/a><\/p>\n<p align=\"justify\">Die Hubdreh-Motoren von LinMot zeichnen sich durch eine ausgezeichnete Flexibilit\u00e4t, Dynamik und Geschwindigkeit aus. Mit ihnen lassen sich sowohl Linear-, wie auch Rotationsbewegungen realisieren.<\/p>\n<\/div>\n<\/div>\n<div class=\"row\">\n<div class=\"col-md-4\">\n<h4>Flat Robots und Systeme<\/h4>\n<img loading=\"lazy\" decoding=\"async\" class=\"aligncenter wp-image-5581 size-full\" src=\"https:\/\/linmot.com\/de\/wp-content\/uploads\/sites\/2\/2025\/02\/flat-robots-und-systeme-produkteuebersicht.png\" alt=\"\" width=\"300\" height=\"199\" \/>\n<p><a class=\"button\" href=\"\/de\/produkte\/flat-robots-und-systeme\/\" target=\"_same\" rel=\"noopener\">Zum Produkt<\/a><\/p>\n<p align=\"justify\">LinMot Flat Robots und Systeme bieten innovative und einfach konfigurierbare Gantry-, Semi-Gantry- und Pick-and-Place-L\u00f6sungen. Mit den einsatzfertigen Mehrachssystemen lassen sich auch komplexe branchenspezifische Anforderungen schnell und pr\u00e4zise umsetzen.<\/p>\n<\/div>\n<div class=\"col-md-4\">\n<h4>Elektrische Greifer<\/h4>\n<img loading=\"lazy\" decoding=\"async\" class=\"aligncenter size-full wp-image-5751\" src=\"https:\/\/linmot.com\/de\/wp-content\/uploads\/sites\/2\/2025\/04\/electric-gripper-linmot-product-overview.jpg\" alt=\"\" width=\"300\" height=\"200\" \/>\n<p><a class=\"button\" href=\"\/de\/produkte\/greifer-drehgreifer\/\" target=\"_same\" rel=\"noopener\">Zum Produkt<\/a><\/p>\n<p align=\"justify\">LinMot Greifer sind hochdynamische L\u00f6sungen f\u00fcr anspruchsvolle Pick-and-Place-, Montage- und Schraubaufgaben. Neben schnellen Schliess- und \u00d6ffnungszeiten erm\u00f6glichen sie eine freie Fingerpositionierung sowie Kraftregelung.<\/p>\n<\/div>\n<div class=\"col-md-4\">\n<h4>LinMot Pilot<\/h4>\n<img loading=\"lazy\" decoding=\"async\" class=\"alignnone wp-image-6120 size-full\" src=\"https:\/\/linmot.com\/de\/wp-content\/uploads\/sites\/2\/2025\/11\/linmot-pilot-produkteuebersicht.jpg\" alt=\"\" width=\"300\" height=\"199\" \/>\n<p><a class=\"button\" href=\"\/de\/produkte\/linmot-pilot-weniger-programmieren-mehr-bewegen\/\" target=\"_same\" rel=\"noopener\">Zum Produkt<\/a><\/p>\n<p align=\"justify\">LinMot Pilot ist eine intuitive No-Code-Robotersteuerung f\u00fcr mehrachsige LinMot Systeme, f\u00fcr die keine SPS oder Programmierkenntnisse erforderlich sind. <\/p>\n<\/div>\n<\/div>\n<div class=\"row\">\n<div class=\"col-md-4\">\n<h4>Servo Drives<\/h4>\n<img loading=\"lazy\" decoding=\"async\" class=\"alignnone size-full wp-image-1746\" src=\"https:\/\/linmot.com\/wp-content\/uploads\/2025\/01\/servo-drives-product-overview.jpg\" alt=\"\" width=\"300\" height=\"199\" \/>\n<p><a class=\"button\" href=\"https:\/\/linmot.com\/de\/produkte\/servo-drives\" target=\"_same\" rel=\"noopener\">Zum Produkt<\/a><\/p>\n<p align=\"justify\">LinMot Servo Drive sind kompakte Positioniersteuerungen mit einem oder mehreren Leistungsteilen zur Ansteuerung der Motoren sowie einem intelligenten Steuerteil mit integrierter Positionsregelung. Das Steuerteil \u00fcbernimmt s\u00e4mtliche antriebsbezogenen Regel- und \u00dcberwachungsfunktionen.<\/p>\n<\/div>\n<div class=\"col-md-4\">\n<h4>MagSpring<\/h4>\n<img loading=\"lazy\" decoding=\"async\" class=\"alignnone size-full wp-image-1745\" src=\"https:\/\/linmot.com\/wp-content\/uploads\/2025\/01\/magspring-product-overview.jpg\" alt=\"\" width=\"300\" height=\"199\" \/>\n<p><a class=\"button\" href=\"\/de\/produkte\/magspring\" target=\"_same\" rel=\"noopener\">Zum Produkt<\/a><\/p>\n<p align=\"justify\">MagSpring Produkte lassen sich am besten mit dem Begriff \u201cMagnetische Feder\u201d umschreiben. Der Begriff Feder ist allerdings in dem Sinne zu verstehen, dass MagSpring Komponenten eine konstante Kraft \u00fcber den gesamten Arbeitsbereich erzeugen, w\u00e4hrend eine typische Kennlinie einer mechanischen Feder eine wegabh\u00e4ngige Zunahme der Kraft aufweist.<\/p>\n<\/div>\n<div class=\"col-md-4\">\n<h4>Zubeh\u00f6r<\/h4>\n<img loading=\"lazy\" decoding=\"async\" class=\"alignnone size-full wp-image-1747\" src=\"https:\/\/linmot.com\/de\/wp-content\/uploads\/sites\/2\/2021\/05\/Zubehoer-Produkteuebersicht.jpg\" alt=\"\" width=\"300\" height=\"199\" \/>\n<p><a class=\"button\" href=\"https:\/\/linmot.com\/de\/produkte\/zubehoer\/\" target=\"_same\" rel=\"noopener\">Zum Produkt<\/a><\/p>\n<p align=\"justify\">Das auf die Linearmotoren abgestimmte Zubeh\u00f6rprogramm von LinMot erlaubt die schnelle und unkomplizierte Realisierung und Inbetriebnahme der unterschiedlichsten Aufgabestellungen.<\/p>\n<\/div>\n<\/div>\n<hr \/>\n<h3 id=\"epaper\">Oder bl\u00e4ttern Sie sich durch unseren aktuellen Produktkatalog<\/h3>\n<div style=\"position: relative; padding-bottom: 56.25%; height: 0; overflow: hidden; max-width: 100%;\" data-page-width=\"452\" data-page-height=\"640\">\n<div class=\"brlbs-cmpnt-container brlbs-cmpnt-content-blocker brlbs-cmpnt-with-individual-styles\" data-borlabs-cookie-content-blocker-id=\"yumpu\" data-borlabs-cookie-content=\"PGlmcmFtZSBzdHlsZT0icG9zaXRpb246IGFic29sdXRlOyB0b3A6IDA7IGxlZnQ6IDA7IHdpZHRoOiAxMDAlOyBoZWlnaHQ6IDEwMCU7IiBzcmM9Imh0dHBzOi8vd3d3Lnl1bXB1LmNvbS9kZS9lbWJlZC92aWV3L2pET3VpbTljSklnNWRxeG4iIGZyYW1lYm9yZGVyPSIwIiBhbGxvd2Z1bGxzY3JlZW49ImFsbG93ZnVsbHNjcmVlbiI+PC9pZnJhbWU+\">\n<div class=\"brlbs-cmpnt-cb-preset-a\">\n<p class=\"brlbs-cmpnt-cb-description\">Sie sehen gerade einen Platzhalterinhalt von <strong>Yumpu<\/strong>. Um auf den eigentlichen Inhalt zuzugreifen, klicken Sie auf die Schaltfl\u00e4che unten. Bitte beachten Sie, dass dabei Daten an Drittanbieter weitergegeben werden.<\/p>\n<div class=\"brlbs-cmpnt-cb-buttons\"> <a class=\"brlbs-cmpnt-cb-btn\" href=\"#\" data-borlabs-cookie-unblock role=\"button\">Inhalt entsperren<\/a> <a class=\"brlbs-cmpnt-cb-btn\" href=\"#\" data-borlabs-cookie-accept-service role=\"button\" style=\"display: inherit\">Erforderlichen Service akzeptieren und Inhalte entsperren<\/a> <\/div>\n<p> <a class=\"brlbs-cmpnt-cb-provider-toggle\" href=\"#\" data-borlabs-cookie-show-provider-information role=\"button\">Mehr Informationen<\/a> <\/div>\n<\/div>\n<\/div>\n<p><a class=\"button\" href=\"https:\/\/linmot.com\/fileadmin\/user_upload\/Downloads\/Brochures\/linmot_produkteuebersicht_de_2024.pdf\" target=\"_blank\" rel=\"noopener\">Der aktuelle Produktkatalog zum download (PDF)<\/a><\/p>\n","protected":false},"excerpt":{"rendered":"<p>Auf dieser Seite stellen wir Ihnen die Produkte von LinMot und Magspring vor. Das Produktesortiment besteht neben den Standard-Linearmotoren auch aus ATEX und INOX Motoren, Linearmotoren mit integriertem Drive, Hubdreh-Motoren, Servo-Drives, Linearf\u00fchrungen und -module, MagSpring und diversem Zubeh\u00f6r. Auf den Folgeseiten erwarten Sie zu allen Produkten Videos, Beschreibungen und Anwendungsberichte. Wir beraten Sie gerne, um [&hellip;]<\/p>\n","protected":false},"author":9,"featured_media":0,"parent":0,"menu_order":47,"comment_status":"closed","ping_status":"closed","template":"","meta":{"_acf_changed":false,"footnotes":""},"class_list":["post-1736","page","type-page","status-publish","hentry"],"acf":[],"yoast_head":"<!-- This site is optimized with the Yoast SEO Premium plugin v20.9 (Yoast SEO v27.3) - https:\/\/yoast.com\/product\/yoast-seo-premium-wordpress\/ -->\n<title>Die Produkte von LinMot und Magspring in einer \u00dcbersicht | LinMot<\/title>\n<meta name=\"description\" content=\"Auf dieser Seite stellen wir Ihnen die Produkte von LinMot und Magspring. Sehen Sie sich das breite Produktsortiment an Linearmotoren an.\" \/>\n<meta name=\"robots\" content=\"index, follow, max-snippet:-1, max-image-preview:large, max-video-preview:-1\" \/>\n<link rel=\"canonical\" href=\"https:\/\/linmot.com\/de\/die-produkteuebersicht-von-linmot-und-magspring\/\" \/>\n<meta property=\"og:locale\" content=\"de_DE\" \/>\n<meta property=\"og:type\" content=\"article\" \/>\n<meta property=\"og:title\" content=\"Die Produkte von LinMot und Magspring in einer \u00dcbersicht | LinMot\" \/>\n<meta property=\"og:description\" content=\"Auf dieser Seite stellen wir Ihnen die Produkte von LinMot und Magspring. Sehen Sie sich das breite Produktsortiment an Linearmotoren an.\" \/>\n<meta property=\"og:url\" content=\"https:\/\/linmot.com\/de\/die-produkteuebersicht-von-linmot-und-magspring\/\" \/>\n<meta property=\"og:site_name\" content=\"LinMot &amp; MagSpring - Deutsch\" \/>\n<meta property=\"article:modified_time\" content=\"2025-11-24T10:59:56+00:00\" \/>\n<meta property=\"og:image\" content=\"https:\/\/linmot.com\/de\/wp-content\/uploads\/sites\/2\/2021\/05\/Produktlanding-Hubdreh-PR02.jpg\" \/>\n\t<meta property=\"og:image:width\" content=\"560\" \/>\n\t<meta property=\"og:image:height\" content=\"315\" \/>\n\t<meta property=\"og:image:type\" content=\"image\/jpeg\" \/>\n<meta name=\"twitter:card\" content=\"summary_large_image\" \/>\n<meta name=\"twitter:title\" content=\"Die Produkte von LinMot und Magspring in einer \u00dcbersicht | LinMot\" \/>\n<meta name=\"twitter:description\" content=\"Auf dieser Seite stellen wir Ihnen die Produkte von LinMot und Magspring. Sehen Sie sich das breite Produktsortiment an Linearmotoren an.\" \/>\n<meta name=\"twitter:image\" content=\"https:\/\/linmot.com\/de\/wp-content\/uploads\/sites\/2\/2021\/05\/Produktlanding-Hubdreh-PR02.jpg\" \/>\n<meta name=\"twitter:label1\" content=\"Gesch\u00e4tzte Lesezeit\" \/>\n\t<meta name=\"twitter:data1\" content=\"5 Minuten\" \/>\n<script type=\"application\/ld+json\" class=\"yoast-schema-graph\">{\"@context\":\"https:\\\/\\\/schema.org\",\"@graph\":[{\"@type\":\"WebPage\",\"@id\":\"https:\\\/\\\/linmot.com\\\/de\\\/die-produkteuebersicht-von-linmot-und-magspring\\\/\",\"url\":\"https:\\\/\\\/linmot.com\\\/de\\\/die-produkteuebersicht-von-linmot-und-magspring\\\/\",\"name\":\"Die Produkte von LinMot und Magspring in einer \u00dcbersicht | LinMot\",\"isPartOf\":{\"@id\":\"https:\\\/\\\/linmot.com\\\/de\\\/#website\"},\"primaryImageOfPage\":{\"@id\":\"https:\\\/\\\/linmot.com\\\/de\\\/die-produkteuebersicht-von-linmot-und-magspring\\\/#primaryimage\"},\"image\":{\"@id\":\"https:\\\/\\\/linmot.com\\\/de\\\/die-produkteuebersicht-von-linmot-und-magspring\\\/#primaryimage\"},\"thumbnailUrl\":\"https:\\\/\\\/linmot.com\\\/wp-content\\\/uploads\\\/2025\\\/01\\\/linearmotoren-product-overview.jpg\",\"datePublished\":\"2021-06-04T07:04:39+00:00\",\"dateModified\":\"2025-11-24T10:59:56+00:00\",\"description\":\"Auf dieser Seite stellen wir Ihnen die Produkte von LinMot und Magspring. Sehen Sie sich das breite Produktsortiment an Linearmotoren an.\",\"breadcrumb\":{\"@id\":\"https:\\\/\\\/linmot.com\\\/de\\\/die-produkteuebersicht-von-linmot-und-magspring\\\/#breadcrumb\"},\"inLanguage\":\"de\",\"potentialAction\":[{\"@type\":\"ReadAction\",\"target\":[\"https:\\\/\\\/linmot.com\\\/de\\\/die-produkteuebersicht-von-linmot-und-magspring\\\/\"]}]},{\"@type\":\"ImageObject\",\"inLanguage\":\"de\",\"@id\":\"https:\\\/\\\/linmot.com\\\/de\\\/die-produkteuebersicht-von-linmot-und-magspring\\\/#primaryimage\",\"url\":\"https:\\\/\\\/linmot.com\\\/wp-content\\\/uploads\\\/2025\\\/01\\\/linearmotoren-product-overview.jpg\",\"contentUrl\":\"https:\\\/\\\/linmot.com\\\/wp-content\\\/uploads\\\/2025\\\/01\\\/linearmotoren-product-overview.jpg\"},{\"@type\":\"BreadcrumbList\",\"@id\":\"https:\\\/\\\/linmot.com\\\/de\\\/die-produkteuebersicht-von-linmot-und-magspring\\\/#breadcrumb\",\"itemListElement\":[{\"@type\":\"ListItem\",\"position\":1,\"name\":\"LinMot\",\"item\":\"https:\\\/\\\/linmot.com\\\/de\\\/\"},{\"@type\":\"ListItem\",\"position\":2,\"name\":\"Die Produkte von LinMot und MagSpring\"}]},{\"@type\":\"WebSite\",\"@id\":\"https:\\\/\\\/linmot.com\\\/de\\\/#website\",\"url\":\"https:\\\/\\\/linmot.com\\\/de\\\/\",\"name\":\"LinMot & MagSpring - Industrielle Linearmotoren\",\"description\":\"Hochwertigen Linearmotoren und Linearmotorsystemen\",\"publisher\":{\"@id\":\"https:\\\/\\\/linmot.com\\\/de\\\/#organization\"},\"potentialAction\":[{\"@type\":\"SearchAction\",\"target\":{\"@type\":\"EntryPoint\",\"urlTemplate\":\"https:\\\/\\\/linmot.com\\\/de\\\/?s={search_term_string}\"},\"query-input\":{\"@type\":\"PropertyValueSpecification\",\"valueRequired\":true,\"valueName\":\"search_term_string\"}}],\"inLanguage\":\"de\"},{\"@type\":\"Organization\",\"@id\":\"https:\\\/\\\/linmot.com\\\/de\\\/#organization\",\"name\":\"NTI AG - LinMot & MagSpring\",\"url\":\"https:\\\/\\\/linmot.com\\\/de\\\/\",\"logo\":{\"@type\":\"ImageObject\",\"inLanguage\":\"de\",\"@id\":\"https:\\\/\\\/linmot.com\\\/de\\\/#\\\/schema\\\/logo\\\/image\\\/\",\"url\":\"https:\\\/\\\/linmot.com\\\/de\\\/wp-content\\\/uploads\\\/sites\\\/2\\\/2022\\\/01\\\/social-logo.jpg\",\"contentUrl\":\"https:\\\/\\\/linmot.com\\\/de\\\/wp-content\\\/uploads\\\/sites\\\/2\\\/2022\\\/01\\\/social-logo.jpg\",\"width\":800,\"height\":500,\"caption\":\"NTI AG - LinMot & MagSpring\"},\"image\":{\"@id\":\"https:\\\/\\\/linmot.com\\\/de\\\/#\\\/schema\\\/logo\\\/image\\\/\"},\"sameAs\":[\"https:\\\/\\\/www.linkedin.com\\\/company\\\/nti-ag-linmot-magspring\",\"https:\\\/\\\/www.youtube.com\\\/user\\\/LinMotEurope\",\"https:\\\/\\\/www.xing.com\\\/pages\\\/linmot-magspring\"]}]}<\/script>\n<!-- \/ Yoast SEO Premium plugin. -->","yoast_head_json":{"title":"Die Produkte von LinMot und Magspring in einer \u00dcbersicht | LinMot","description":"Auf dieser Seite stellen wir Ihnen die Produkte von LinMot und Magspring. Sehen Sie sich das breite Produktsortiment an Linearmotoren an.","robots":{"index":"index","follow":"follow","max-snippet":"max-snippet:-1","max-image-preview":"max-image-preview:large","max-video-preview":"max-video-preview:-1"},"canonical":"https:\/\/linmot.com\/de\/die-produkteuebersicht-von-linmot-und-magspring\/","og_locale":"de_DE","og_type":"article","og_title":"Die Produkte von LinMot und Magspring in einer \u00dcbersicht | LinMot","og_description":"Auf dieser Seite stellen wir Ihnen die Produkte von LinMot und Magspring. Sehen Sie sich das breite Produktsortiment an Linearmotoren an.","og_url":"https:\/\/linmot.com\/de\/die-produkteuebersicht-von-linmot-und-magspring\/","og_site_name":"LinMot &amp; MagSpring - Deutsch","article_modified_time":"2025-11-24T10:59:56+00:00","og_image":[{"width":560,"height":315,"url":"https:\/\/linmot.com\/de\/wp-content\/uploads\/sites\/2\/2021\/05\/Produktlanding-Hubdreh-PR02.jpg","type":"image\/jpeg"}],"twitter_card":"summary_large_image","twitter_title":"Die Produkte von LinMot und Magspring in einer \u00dcbersicht | LinMot","twitter_description":"Auf dieser Seite stellen wir Ihnen die Produkte von LinMot und Magspring. Sehen Sie sich das breite Produktsortiment an Linearmotoren an.","twitter_image":"https:\/\/linmot.com\/de\/wp-content\/uploads\/sites\/2\/2021\/05\/Produktlanding-Hubdreh-PR02.jpg","twitter_misc":{"Gesch\u00e4tzte Lesezeit":"5 Minuten"},"schema":{"@context":"https:\/\/schema.org","@graph":[{"@type":"WebPage","@id":"https:\/\/linmot.com\/de\/die-produkteuebersicht-von-linmot-und-magspring\/","url":"https:\/\/linmot.com\/de\/die-produkteuebersicht-von-linmot-und-magspring\/","name":"Die Produkte von LinMot und Magspring in einer \u00dcbersicht | LinMot","isPartOf":{"@id":"https:\/\/linmot.com\/de\/#website"},"primaryImageOfPage":{"@id":"https:\/\/linmot.com\/de\/die-produkteuebersicht-von-linmot-und-magspring\/#primaryimage"},"image":{"@id":"https:\/\/linmot.com\/de\/die-produkteuebersicht-von-linmot-und-magspring\/#primaryimage"},"thumbnailUrl":"https:\/\/linmot.com\/wp-content\/uploads\/2025\/01\/linearmotoren-product-overview.jpg","datePublished":"2021-06-04T07:04:39+00:00","dateModified":"2025-11-24T10:59:56+00:00","description":"Auf dieser Seite stellen wir Ihnen die Produkte von LinMot und Magspring. Sehen Sie sich das breite Produktsortiment an Linearmotoren an.","breadcrumb":{"@id":"https:\/\/linmot.com\/de\/die-produkteuebersicht-von-linmot-und-magspring\/#breadcrumb"},"inLanguage":"de","potentialAction":[{"@type":"ReadAction","target":["https:\/\/linmot.com\/de\/die-produkteuebersicht-von-linmot-und-magspring\/"]}]},{"@type":"ImageObject","inLanguage":"de","@id":"https:\/\/linmot.com\/de\/die-produkteuebersicht-von-linmot-und-magspring\/#primaryimage","url":"https:\/\/linmot.com\/wp-content\/uploads\/2025\/01\/linearmotoren-product-overview.jpg","contentUrl":"https:\/\/linmot.com\/wp-content\/uploads\/2025\/01\/linearmotoren-product-overview.jpg"},{"@type":"BreadcrumbList","@id":"https:\/\/linmot.com\/de\/die-produkteuebersicht-von-linmot-und-magspring\/#breadcrumb","itemListElement":[{"@type":"ListItem","position":1,"name":"LinMot","item":"https:\/\/linmot.com\/de\/"},{"@type":"ListItem","position":2,"name":"Die Produkte von LinMot und MagSpring"}]},{"@type":"WebSite","@id":"https:\/\/linmot.com\/de\/#website","url":"https:\/\/linmot.com\/de\/","name":"LinMot & MagSpring - Industrielle Linearmotoren","description":"Hochwertigen Linearmotoren und Linearmotorsystemen","publisher":{"@id":"https:\/\/linmot.com\/de\/#organization"},"potentialAction":[{"@type":"SearchAction","target":{"@type":"EntryPoint","urlTemplate":"https:\/\/linmot.com\/de\/?s={search_term_string}"},"query-input":{"@type":"PropertyValueSpecification","valueRequired":true,"valueName":"search_term_string"}}],"inLanguage":"de"},{"@type":"Organization","@id":"https:\/\/linmot.com\/de\/#organization","name":"NTI AG - LinMot & MagSpring","url":"https:\/\/linmot.com\/de\/","logo":{"@type":"ImageObject","inLanguage":"de","@id":"https:\/\/linmot.com\/de\/#\/schema\/logo\/image\/","url":"https:\/\/linmot.com\/de\/wp-content\/uploads\/sites\/2\/2022\/01\/social-logo.jpg","contentUrl":"https:\/\/linmot.com\/de\/wp-content\/uploads\/sites\/2\/2022\/01\/social-logo.jpg","width":800,"height":500,"caption":"NTI AG - LinMot & MagSpring"},"image":{"@id":"https:\/\/linmot.com\/de\/#\/schema\/logo\/image\/"},"sameAs":["https:\/\/www.linkedin.com\/company\/nti-ag-linmot-magspring","https:\/\/www.youtube.com\/user\/LinMotEurope","https:\/\/www.xing.com\/pages\/linmot-magspring"]}]}},"_links":{"self":[{"href":"https:\/\/linmot.com\/de\/wp-json\/wp\/v2\/pages\/1736","targetHints":{"allow":["GET"]}}],"collection":[{"href":"https:\/\/linmot.com\/de\/wp-json\/wp\/v2\/pages"}],"about":[{"href":"https:\/\/linmot.com\/de\/wp-json\/wp\/v2\/types\/page"}],"author":[{"embeddable":true,"href":"https:\/\/linmot.com\/de\/wp-json\/wp\/v2\/users\/9"}],"replies":[{"embeddable":true,"href":"https:\/\/linmot.com\/de\/wp-json\/wp\/v2\/comments?post=1736"}],"version-history":[{"count":51,"href":"https:\/\/linmot.com\/de\/wp-json\/wp\/v2\/pages\/1736\/revisions"}],"predecessor-version":[{"id":6127,"href":"https:\/\/linmot.com\/de\/wp-json\/wp\/v2\/pages\/1736\/revisions\/6127"}],"wp:attachment":[{"href":"https:\/\/linmot.com\/de\/wp-json\/wp\/v2\/media?parent=1736"}],"curies":[{"name":"wp","href":"https:\/\/api.w.org\/{rel}","templated":true}]}}