{"id":1609,"date":"2021-05-28T09:47:13","date_gmt":"2021-05-28T07:47:13","guid":{"rendered":"https:\/\/linmot.com\/de\/?page_id=1609"},"modified":"2024-04-22T16:50:17","modified_gmt":"2024-04-22T14:50:17","slug":"hubdreh-motoren-uebersicht","status":"publish","type":"page","link":"https:\/\/linmot.com\/de\/produkte\/hubdreh-motoren-uebersicht\/","title":{"rendered":"Hubdreh-Motoren"},"content":{"rendered":"<p align=\"justify\"><strong>Verschliessen, Verschrauben oder Assemblieren\u2026 Hubdreh-Motoren von LinMot zeichnen sich durch eine ausgezeichnete Flexibilit\u00e4t, Dynamik und Geschwindigkeit aus. Sie kombinieren in nur einem schlanken Geh\u00e4use zwei elektromagnetische Servomotoren und erm\u00f6glichen dadurch auf einfachste Weise kombinierte Linear- und Rotationsbewegungen.<\/strong><\/p>\n<p align=\"justify\">Die robusten Module \u00fcberzeugen des Weiteren mit einer \u00fcberragenden Verf\u00fcgbarkeit und k\u00f6nnen mit vielen Optionen ausgestattet werden. LinMot bietet Hubdreh-Motoren in zwei unterschiedlichen Serien an.<\/p>\n<p><a class=\"btn btn-active\" href=\"\/de\/linear-und-rotationsbewegungen-in-einem-hubdreh-motoren\/\" target=\"_blank\" rel=\"noopener noreferrer\">Mehr zu den Hubdreh-Motoren<\/a><\/p>\n<hr \/>\n<h2>So funktionieren die Hubdreh-Motoren<\/h2>\n<div class=\"row\">\n<div class=\"col-md-6\">\n<ul>\n<li>Hochdynamischer linearer und rotativer Direktantrieb<\/li>\n<li>Unabh\u00e4ngige lineare und rotative Bewegungen &#8211; bei Bedarf synchronisierbar<\/li>\n<li>Programmierbare Presskr\u00e4fte und Drehmomente<\/li>\n<li>Optional mit Hohlwelle<\/li>\n<li>Optional mit MagSpring f\u00fcr Lastkompensation<\/li>\n<\/ul>\n<p><a class=\"btn btn-active\" href=\"https:\/\/shop.linmot.com\/D\/hubdreh-motoren.htm\" target=\"_blank\" rel=\"noopener noreferrer\">Zu den Details im e-Katalog<\/a><br \/>\n<\/div>\n<div class=\"col-md-1\">\n<\/div>\n<div class=\"col-md-5\">\n<p style=\"text-align: center;\">\n<div class=\"brlbs-cmpnt-container brlbs-cmpnt-content-blocker brlbs-cmpnt-with-individual-styles\" data-borlabs-cookie-content-blocker-id=\"youtube-content-blocker\" data-borlabs-cookie-content=\"PGlmcmFtZSB0aXRsZT0iWW91VHViZSB2aWRlbyBwbGF5ZXIiIHNyYz0iaHR0cHM6Ly93d3cueW91dHViZS1ub2Nvb2tpZS5jb20vZW1iZWQvZk9sU2NIT3ZLMkkiIHdpZHRoPSIzOTQiIGhlaWdodD0iMjIwIiBmcmFtZWJvcmRlcj0iMCIgYWxsb3dmdWxsc2NyZWVuPSJhbGxvd2Z1bGxzY3JlZW4iPjwvaWZyYW1lPg==\">\n<div class=\"brlbs-cmpnt-cb-preset-c brlbs-cmpnt-cb-youtube\">\n<div class=\"brlbs-cmpnt-cb-thumbnail\" style=\"background-image: url('https:\/\/linmot.com\/de\/wp-content\/uploads\/borlabs-cookie\/2\/yt_fOlScHOvK2I_hqdefault.jpg')\"><\/div>\n<div class=\"brlbs-cmpnt-cb-main\">\n<div class=\"brlbs-cmpnt-cb-play-button\"><\/div>\n<div class=\"brlbs-cmpnt-cb-content\">\n<p class=\"brlbs-cmpnt-cb-description\">Sie sehen gerade einen Platzhalterinhalt von <strong>YouTube<\/strong>. Um auf den eigentlichen Inhalt zuzugreifen, klicken Sie auf die Schaltfl\u00e4che unten. Bitte beachten Sie, dass dabei Daten an Drittanbieter weitergegeben werden.<\/p>\n<p> <a class=\"brlbs-cmpnt-cb-provider-toggle\" href=\"#\" data-borlabs-cookie-show-provider-information role=\"button\">Mehr Informationen<\/a> <\/div>\n<div class=\"brlbs-cmpnt-cb-buttons\"> <a class=\"brlbs-cmpnt-cb-btn\" href=\"#\" data-borlabs-cookie-unblock role=\"button\">Inhalt entsperren<\/a> <a class=\"brlbs-cmpnt-cb-btn\" href=\"#\" data-borlabs-cookie-accept-service role=\"button\" style=\"display: inherit\">Erforderlichen Service akzeptieren und Inhalte entsperren<\/a> <\/div>\n<\/p><\/div>\n<\/p><\/div>\n<\/div>\n<\/div>\n<\/div>\n<hr \/>\n<h3>Serie PR01<\/h3>\n<div class=\"row\">\n<div class=\"col-md-6\">\n<p>Die PR01-Produktfamilie vereint einen linearen und einen rotativen Motor in nur einem Geh\u00e4use.<\/p>\n<ul>\n<li>Serielles Konstruktionsprinzip f\u00fcr kleinste Grundfl\u00e4che<\/li>\n<li>Optional mit Getriebe\u00fcbersetzung verf\u00fcgbar<\/li>\n<li>Einfachste Realisierung von Verschliessern, Verschraubern oder Assemblierstationen<\/li>\n<\/ul>\n<p><a class=\"button\" href=\"\/de\/produkte\/hubdreh-motoren-uebersicht\/hub-dreh-motoren\/\">Mehr zur Serie PR01<\/a><\/p>\n<\/div>\n<div class=\"col-md-1\">\n<\/div>\n<div class=\"col-md-5\">\n<img loading=\"lazy\" decoding=\"async\" class=\"aligncenter wp-image-702 size-full\" title=\"Hubdreh-Motor PR01\" src=\"https:\/\/linmot.com\/de\/wp-content\/uploads\/sites\/2\/2017\/10\/Hub-Dreh-Motoren-mit-Hohlwelle.jpg\" alt=\"Hubdreh-Motoren Serie PR01\" width=\"612\" height=\"190\" srcset=\"https:\/\/linmot.com\/de\/wp-content\/uploads\/sites\/2\/2017\/10\/Hub-Dreh-Motoren-mit-Hohlwelle.jpg 612w, https:\/\/linmot.com\/de\/wp-content\/uploads\/sites\/2\/2017\/10\/Hub-Dreh-Motoren-mit-Hohlwelle-300x93.jpg 300w\" sizes=\"auto, (max-width: 612px) 100vw, 612px\" \/>\n<\/div>\n<\/div>\n<h3>Serie PR02<\/h3>\n<div class=\"row\">\n<div class=\"col-md-6\">\nDie PR02-Motorserie zeichnet sich durch ein Design aus, bei dem die Motoren und zus\u00e4tzlichen Komponenten in einem schlanken, leicht zu reinigenden Geh\u00e4use integriert sind.<\/p>\n<ul>\n<li>Paralleles Konstruktionsprinzip mit kurzer Einbaul\u00e4nge und integrierten Optionen<\/li>\n<li>Optional mit integrierter Kraft- &amp; Drehmomentsensorik<\/li>\n<li>Einfach zu reinigende Oberfl\u00e4chen<\/li>\n<li>Einfachste Realisierung von Verschliessern, Verschraubern oder Assemblierstationen mit integrierten Optionen<\/li>\n<\/ul>\n<p><a class=\"button\" href=\"\/de\/produkte\/hubdreh-motoren-uebersicht\/hubdreh-motoren-serie-pr02\/\">Mehr zur Serie PR02<\/a><\/p>\n<\/div>\n<div class=\"col-md-1\">\n<\/div>\n<div class=\"col-md-5\">\n<img loading=\"lazy\" decoding=\"async\" class=\"aligncenter wp-image-1626\" title=\"Hubdreh-Motor PR02\" src=\"https:\/\/linmot.com\/de\/wp-content\/uploads\/sites\/2\/2021\/05\/Motorfamilie-PR02-38.jpg\" alt=\"Hubdreh-Motoren Serie PR02\" width=\"612\" height=\"254\" srcset=\"https:\/\/linmot.com\/de\/wp-content\/uploads\/sites\/2\/2021\/05\/Motorfamilie-PR02-38.jpg 797w, https:\/\/linmot.com\/de\/wp-content\/uploads\/sites\/2\/2021\/05\/Motorfamilie-PR02-38-300x125.jpg 300w, https:\/\/linmot.com\/de\/wp-content\/uploads\/sites\/2\/2021\/05\/Motorfamilie-PR02-38-768x319.jpg 768w\" sizes=\"auto, (max-width: 612px) 100vw, 612px\" \/>\n<\/div>\n<\/div>\n<hr \/>\n<h3>Automatisiertes Verschliessen und Verschrauben<\/h3>\n<div class=\"row\">\n<div class=\"col-md-6\">\n<p align=\"justify\">Dadurch, dass die Linearbewegung auch durch einen Direktantrieb realisiert wird gestalten sich Verschliessprozesse wesentlich flexibler und effizienter als mit Systemen, die auf Hubkurven, Pneumatik Zylinder oder Kugelumlaufantriebe zur Erzeugung derselben angewiesen sind. Integrierte Kraft- und Drehmomentsensoren bieten noch mehr Sicherheit f\u00fcr Anwendungen mit Anforderung an hohe Pr\u00e4zision und Prozesssicherheit und erm\u00f6glichen zus\u00e4tzlich das Sammeln von Prozessdaten f\u00fcr jeden einzelnen Verschlussvorgang (I4.0).<\/p>\n<p><a class=\"button\" href=\"\/de\/automatisiertes-verschliessen-und-verschrauben\/\">Mehr Anwendungsbeispiele<\/a><br \/>\n<\/div>\n<div class=\"col-md-1\">\n<\/div>\n<div class=\"col-md-5\">\n<p style=\"text-align: center;\">\n<div class=\"brlbs-cmpnt-container brlbs-cmpnt-content-blocker brlbs-cmpnt-with-individual-styles\" data-borlabs-cookie-content-blocker-id=\"youtube-content-blocker\" data-borlabs-cookie-content=\"PGlmcmFtZSB0aXRsZT0iWW91VHViZSB2aWRlbyBwbGF5ZXIiIHNyYz0iaHR0cHM6Ly93d3cueW91dHViZS1ub2Nvb2tpZS5jb20vZW1iZWQvakc4eVo5Tmw5SFEiIHdpZHRoPSIzOTQiIGhlaWdodD0iMjIwIiBmcmFtZWJvcmRlcj0iMCIgYWxsb3dmdWxsc2NyZWVuPSJhbGxvd2Z1bGxzY3JlZW4iPjwvaWZyYW1lPg==\">\n<div class=\"brlbs-cmpnt-cb-preset-c brlbs-cmpnt-cb-youtube\">\n<div class=\"brlbs-cmpnt-cb-thumbnail\" style=\"background-image: url('https:\/\/linmot.com\/de\/wp-content\/uploads\/borlabs-cookie\/2\/yt_jG8yZ9Nl9HQ_hqdefault.jpg')\"><\/div>\n<div class=\"brlbs-cmpnt-cb-main\">\n<div class=\"brlbs-cmpnt-cb-play-button\"><\/div>\n<div class=\"brlbs-cmpnt-cb-content\">\n<p class=\"brlbs-cmpnt-cb-description\">Sie sehen gerade einen Platzhalterinhalt von <strong>YouTube<\/strong>. Um auf den eigentlichen Inhalt zuzugreifen, klicken Sie auf die Schaltfl\u00e4che unten. Bitte beachten Sie, dass dabei Daten an Drittanbieter weitergegeben werden.<\/p>\n<p> <a class=\"brlbs-cmpnt-cb-provider-toggle\" href=\"#\" data-borlabs-cookie-show-provider-information role=\"button\">Mehr Informationen<\/a> <\/div>\n<div class=\"brlbs-cmpnt-cb-buttons\"> <a class=\"brlbs-cmpnt-cb-btn\" href=\"#\" data-borlabs-cookie-unblock role=\"button\">Inhalt entsperren<\/a> <a class=\"brlbs-cmpnt-cb-btn\" href=\"#\" data-borlabs-cookie-accept-service role=\"button\" style=\"display: inherit\">Erforderlichen Service akzeptieren und Inhalte entsperren<\/a> <\/div>\n<\/p><\/div>\n<\/p><\/div>\n<\/div>\n<\/div>\n<\/div>\n<hr \/>\n<h2>Fragen zu unseren Hubdreh-Motoren?<\/h2>\n<p>Wir stehen Ihnen gerne f\u00fcr Ihre Fragen oder eine Beratung zur Verf\u00fcgung. Kontaktieren Sie uns unter Tel: +49 (0)201 858940 0 oder \u00fcber das nachfolgende Formular:<\/p>\n\n<div class=\"wpcf7 no-js\" id=\"wpcf7-f1617-o1\" lang=\"de-DE\" dir=\"ltr\" data-wpcf7-id=\"1617\">\n<div class=\"screen-reader-response\"><p role=\"status\" aria-live=\"polite\" aria-atomic=\"true\"><\/p> <ul><\/ul><\/div>\n<form action=\"\/de\/wp-json\/wp\/v2\/pages\/1609#wpcf7-f1617-o1\" method=\"post\" class=\"wpcf7-form init\" aria-label=\"Kontaktformular\" novalidate=\"novalidate\" data-status=\"init\">\n<fieldset class=\"hidden-fields-container\"><input type=\"hidden\" name=\"_wpcf7\" value=\"1617\" \/><input type=\"hidden\" name=\"_wpcf7_version\" value=\"6.1.5\" \/><input type=\"hidden\" name=\"_wpcf7_locale\" value=\"de_DE\" \/><input type=\"hidden\" name=\"_wpcf7_unit_tag\" value=\"wpcf7-f1617-o1\" \/><input type=\"hidden\" name=\"_wpcf7_container_post\" value=\"0\" \/><input type=\"hidden\" name=\"_wpcf7_posted_data_hash\" value=\"\" \/><input type=\"hidden\" name=\"_wpcf7_recaptcha_response\" value=\"\" \/>\n<\/fieldset>\n<label> Ihr Name<br>\n    <span class=\"wpcf7-form-control-wrap\" data-name=\"your-name\"><input size=\"40\" maxlength=\"400\" class=\"wpcf7-form-control wpcf7-text wpcf7-validates-as-required\" aria-required=\"true\" aria-invalid=\"false\" value=\"\" type=\"text\" name=\"your-name\" \/><\/span> <\/label>\n<br>\n<label> Ihre Firma<br>\n    <span class=\"wpcf7-form-control-wrap\" data-name=\"your-company\"><input size=\"40\" maxlength=\"400\" class=\"wpcf7-form-control wpcf7-text wpcf7-validates-as-required\" aria-required=\"true\" aria-invalid=\"false\" value=\"\" type=\"text\" name=\"your-company\" \/><\/span> <\/label>\n<br>\n<label> Postleitzahl<br>\n    <span class=\"wpcf7-form-control-wrap\" data-name=\"your-plz\"><input class=\"wpcf7-form-control wpcf7-number wpcf7-validates-as-required wpcf7-validates-as-number\" aria-required=\"true\" aria-invalid=\"false\" value=\"\" type=\"number\" name=\"your-plz\" \/><\/span> <\/label>\n<br>\n<label> Land<br>\n    <span class=\"wpcf7-form-control-wrap\" data-name=\"your-country\"><input size=\"40\" maxlength=\"400\" class=\"wpcf7-form-control wpcf7-text wpcf7-validates-as-required\" aria-required=\"true\" aria-invalid=\"false\" value=\"\" type=\"text\" name=\"your-country\" \/><\/span> <\/label>\n<br>\n<label> Telefonnummer<br>\n    <span class=\"wpcf7-form-control-wrap\" data-name=\"your-telephone\"><input size=\"40\" maxlength=\"400\" class=\"wpcf7-form-control wpcf7-tel wpcf7-text wpcf7-validates-as-tel\" aria-invalid=\"false\" value=\"\" type=\"tel\" name=\"your-telephone\" \/><\/span> <\/label>\n<br>\n<label> E-Mail-Adresse<br>\n    <span class=\"wpcf7-form-control-wrap\" data-name=\"your-email\"><input size=\"40\" maxlength=\"400\" class=\"wpcf7-form-control wpcf7-email wpcf7-validates-as-required wpcf7-text wpcf7-validates-as-email\" aria-required=\"true\" aria-invalid=\"false\" value=\"\" type=\"email\" name=\"your-email\" \/><\/span> <\/label>\n<br>\n<label> Ihre Frage<br>\n    <span class=\"wpcf7-form-control-wrap\" data-name=\"your-message\"><textarea cols=\"40\" rows=\"10\" maxlength=\"2000\" class=\"wpcf7-form-control wpcf7-textarea\" aria-invalid=\"false\" name=\"your-message\"><\/textarea><\/span> <\/label>\n<br>\n<input class=\"wpcf7-form-control wpcf7-submit has-spinner\" type=\"submit\" value=\"Senden\" \/><div class=\"wpcf7-response-output\" aria-hidden=\"true\"><\/div>\n<\/form>\n<\/div>\n\n","protected":false},"excerpt":{"rendered":"<p>Verschliessen, Verschrauben oder Assemblieren\u2026 Hubdreh-Motoren von LinMot zeichnen sich durch eine ausgezeichnete Flexibilit\u00e4t, Dynamik und Geschwindigkeit aus. Sie kombinieren in nur einem schlanken Geh\u00e4use zwei elektromagnetische Servomotoren und erm\u00f6glichen dadurch auf einfachste Weise kombinierte Linear- und Rotationsbewegungen. Die robusten Module \u00fcberzeugen des Weiteren mit einer \u00fcberragenden Verf\u00fcgbarkeit und k\u00f6nnen mit vielen Optionen ausgestattet werden. LinMot [&hellip;]<\/p>\n","protected":false},"author":9,"featured_media":0,"parent":6,"menu_order":56,"comment_status":"closed","ping_status":"closed","template":"","meta":{"_acf_changed":false,"footnotes":""},"class_list":["post-1609","page","type-page","status-publish","hentry"],"acf":[],"yoast_head":"<!-- This site is optimized with the Yoast SEO Premium plugin v20.9 (Yoast SEO v27.3) - https:\/\/yoast.com\/product\/yoast-seo-premium-wordpress\/ -->\n<title>Hubdreh-Motoren \u2013 kombinierte Linear- &amp; Rotationsbewegungen<\/title>\n<meta name=\"description\" content=\"LinMot Hubdreh-Motoren zeichnen sich durch ausgezeichnete Flexibilit\u00e4t, Dynamik und Geschwindigkeit aus. LinMot bietet zwei Produktserien an.\" \/>\n<meta name=\"robots\" content=\"index, follow, max-snippet:-1, max-image-preview:large, max-video-preview:-1\" \/>\n<link rel=\"canonical\" href=\"https:\/\/linmot.com\/de\/produkte\/hubdreh-motoren-uebersicht\/\" \/>\n<meta property=\"og:locale\" content=\"de_DE\" \/>\n<meta property=\"og:type\" content=\"article\" \/>\n<meta property=\"og:title\" content=\"Hubdreh-Motoren \u2013 kombinierte Linear- &amp; Rotationsbewegungen\" \/>\n<meta property=\"og:description\" content=\"LinMot Hubdreh-Motoren zeichnen sich durch ausgezeichnete Flexibilit\u00e4t, Dynamik und Geschwindigkeit aus. LinMot bietet zwei Produktserien an.\" \/>\n<meta property=\"og:url\" content=\"https:\/\/linmot.com\/de\/produkte\/hubdreh-motoren-uebersicht\/\" \/>\n<meta property=\"og:site_name\" content=\"LinMot &amp; MagSpring - Deutsch\" \/>\n<meta property=\"article:modified_time\" content=\"2024-04-22T14:50:17+00:00\" \/>\n<meta property=\"og:image\" content=\"https:\/\/linmot.com\/de\/wp-content\/uploads\/sites\/2\/2017\/10\/Hub-Dreh-Motoren-mit-Hohlwelle.jpg\" \/>\n<meta name=\"twitter:card\" content=\"summary_large_image\" \/>\n<meta name=\"twitter:title\" content=\"Hubdreh-Motoren \u2013 kombinierte Linear- &amp; Rotationsbewegungen\" \/>\n<meta name=\"twitter:description\" content=\"LinMot Hubdreh-Motoren zeichnen sich durch ausgezeichnete Flexibilit\u00e4t, Dynamik und Geschwindigkeit aus. LinMot bietet zwei Produktserien an.\" \/>\n<meta name=\"twitter:label1\" content=\"Gesch\u00e4tzte Lesezeit\" \/>\n\t<meta name=\"twitter:data1\" content=\"3 Minuten\" \/>\n<script type=\"application\/ld+json\" class=\"yoast-schema-graph\">{\"@context\":\"https:\\\/\\\/schema.org\",\"@graph\":[{\"@type\":\"WebPage\",\"@id\":\"https:\\\/\\\/linmot.com\\\/de\\\/produkte\\\/hubdreh-motoren-uebersicht\\\/\",\"url\":\"https:\\\/\\\/linmot.com\\\/de\\\/produkte\\\/hubdreh-motoren-uebersicht\\\/\",\"name\":\"Hubdreh-Motoren \u2013 kombinierte Linear- & Rotationsbewegungen\",\"isPartOf\":{\"@id\":\"https:\\\/\\\/linmot.com\\\/de\\\/#website\"},\"primaryImageOfPage\":{\"@id\":\"https:\\\/\\\/linmot.com\\\/de\\\/produkte\\\/hubdreh-motoren-uebersicht\\\/#primaryimage\"},\"image\":{\"@id\":\"https:\\\/\\\/linmot.com\\\/de\\\/produkte\\\/hubdreh-motoren-uebersicht\\\/#primaryimage\"},\"thumbnailUrl\":\"https:\\\/\\\/linmot.com\\\/de\\\/wp-content\\\/uploads\\\/sites\\\/2\\\/2017\\\/10\\\/Hub-Dreh-Motoren-mit-Hohlwelle.jpg\",\"datePublished\":\"2021-05-28T07:47:13+00:00\",\"dateModified\":\"2024-04-22T14:50:17+00:00\",\"description\":\"LinMot Hubdreh-Motoren zeichnen sich durch ausgezeichnete Flexibilit\u00e4t, Dynamik und Geschwindigkeit aus. LinMot bietet zwei Produktserien an.\",\"breadcrumb\":{\"@id\":\"https:\\\/\\\/linmot.com\\\/de\\\/produkte\\\/hubdreh-motoren-uebersicht\\\/#breadcrumb\"},\"inLanguage\":\"de\",\"potentialAction\":[{\"@type\":\"ReadAction\",\"target\":[\"https:\\\/\\\/linmot.com\\\/de\\\/produkte\\\/hubdreh-motoren-uebersicht\\\/\"]}]},{\"@type\":\"ImageObject\",\"inLanguage\":\"de\",\"@id\":\"https:\\\/\\\/linmot.com\\\/de\\\/produkte\\\/hubdreh-motoren-uebersicht\\\/#primaryimage\",\"url\":\"https:\\\/\\\/linmot.com\\\/de\\\/wp-content\\\/uploads\\\/sites\\\/2\\\/2017\\\/10\\\/Hub-Dreh-Motoren-mit-Hohlwelle.jpg\",\"contentUrl\":\"https:\\\/\\\/linmot.com\\\/de\\\/wp-content\\\/uploads\\\/sites\\\/2\\\/2017\\\/10\\\/Hub-Dreh-Motoren-mit-Hohlwelle.jpg\",\"width\":612,\"height\":190,\"caption\":\"Hubdreh-Linearmotoren mit Hohlwelle\"},{\"@type\":\"BreadcrumbList\",\"@id\":\"https:\\\/\\\/linmot.com\\\/de\\\/produkte\\\/hubdreh-motoren-uebersicht\\\/#breadcrumb\",\"itemListElement\":[{\"@type\":\"ListItem\",\"position\":1,\"name\":\"LinMot\",\"item\":\"https:\\\/\\\/linmot.com\\\/de\\\/\"},{\"@type\":\"ListItem\",\"position\":2,\"name\":\"Produkte\",\"item\":\"https:\\\/\\\/linmot.com\\\/de\\\/produkte\\\/\"},{\"@type\":\"ListItem\",\"position\":3,\"name\":\"Hubdreh-Motoren\"}]},{\"@type\":\"WebSite\",\"@id\":\"https:\\\/\\\/linmot.com\\\/de\\\/#website\",\"url\":\"https:\\\/\\\/linmot.com\\\/de\\\/\",\"name\":\"LinMot & MagSpring - Industrielle Linearmotoren\",\"description\":\"Hochwertigen Linearmotoren und Linearmotorsystemen\",\"publisher\":{\"@id\":\"https:\\\/\\\/linmot.com\\\/de\\\/#organization\"},\"potentialAction\":[{\"@type\":\"SearchAction\",\"target\":{\"@type\":\"EntryPoint\",\"urlTemplate\":\"https:\\\/\\\/linmot.com\\\/de\\\/?s={search_term_string}\"},\"query-input\":{\"@type\":\"PropertyValueSpecification\",\"valueRequired\":true,\"valueName\":\"search_term_string\"}}],\"inLanguage\":\"de\"},{\"@type\":\"Organization\",\"@id\":\"https:\\\/\\\/linmot.com\\\/de\\\/#organization\",\"name\":\"NTI AG - LinMot & MagSpring\",\"url\":\"https:\\\/\\\/linmot.com\\\/de\\\/\",\"logo\":{\"@type\":\"ImageObject\",\"inLanguage\":\"de\",\"@id\":\"https:\\\/\\\/linmot.com\\\/de\\\/#\\\/schema\\\/logo\\\/image\\\/\",\"url\":\"https:\\\/\\\/linmot.com\\\/de\\\/wp-content\\\/uploads\\\/sites\\\/2\\\/2022\\\/01\\\/social-logo.jpg\",\"contentUrl\":\"https:\\\/\\\/linmot.com\\\/de\\\/wp-content\\\/uploads\\\/sites\\\/2\\\/2022\\\/01\\\/social-logo.jpg\",\"width\":800,\"height\":500,\"caption\":\"NTI AG - LinMot & MagSpring\"},\"image\":{\"@id\":\"https:\\\/\\\/linmot.com\\\/de\\\/#\\\/schema\\\/logo\\\/image\\\/\"},\"sameAs\":[\"https:\\\/\\\/www.linkedin.com\\\/company\\\/nti-ag-linmot-magspring\",\"https:\\\/\\\/www.youtube.com\\\/user\\\/LinMotEurope\",\"https:\\\/\\\/www.xing.com\\\/pages\\\/linmot-magspring\"]}]}<\/script>\n<!-- \/ Yoast SEO Premium plugin. -->","yoast_head_json":{"title":"Hubdreh-Motoren \u2013 kombinierte Linear- & Rotationsbewegungen","description":"LinMot Hubdreh-Motoren zeichnen sich durch ausgezeichnete Flexibilit\u00e4t, Dynamik und Geschwindigkeit aus. LinMot bietet zwei Produktserien an.","robots":{"index":"index","follow":"follow","max-snippet":"max-snippet:-1","max-image-preview":"max-image-preview:large","max-video-preview":"max-video-preview:-1"},"canonical":"https:\/\/linmot.com\/de\/produkte\/hubdreh-motoren-uebersicht\/","og_locale":"de_DE","og_type":"article","og_title":"Hubdreh-Motoren \u2013 kombinierte Linear- & Rotationsbewegungen","og_description":"LinMot Hubdreh-Motoren zeichnen sich durch ausgezeichnete Flexibilit\u00e4t, Dynamik und Geschwindigkeit aus. LinMot bietet zwei Produktserien an.","og_url":"https:\/\/linmot.com\/de\/produkte\/hubdreh-motoren-uebersicht\/","og_site_name":"LinMot &amp; MagSpring - Deutsch","article_modified_time":"2024-04-22T14:50:17+00:00","og_image":[{"url":"https:\/\/linmot.com\/de\/wp-content\/uploads\/sites\/2\/2017\/10\/Hub-Dreh-Motoren-mit-Hohlwelle.jpg","type":"","width":"","height":""}],"twitter_card":"summary_large_image","twitter_title":"Hubdreh-Motoren \u2013 kombinierte Linear- & Rotationsbewegungen","twitter_description":"LinMot Hubdreh-Motoren zeichnen sich durch ausgezeichnete Flexibilit\u00e4t, Dynamik und Geschwindigkeit aus. LinMot bietet zwei Produktserien an.","twitter_misc":{"Gesch\u00e4tzte Lesezeit":"3 Minuten"},"schema":{"@context":"https:\/\/schema.org","@graph":[{"@type":"WebPage","@id":"https:\/\/linmot.com\/de\/produkte\/hubdreh-motoren-uebersicht\/","url":"https:\/\/linmot.com\/de\/produkte\/hubdreh-motoren-uebersicht\/","name":"Hubdreh-Motoren \u2013 kombinierte Linear- & Rotationsbewegungen","isPartOf":{"@id":"https:\/\/linmot.com\/de\/#website"},"primaryImageOfPage":{"@id":"https:\/\/linmot.com\/de\/produkte\/hubdreh-motoren-uebersicht\/#primaryimage"},"image":{"@id":"https:\/\/linmot.com\/de\/produkte\/hubdreh-motoren-uebersicht\/#primaryimage"},"thumbnailUrl":"https:\/\/linmot.com\/de\/wp-content\/uploads\/sites\/2\/2017\/10\/Hub-Dreh-Motoren-mit-Hohlwelle.jpg","datePublished":"2021-05-28T07:47:13+00:00","dateModified":"2024-04-22T14:50:17+00:00","description":"LinMot Hubdreh-Motoren zeichnen sich durch ausgezeichnete Flexibilit\u00e4t, Dynamik und Geschwindigkeit aus. LinMot bietet zwei Produktserien an.","breadcrumb":{"@id":"https:\/\/linmot.com\/de\/produkte\/hubdreh-motoren-uebersicht\/#breadcrumb"},"inLanguage":"de","potentialAction":[{"@type":"ReadAction","target":["https:\/\/linmot.com\/de\/produkte\/hubdreh-motoren-uebersicht\/"]}]},{"@type":"ImageObject","inLanguage":"de","@id":"https:\/\/linmot.com\/de\/produkte\/hubdreh-motoren-uebersicht\/#primaryimage","url":"https:\/\/linmot.com\/de\/wp-content\/uploads\/sites\/2\/2017\/10\/Hub-Dreh-Motoren-mit-Hohlwelle.jpg","contentUrl":"https:\/\/linmot.com\/de\/wp-content\/uploads\/sites\/2\/2017\/10\/Hub-Dreh-Motoren-mit-Hohlwelle.jpg","width":612,"height":190,"caption":"Hubdreh-Linearmotoren mit Hohlwelle"},{"@type":"BreadcrumbList","@id":"https:\/\/linmot.com\/de\/produkte\/hubdreh-motoren-uebersicht\/#breadcrumb","itemListElement":[{"@type":"ListItem","position":1,"name":"LinMot","item":"https:\/\/linmot.com\/de\/"},{"@type":"ListItem","position":2,"name":"Produkte","item":"https:\/\/linmot.com\/de\/produkte\/"},{"@type":"ListItem","position":3,"name":"Hubdreh-Motoren"}]},{"@type":"WebSite","@id":"https:\/\/linmot.com\/de\/#website","url":"https:\/\/linmot.com\/de\/","name":"LinMot & MagSpring - Industrielle Linearmotoren","description":"Hochwertigen Linearmotoren und Linearmotorsystemen","publisher":{"@id":"https:\/\/linmot.com\/de\/#organization"},"potentialAction":[{"@type":"SearchAction","target":{"@type":"EntryPoint","urlTemplate":"https:\/\/linmot.com\/de\/?s={search_term_string}"},"query-input":{"@type":"PropertyValueSpecification","valueRequired":true,"valueName":"search_term_string"}}],"inLanguage":"de"},{"@type":"Organization","@id":"https:\/\/linmot.com\/de\/#organization","name":"NTI AG - LinMot & MagSpring","url":"https:\/\/linmot.com\/de\/","logo":{"@type":"ImageObject","inLanguage":"de","@id":"https:\/\/linmot.com\/de\/#\/schema\/logo\/image\/","url":"https:\/\/linmot.com\/de\/wp-content\/uploads\/sites\/2\/2022\/01\/social-logo.jpg","contentUrl":"https:\/\/linmot.com\/de\/wp-content\/uploads\/sites\/2\/2022\/01\/social-logo.jpg","width":800,"height":500,"caption":"NTI AG - LinMot & MagSpring"},"image":{"@id":"https:\/\/linmot.com\/de\/#\/schema\/logo\/image\/"},"sameAs":["https:\/\/www.linkedin.com\/company\/nti-ag-linmot-magspring","https:\/\/www.youtube.com\/user\/LinMotEurope","https:\/\/www.xing.com\/pages\/linmot-magspring"]}]}},"_links":{"self":[{"href":"https:\/\/linmot.com\/de\/wp-json\/wp\/v2\/pages\/1609","targetHints":{"allow":["GET"]}}],"collection":[{"href":"https:\/\/linmot.com\/de\/wp-json\/wp\/v2\/pages"}],"about":[{"href":"https:\/\/linmot.com\/de\/wp-json\/wp\/v2\/types\/page"}],"author":[{"embeddable":true,"href":"https:\/\/linmot.com\/de\/wp-json\/wp\/v2\/users\/9"}],"replies":[{"embeddable":true,"href":"https:\/\/linmot.com\/de\/wp-json\/wp\/v2\/comments?post=1609"}],"version-history":[{"count":65,"href":"https:\/\/linmot.com\/de\/wp-json\/wp\/v2\/pages\/1609\/revisions"}],"predecessor-version":[{"id":5064,"href":"https:\/\/linmot.com\/de\/wp-json\/wp\/v2\/pages\/1609\/revisions\/5064"}],"up":[{"embeddable":true,"href":"https:\/\/linmot.com\/de\/wp-json\/wp\/v2\/pages\/6"}],"wp:attachment":[{"href":"https:\/\/linmot.com\/de\/wp-json\/wp\/v2\/media?parent=1609"}],"curies":[{"name":"wp","href":"https:\/\/api.w.org\/{rel}","templated":true}]}}