{"id":1560,"date":"2020-12-30T10:10:39","date_gmt":"2020-12-30T09:10:39","guid":{"rendered":"https:\/\/linmot.com\/de\/?page_id=1560"},"modified":"2024-08-28T15:58:31","modified_gmt":"2024-08-28T13:58:31","slug":"linearmodule-p04","status":"publish","type":"page","link":"https:\/\/linmot.com\/de\/produkte\/linearfuehrungen-linearmodule\/linearmodule-p04\/","title":{"rendered":"Linearmodule P04"},"content":{"rendered":"<p><strong>Die Linearmotoren des Typs P04 bringen alle Vorz\u00fcge der tubularen Linearmotoren mit und bieten zus\u00e4tzlich den Vorteil einer integrierten F\u00fchrung.<\/strong><\/p>\n<hr \/>\n<div class=\"row\">\n<div class=\"col-sm-2\">\n<p><a class=\"button\" href=\"#details\">1. Details<\/a><\/p>\n<\/div>\n<div class=\"col-sm-1\">\n<\/div>\n<div class=\"col-sm-2\">\n<p><a class=\"button\" href=\"#kontakt\">2. Kontakt<\/a><\/p>\n<\/div>\n<\/div>\n<hr \/>\n<h3 id=\"details\">1. Details<\/h3>\n<p align=\"justify\">Der P04-Aktuator l\u00e4sst sich mit den aus der Pneumatik bekannten mechanischem <a href=\"\/de\/produkte\/zubehoer\/\">Zubeh\u00f6r<\/a> ausr\u00fcsten. Dadurch wird der Ersatz von Pneumatik noch einfacher, da sich alle aus der Pneumatik bekannten Montagem\u00f6glichkeiten realisieren lassen. Mit der freien Positionierbarkeit und Beschleunigungen von bis zu 50 m\/s2 sind dynamisch-pr\u00e4zise Bewegungen die Hauptdisziplin des Motortyps. Dar\u00fcber hinaus werden Querbelastungen von der integrierten Lagerung aufgenommen, so dass sich einfache Anwendungen wie Ausst\u00f6sser ohne zus\u00e4tzliche Komponenten realisieren lassen.<\/p>\n<div class=\"row\">\n<div class=\"col-md-5\">\n<ul>\n<li>Spitzenkraft bis zu 572 N<\/li>\n<li>H\u00fcbe bis 150 mm<\/li>\n<li>Mit geh\u00e4rteter Pr\u00e4zisionswelle f\u00fcr Querbelastung<\/li>\n<li>Montageanschl\u00fcsse nach ISO f\u00fcr Pneumatikzylinder<\/li>\n<li>Stator komplett gekapselt (IP65)<\/li>\n<li>Ideal f\u00fcr Einsatz bei schweren Bedingungen<\/li>\n<\/ul>\n<p><a class=\"btn btn-active\" href=\"https:\/\/shop.linmot.com\/D\/linearmodule-&amp;-f%c3%bchrungen\/linearmodule-p04.htm\" target=\"_blank\" rel=\"noopener noreferrer\">Zu den Details im e-Katalog<\/a><\/p>\n<\/div>\n<div class=\"col-md-7\">\n<div class=\"carousel slide\" id=\"eb89b517aacc0eec70a471e4ce5266fa\" data-ride=\"carousel\">  <div class=\"carousel-inner\" role=\"listbox\">    <div class=\"item active\">      <img decoding=\"async\" src=\"https:\/\/linmot.com\/de\/wp-content\/uploads\/sites\/2\/2019\/03\/2018-LinMot-FlanschVorne.jpg\" alt=\"...\">    <\/div>    <div class=\"item\">      <img decoding=\"async\" src=\"https:\/\/linmot.com\/de\/wp-content\/uploads\/sites\/2\/2019\/03\/2018-LinMot-Gabelgelenk.jpg\" alt=\"...\">    <\/div>    <div class=\"item\">      <img decoding=\"async\" src=\"https:\/\/linmot.com\/de\/wp-content\/uploads\/sites\/2\/2019\/03\/2018-LinMot-Schwenkflansch.jpg\" alt=\"...\">    <\/div>    <div class=\"item\">      <img decoding=\"async\" src=\"https:\/\/linmot.com\/de\/wp-content\/uploads\/sites\/2\/2019\/03\/2018-LinMot-P04_motoren_contentpage.jpg\" alt=\"...\">    <\/div>    <div class=\"item\">      <img decoding=\"async\" src=\"https:\/\/linmot.com\/de\/wp-content\/uploads\/sites\/2\/2019\/03\/2018-LinMot-P04_motoren_frontpage.jpg\" alt=\"...\">    <\/div>  <\/div><div class=\"navigation\"><a class=\"left carousel-control\" href=\"#eb89b517aacc0eec70a471e4ce5266fa\" role=\"button\" data-slide=\"prev\"><\/a><a class=\"right carousel-control\" href=\"#eb89b517aacc0eec70a471e4ce5266fa\" role=\"button\" data-slide=\"next\"><\/a><\/div><\/div>\n<\/div>\n<\/div>\n<h3 id=\"kontakt\">2. Kontakt<\/h3>\n<div class=\"row download\">\n<div class=\"col-md-6\">\n<h4 class=\"download-title\">Fragen zu den Linearmodulen?<\/h4>\n<p class=\"bodytext\">Wir stehen Ihnen f\u00fcr Fragen gerne zur Verf\u00fcgung.<br \/>\nMelden Sie sich hierf\u00fcr \u00fcber das folgende Formular bei uns oder rufen Sie uns an unter:<\/p>\n<p class=\"bodytext\">Tel: +49 (0)201 858940 0<\/p>\n<p class=\"bodytext\">Das LinMot-Team<\/p>\n<\/div>\n<div class=\"col-md-1\">\n<\/div>\n<div class=\"col-md-5\">\n\n<div class=\"wpcf7 no-js\" id=\"wpcf7-f1617-o1\" lang=\"de-DE\" dir=\"ltr\" data-wpcf7-id=\"1617\">\n<div class=\"screen-reader-response\"><p role=\"status\" aria-live=\"polite\" aria-atomic=\"true\"><\/p> <ul><\/ul><\/div>\n<form action=\"\/de\/wp-json\/wp\/v2\/pages\/1560#wpcf7-f1617-o1\" method=\"post\" class=\"wpcf7-form init\" aria-label=\"Kontaktformular\" novalidate=\"novalidate\" data-status=\"init\">\n<fieldset class=\"hidden-fields-container\"><input type=\"hidden\" name=\"_wpcf7\" value=\"1617\" \/><input type=\"hidden\" name=\"_wpcf7_version\" value=\"6.1.5\" \/><input type=\"hidden\" name=\"_wpcf7_locale\" value=\"de_DE\" \/><input type=\"hidden\" name=\"_wpcf7_unit_tag\" value=\"wpcf7-f1617-o1\" \/><input type=\"hidden\" name=\"_wpcf7_container_post\" value=\"0\" \/><input type=\"hidden\" name=\"_wpcf7_posted_data_hash\" value=\"\" \/><input type=\"hidden\" name=\"_wpcf7_recaptcha_response\" value=\"\" \/>\n<\/fieldset>\n<label> Ihr Name<br>\n    <span class=\"wpcf7-form-control-wrap\" data-name=\"your-name\"><input size=\"40\" maxlength=\"400\" class=\"wpcf7-form-control wpcf7-text wpcf7-validates-as-required\" aria-required=\"true\" aria-invalid=\"false\" value=\"\" type=\"text\" name=\"your-name\" \/><\/span> <\/label>\n<br>\n<label> Ihre Firma<br>\n    <span class=\"wpcf7-form-control-wrap\" data-name=\"your-company\"><input size=\"40\" maxlength=\"400\" class=\"wpcf7-form-control wpcf7-text wpcf7-validates-as-required\" aria-required=\"true\" aria-invalid=\"false\" value=\"\" type=\"text\" name=\"your-company\" \/><\/span> <\/label>\n<br>\n<label> Postleitzahl<br>\n    <span class=\"wpcf7-form-control-wrap\" data-name=\"your-plz\"><input class=\"wpcf7-form-control wpcf7-number wpcf7-validates-as-required wpcf7-validates-as-number\" aria-required=\"true\" aria-invalid=\"false\" value=\"\" type=\"number\" name=\"your-plz\" \/><\/span> <\/label>\n<br>\n<label> Land<br>\n    <span class=\"wpcf7-form-control-wrap\" data-name=\"your-country\"><input size=\"40\" maxlength=\"400\" class=\"wpcf7-form-control wpcf7-text wpcf7-validates-as-required\" aria-required=\"true\" aria-invalid=\"false\" value=\"\" type=\"text\" name=\"your-country\" \/><\/span> <\/label>\n<br>\n<label> Telefonnummer<br>\n    <span class=\"wpcf7-form-control-wrap\" data-name=\"your-telephone\"><input size=\"40\" maxlength=\"400\" class=\"wpcf7-form-control wpcf7-tel wpcf7-text wpcf7-validates-as-tel\" aria-invalid=\"false\" value=\"\" type=\"tel\" name=\"your-telephone\" \/><\/span> <\/label>\n<br>\n<label> E-Mail-Adresse<br>\n    <span class=\"wpcf7-form-control-wrap\" data-name=\"your-email\"><input size=\"40\" maxlength=\"400\" class=\"wpcf7-form-control wpcf7-email wpcf7-validates-as-required wpcf7-text wpcf7-validates-as-email\" aria-required=\"true\" aria-invalid=\"false\" value=\"\" type=\"email\" name=\"your-email\" \/><\/span> <\/label>\n<br>\n<label> Ihre Frage<br>\n    <span class=\"wpcf7-form-control-wrap\" data-name=\"your-message\"><textarea cols=\"40\" rows=\"10\" maxlength=\"2000\" class=\"wpcf7-form-control wpcf7-textarea\" aria-invalid=\"false\" name=\"your-message\"><\/textarea><\/span> <\/label>\n<br>\n<input class=\"wpcf7-form-control wpcf7-submit has-spinner\" type=\"submit\" value=\"Senden\" \/><div class=\"wpcf7-response-output\" aria-hidden=\"true\"><\/div>\n<\/form>\n<\/div>\n\n<\/div>\n<\/div>\n","protected":false},"excerpt":{"rendered":"<p>Die Linearmotoren des Typs P04 bringen alle Vorz\u00fcge der tubularen Linearmotoren mit und bieten zus\u00e4tzlich den Vorteil einer integrierten F\u00fchrung. 1. Details Der P04-Aktuator l\u00e4sst sich mit den aus der Pneumatik bekannten mechanischem Zubeh\u00f6r ausr\u00fcsten. Dadurch wird der Ersatz von Pneumatik noch einfacher, da sich alle aus der Pneumatik bekannten Montagem\u00f6glichkeiten realisieren lassen. Mit der [&hellip;]<\/p>\n","protected":false},"author":1,"featured_media":0,"parent":44,"menu_order":69,"comment_status":"closed","ping_status":"closed","template":"","meta":{"_acf_changed":false,"footnotes":""},"class_list":["post-1560","page","type-page","status-publish","hentry"],"acf":[],"yoast_head":"<!-- This site is optimized with the Yoast SEO Premium plugin v20.9 (Yoast SEO v27.4) - https:\/\/yoast.com\/product\/yoast-seo-premium-wordpress\/ -->\n<title>Linearmodule P04 \u2013 Kompatibel mit Pneumatik Zubeh\u00f6r | LinMot<\/title>\n<meta name=\"description\" content=\"P04-Module sind gebaut, um Pneumatikzylinder einfach zu ersetzen. Sie sind mechanisch kompatibel mit dem aus der Pneumatik bekannten Zubeh\u00f6r.\" \/>\n<meta name=\"robots\" content=\"index, follow, max-snippet:-1, max-image-preview:large, max-video-preview:-1\" \/>\n<link rel=\"canonical\" href=\"https:\/\/linmot.com\/de\/produkte\/linearfuehrungen-linearmodule\/linearmodule-p04\/\" \/>\n<meta property=\"og:locale\" content=\"de_DE\" \/>\n<meta property=\"og:type\" content=\"article\" \/>\n<meta property=\"og:title\" content=\"Linearmodule P04 \u2013 Kompatibel mit Pneumatik Zubeh\u00f6r | LinMot\" \/>\n<meta property=\"og:description\" content=\"P04-Module sind gebaut, um Pneumatikzylinder einfach zu ersetzen. Sie sind mechanisch kompatibel mit dem aus der Pneumatik bekannten Zubeh\u00f6r.\" \/>\n<meta property=\"og:url\" content=\"https:\/\/linmot.com\/de\/produkte\/linearfuehrungen-linearmodule\/linearmodule-p04\/\" \/>\n<meta property=\"og:site_name\" content=\"LinMot &amp; MagSpring - Deutsch\" \/>\n<meta property=\"article:modified_time\" content=\"2024-08-28T13:58:31+00:00\" \/>\n<meta property=\"og:image\" content=\"https:\/\/linmot.com\/de\/wp-content\/uploads\/sites\/2\/2019\/03\/2018-LinMot-P04_motoren_frontpage.jpg\" \/>\n\t<meta property=\"og:image:width\" content=\"612\" \/>\n\t<meta property=\"og:image:height\" content=\"190\" \/>\n\t<meta property=\"og:image:type\" content=\"image\/jpeg\" \/>\n<meta name=\"twitter:card\" content=\"summary_large_image\" \/>\n<meta name=\"twitter:title\" content=\"Linearmodule P04 \u2013 Kompatibel mit Pneumatik Zubeh\u00f6r | LinMot\" \/>\n<meta name=\"twitter:description\" content=\"P04-Module sind gebaut, um Pneumatikzylinder einfach zu ersetzen. Sie sind mechanisch kompatibel mit dem aus der Pneumatik bekannten Zubeh\u00f6r.\" \/>\n<meta name=\"twitter:label1\" content=\"Gesch\u00e4tzte Lesezeit\" \/>\n\t<meta name=\"twitter:data1\" content=\"2 Minuten\" \/>\n<script type=\"application\/ld+json\" class=\"yoast-schema-graph\">{\"@context\":\"https:\\\/\\\/schema.org\",\"@graph\":[{\"@type\":\"WebPage\",\"@id\":\"https:\\\/\\\/linmot.com\\\/de\\\/produkte\\\/linearfuehrungen-linearmodule\\\/linearmodule-p04\\\/\",\"url\":\"https:\\\/\\\/linmot.com\\\/de\\\/produkte\\\/linearfuehrungen-linearmodule\\\/linearmodule-p04\\\/\",\"name\":\"Linearmodule P04 \u2013 Kompatibel mit Pneumatik Zubeh\u00f6r | LinMot\",\"isPartOf\":{\"@id\":\"https:\\\/\\\/linmot.com\\\/de\\\/#website\"},\"datePublished\":\"2020-12-30T09:10:39+00:00\",\"dateModified\":\"2024-08-28T13:58:31+00:00\",\"description\":\"P04-Module sind gebaut, um Pneumatikzylinder einfach zu ersetzen. Sie sind mechanisch kompatibel mit dem aus der Pneumatik bekannten Zubeh\u00f6r.\",\"breadcrumb\":{\"@id\":\"https:\\\/\\\/linmot.com\\\/de\\\/produkte\\\/linearfuehrungen-linearmodule\\\/linearmodule-p04\\\/#breadcrumb\"},\"inLanguage\":\"de\",\"potentialAction\":[{\"@type\":\"ReadAction\",\"target\":[\"https:\\\/\\\/linmot.com\\\/de\\\/produkte\\\/linearfuehrungen-linearmodule\\\/linearmodule-p04\\\/\"]}]},{\"@type\":\"BreadcrumbList\",\"@id\":\"https:\\\/\\\/linmot.com\\\/de\\\/produkte\\\/linearfuehrungen-linearmodule\\\/linearmodule-p04\\\/#breadcrumb\",\"itemListElement\":[{\"@type\":\"ListItem\",\"position\":1,\"name\":\"LinMot\",\"item\":\"https:\\\/\\\/linmot.com\\\/de\\\/\"},{\"@type\":\"ListItem\",\"position\":2,\"name\":\"Produkte\",\"item\":\"https:\\\/\\\/linmot.com\\\/de\\\/produkte\\\/\"},{\"@type\":\"ListItem\",\"position\":3,\"name\":\"Linearf\u00fchrungen \\\/ Linearmodule\",\"item\":\"https:\\\/\\\/linmot.com\\\/de\\\/produkte\\\/linearfuehrungen-linearmodule\\\/\"},{\"@type\":\"ListItem\",\"position\":4,\"name\":\"Linearmodule P04\"}]},{\"@type\":\"WebSite\",\"@id\":\"https:\\\/\\\/linmot.com\\\/de\\\/#website\",\"url\":\"https:\\\/\\\/linmot.com\\\/de\\\/\",\"name\":\"LinMot & MagSpring - Industrielle Linearmotoren\",\"description\":\"Hochwertigen Linearmotoren und Linearmotorsystemen\",\"publisher\":{\"@id\":\"https:\\\/\\\/linmot.com\\\/de\\\/#organization\"},\"potentialAction\":[{\"@type\":\"SearchAction\",\"target\":{\"@type\":\"EntryPoint\",\"urlTemplate\":\"https:\\\/\\\/linmot.com\\\/de\\\/?s={search_term_string}\"},\"query-input\":{\"@type\":\"PropertyValueSpecification\",\"valueRequired\":true,\"valueName\":\"search_term_string\"}}],\"inLanguage\":\"de\"},{\"@type\":\"Organization\",\"@id\":\"https:\\\/\\\/linmot.com\\\/de\\\/#organization\",\"name\":\"NTI AG - LinMot & MagSpring\",\"url\":\"https:\\\/\\\/linmot.com\\\/de\\\/\",\"logo\":{\"@type\":\"ImageObject\",\"inLanguage\":\"de\",\"@id\":\"https:\\\/\\\/linmot.com\\\/de\\\/#\\\/schema\\\/logo\\\/image\\\/\",\"url\":\"https:\\\/\\\/linmot.com\\\/de\\\/wp-content\\\/uploads\\\/sites\\\/2\\\/2022\\\/01\\\/social-logo.jpg\",\"contentUrl\":\"https:\\\/\\\/linmot.com\\\/de\\\/wp-content\\\/uploads\\\/sites\\\/2\\\/2022\\\/01\\\/social-logo.jpg\",\"width\":800,\"height\":500,\"caption\":\"NTI AG - LinMot & MagSpring\"},\"image\":{\"@id\":\"https:\\\/\\\/linmot.com\\\/de\\\/#\\\/schema\\\/logo\\\/image\\\/\"},\"sameAs\":[\"https:\\\/\\\/www.linkedin.com\\\/company\\\/nti-ag-linmot-magspring\",\"https:\\\/\\\/www.youtube.com\\\/user\\\/LinMotEurope\",\"https:\\\/\\\/www.xing.com\\\/pages\\\/linmot-magspring\"]}]}<\/script>\n<!-- \/ Yoast SEO Premium plugin. -->","yoast_head_json":{"title":"Linearmodule P04 \u2013 Kompatibel mit Pneumatik Zubeh\u00f6r | LinMot","description":"P04-Module sind gebaut, um Pneumatikzylinder einfach zu ersetzen. Sie sind mechanisch kompatibel mit dem aus der Pneumatik bekannten Zubeh\u00f6r.","robots":{"index":"index","follow":"follow","max-snippet":"max-snippet:-1","max-image-preview":"max-image-preview:large","max-video-preview":"max-video-preview:-1"},"canonical":"https:\/\/linmot.com\/de\/produkte\/linearfuehrungen-linearmodule\/linearmodule-p04\/","og_locale":"de_DE","og_type":"article","og_title":"Linearmodule P04 \u2013 Kompatibel mit Pneumatik Zubeh\u00f6r | LinMot","og_description":"P04-Module sind gebaut, um Pneumatikzylinder einfach zu ersetzen. Sie sind mechanisch kompatibel mit dem aus der Pneumatik bekannten Zubeh\u00f6r.","og_url":"https:\/\/linmot.com\/de\/produkte\/linearfuehrungen-linearmodule\/linearmodule-p04\/","og_site_name":"LinMot &amp; MagSpring - Deutsch","article_modified_time":"2024-08-28T13:58:31+00:00","og_image":[{"width":612,"height":190,"url":"https:\/\/linmot.com\/de\/wp-content\/uploads\/sites\/2\/2019\/03\/2018-LinMot-P04_motoren_frontpage.jpg","type":"image\/jpeg"}],"twitter_card":"summary_large_image","twitter_title":"Linearmodule P04 \u2013 Kompatibel mit Pneumatik Zubeh\u00f6r | LinMot","twitter_description":"P04-Module sind gebaut, um Pneumatikzylinder einfach zu ersetzen. Sie sind mechanisch kompatibel mit dem aus der Pneumatik bekannten Zubeh\u00f6r.","twitter_misc":{"Gesch\u00e4tzte Lesezeit":"2 Minuten"},"schema":{"@context":"https:\/\/schema.org","@graph":[{"@type":"WebPage","@id":"https:\/\/linmot.com\/de\/produkte\/linearfuehrungen-linearmodule\/linearmodule-p04\/","url":"https:\/\/linmot.com\/de\/produkte\/linearfuehrungen-linearmodule\/linearmodule-p04\/","name":"Linearmodule P04 \u2013 Kompatibel mit Pneumatik Zubeh\u00f6r | LinMot","isPartOf":{"@id":"https:\/\/linmot.com\/de\/#website"},"datePublished":"2020-12-30T09:10:39+00:00","dateModified":"2024-08-28T13:58:31+00:00","description":"P04-Module sind gebaut, um Pneumatikzylinder einfach zu ersetzen. Sie sind mechanisch kompatibel mit dem aus der Pneumatik bekannten Zubeh\u00f6r.","breadcrumb":{"@id":"https:\/\/linmot.com\/de\/produkte\/linearfuehrungen-linearmodule\/linearmodule-p04\/#breadcrumb"},"inLanguage":"de","potentialAction":[{"@type":"ReadAction","target":["https:\/\/linmot.com\/de\/produkte\/linearfuehrungen-linearmodule\/linearmodule-p04\/"]}]},{"@type":"BreadcrumbList","@id":"https:\/\/linmot.com\/de\/produkte\/linearfuehrungen-linearmodule\/linearmodule-p04\/#breadcrumb","itemListElement":[{"@type":"ListItem","position":1,"name":"LinMot","item":"https:\/\/linmot.com\/de\/"},{"@type":"ListItem","position":2,"name":"Produkte","item":"https:\/\/linmot.com\/de\/produkte\/"},{"@type":"ListItem","position":3,"name":"Linearf\u00fchrungen \/ Linearmodule","item":"https:\/\/linmot.com\/de\/produkte\/linearfuehrungen-linearmodule\/"},{"@type":"ListItem","position":4,"name":"Linearmodule P04"}]},{"@type":"WebSite","@id":"https:\/\/linmot.com\/de\/#website","url":"https:\/\/linmot.com\/de\/","name":"LinMot & MagSpring - Industrielle Linearmotoren","description":"Hochwertigen Linearmotoren und Linearmotorsystemen","publisher":{"@id":"https:\/\/linmot.com\/de\/#organization"},"potentialAction":[{"@type":"SearchAction","target":{"@type":"EntryPoint","urlTemplate":"https:\/\/linmot.com\/de\/?s={search_term_string}"},"query-input":{"@type":"PropertyValueSpecification","valueRequired":true,"valueName":"search_term_string"}}],"inLanguage":"de"},{"@type":"Organization","@id":"https:\/\/linmot.com\/de\/#organization","name":"NTI AG - LinMot & MagSpring","url":"https:\/\/linmot.com\/de\/","logo":{"@type":"ImageObject","inLanguage":"de","@id":"https:\/\/linmot.com\/de\/#\/schema\/logo\/image\/","url":"https:\/\/linmot.com\/de\/wp-content\/uploads\/sites\/2\/2022\/01\/social-logo.jpg","contentUrl":"https:\/\/linmot.com\/de\/wp-content\/uploads\/sites\/2\/2022\/01\/social-logo.jpg","width":800,"height":500,"caption":"NTI AG - LinMot & MagSpring"},"image":{"@id":"https:\/\/linmot.com\/de\/#\/schema\/logo\/image\/"},"sameAs":["https:\/\/www.linkedin.com\/company\/nti-ag-linmot-magspring","https:\/\/www.youtube.com\/user\/LinMotEurope","https:\/\/www.xing.com\/pages\/linmot-magspring"]}]}},"_links":{"self":[{"href":"https:\/\/linmot.com\/de\/wp-json\/wp\/v2\/pages\/1560","targetHints":{"allow":["GET"]}}],"collection":[{"href":"https:\/\/linmot.com\/de\/wp-json\/wp\/v2\/pages"}],"about":[{"href":"https:\/\/linmot.com\/de\/wp-json\/wp\/v2\/types\/page"}],"author":[{"embeddable":true,"href":"https:\/\/linmot.com\/de\/wp-json\/wp\/v2\/users\/1"}],"replies":[{"embeddable":true,"href":"https:\/\/linmot.com\/de\/wp-json\/wp\/v2\/comments?post=1560"}],"version-history":[{"count":11,"href":"https:\/\/linmot.com\/de\/wp-json\/wp\/v2\/pages\/1560\/revisions"}],"predecessor-version":[{"id":5231,"href":"https:\/\/linmot.com\/de\/wp-json\/wp\/v2\/pages\/1560\/revisions\/5231"}],"up":[{"embeddable":true,"href":"https:\/\/linmot.com\/de\/wp-json\/wp\/v2\/pages\/44"}],"wp:attachment":[{"href":"https:\/\/linmot.com\/de\/wp-json\/wp\/v2\/media?parent=1560"}],"curies":[{"name":"wp","href":"https:\/\/api.w.org\/{rel}","templated":true}]}}