{"id":1472,"date":"2020-11-24T16:42:04","date_gmt":"2020-11-24T15:42:04","guid":{"rendered":"https:\/\/linmot.com\/de\/?page_id=1472"},"modified":"2024-08-28T15:33:07","modified_gmt":"2024-08-28T13:33:07","slug":"linearmotoren-3x400vac-ssc","status":"publish","type":"page","link":"https:\/\/linmot.com\/de\/produkte\/inox-motoren\/linearmotoren-3x400vac-ssc\/","title":{"rendered":"Linearmotoren 3x400VAC SSC"},"content":{"rendered":"<p><strong>Bei den P10-70 Edelstahl-Linearmotoren setzt LinMot auf die 3x400VAC Technologie sowie auf Servo Drives mit direkter Einspeisung aus dem Netz. Dadurch lassen sich die Motoren hervorragend in jedes Maschinenkonzept einf\u00fcgen. F\u00fcr eine bessere Integration der Antriebe in fremde Steuerungskonzepte, sorgen die eingebauten Standard Encoder. Die Motoren k\u00f6nnen somit problemlos von Drives beliebiger Hersteller angesteuert werden.<\/strong><\/p>\n<hr \/>\n<div class=\"row\">\n<div class=\"col-sm-2\">\n<p><a class=\"button\" href=\"#details\">1. Details<\/a><\/p>\n<\/div>\n<div class=\"col-sm-1\">\n<\/div>\n<div class=\"col-sm-2\">\n<p><a class=\"button\" href=\"#videos\">2. Videos<\/a><\/p>\n<\/div>\n<div class=\"col-sm-1\">\n<\/div>\n<div class=\"col-sm-2\">\n<p><a class=\"button\" href=\"#anwendung\">3. Anwendung<\/a><\/p>\n<\/div>\n<div class=\"col-sm-1\">\n<\/div>\n<div class=\"col-sm-2\">\n<p><a class=\"button\" href=\"#kontakt\">4. Kontakt<\/a><\/p>\n<\/div>\n<\/div>\n<hr \/>\n<h2 id=\"details\">1. Details<\/h2>\n<p>Ausgelegt sind sie f\u00fcr den Einsatz in Maschinen und Anlagen f\u00fcr die Verarbeitung von Lebensmitteln oder f\u00fcr den Betrieb in der Pharmaindustrie. F\u00fcr die Betriebssicherheit in diesen sehr anspruchsvollen Umgebungsbedingungen sorgt das INOX Geh\u00e4use, welches komplett in Edelstahl EN 1.4404\/AISI 316L ausgef\u00fchrt ist. Durch dieses komplett verschweisste Geh\u00e4use ist der Motor gegen aussen gekapselt und erreicht so die Schutzart IP69K. Zus\u00e4tzlich sind die neuen Motoren mit einer in das Geh\u00e4use integrierten Wasserk\u00fchlung ausgestattet. In puncto Wartung profitiert der Anwender vom modularen Aufbau der Motoren, bei dem das Lager sehr einfach ausgewechselt werden kann.<\/p>\n<div class=\"row\">\n<div class=\"col-md-5\">\n<ul>\n<li>3 x 400VAC Motoren in Edelstahl-Ausf\u00fchrung<\/li>\n<li>Hohe Spitzenkr\u00e4fte<\/li>\n<li>Extrem hohe Beschleunigungen<\/li>\n<li>Schutzart IP69K<\/li>\n<li>Wasserk\u00fchlung im Geh\u00e4use integriert<\/li>\n<li>Modularer Aufbau<\/li>\n<li>Auch mit standardm\u00e4ssigen \u201e3rd party\u201c Servo Drives zu betreiben<\/li>\n<\/ul>\n<p><a class=\"btn btn-active\" href=\"https:\/\/shop.linmot.com\/D\/linearmotoren\/linearmotoren-p10-70.htm\" target=\"_blank\" rel=\"noopener noreferrer\">Zu den Details im e-Katalog<\/a><\/p>\n<\/div>\n<div class=\"col-md-7\">\n<div class=\"carousel slide\" id=\"30f5eb2d05ab3bc0464ca0a6e4282719\" data-ride=\"carousel\">  <div class=\"carousel-inner\" role=\"listbox\">    <div class=\"item active\">      <img decoding=\"async\" src=\"https:\/\/linmot.com\/de\/wp-content\/uploads\/sites\/2\/2020\/11\/P10-70-SSC-1.jpg\" alt=\"...\">    <\/div>    <div class=\"item\">      <img decoding=\"async\" src=\"https:\/\/linmot.com\/de\/wp-content\/uploads\/sites\/2\/2020\/11\/PS10-70x160-SSC-FC.jpg\" alt=\"...\">    <\/div>  <\/div><div class=\"navigation\"><a class=\"left carousel-control\" href=\"#30f5eb2d05ab3bc0464ca0a6e4282719\" role=\"button\" data-slide=\"prev\"><\/a><a class=\"right carousel-control\" href=\"#30f5eb2d05ab3bc0464ca0a6e4282719\" role=\"button\" data-slide=\"next\"><\/a><\/div><\/div>\n<\/div>\n<\/div>\n<hr \/>\n<h3>Realisierte Projekte mit LinMot 3x400VAC Linearmotoren und Drives von:<\/h3>\n<div class=\"row download\">\n<div class=\"col-md-3\">\n<ul>\n<li>AMK<\/li>\n<li>B&amp;R<\/li>\n<li>Beckhoff<\/li>\n<li>Control Techniques<\/li>\n<li>Danfoss<\/li>\n<li>KEB<\/li>\n<\/ul>\n<\/div>\n<div class=\"col-md-3\">\n<ul>\n<li>JBG Elektronik<\/li>\n<li>Kollmorgen<\/li>\n<li>pilz<\/li>\n<li>Lenze<\/li>\n<li>KEBA<\/li>\n<li>Mitsubishi Electric<\/li>\n<\/ul>\n<\/div>\n<div class=\"col-md-3\">\n<ul>\n<li>Panasonic<\/li>\n<li>rexroth<\/li>\n<li>Robox motion control<\/li>\n<li>SEW Eurodrive<\/li>\n<li>Rockwell Automation<\/li>\n<\/ul>\n<\/div>\n<div class=\"col-md-3\">\n<ul>\n<li>Schneider Electric<\/li>\n<li>Siemens<\/li>\n<li>Sigmatek<\/li>\n<li>Yaskawa<\/li>\n<li>Lust LTi<\/li>\n<\/ul>\n<\/div>\n<\/div>\n<hr \/>\n<h2 id=\"videos\">2. Videos<\/h2>\n<div class=\"row download\">\n<div class=\"col-md-6\">\n<h4 class=\"download-title\">INOX Linearmotoren im Einsatz<\/h4>\n<p class=\"bodytext\">Die Edelstahl-Linearmotoren verf\u00fcgen \u00fcber ein exzellentes thermisches Verhalten und k\u00f6nnen somit sehr gut passiv gek\u00fchlt werden.<\/p>\n<\/div>\n<div class=\"col-md-1\">\n<\/div>\n<div class=\"col-md-5\">\n<div class=\"brlbs-cmpnt-container brlbs-cmpnt-content-blocker brlbs-cmpnt-with-individual-styles\" data-borlabs-cookie-content-blocker-id=\"youtube-content-blocker\" data-borlabs-cookie-content=\"PGlmcmFtZSB0aXRsZT0iWW91VHViZSB2aWRlbyBwbGF5ZXIiIHNyYz0iaHR0cHM6Ly93d3cueW91dHViZS1ub2Nvb2tpZS5jb20vZW1iZWQvcjdMallqQURURDAiIHdpZHRoPSIzOTQiIGhlaWdodD0iMjIwIiBmcmFtZWJvcmRlcj0iMCIgYWxsb3dmdWxsc2NyZWVuPSJhbGxvd2Z1bGxzY3JlZW4iPjwvaWZyYW1lPg==\">\n<div class=\"brlbs-cmpnt-cb-preset-c brlbs-cmpnt-cb-youtube\">\n<div class=\"brlbs-cmpnt-cb-thumbnail\" style=\"background-image: url('https:\/\/linmot.com\/de\/wp-content\/uploads\/borlabs-cookie\/2\/yt_r7LjYjADTD0_hqdefault.jpg')\"><\/div>\n<div class=\"brlbs-cmpnt-cb-main\">\n<div class=\"brlbs-cmpnt-cb-play-button\"><\/div>\n<div class=\"brlbs-cmpnt-cb-content\">\n<p class=\"brlbs-cmpnt-cb-description\">Sie sehen gerade einen Platzhalterinhalt von <strong>YouTube<\/strong>. Um auf den eigentlichen Inhalt zuzugreifen, klicken Sie auf die Schaltfl\u00e4che unten. Bitte beachten Sie, dass dabei Daten an Drittanbieter weitergegeben werden.<\/p>\n<p> <a class=\"brlbs-cmpnt-cb-provider-toggle\" href=\"#\" data-borlabs-cookie-show-provider-information role=\"button\">Mehr Informationen<\/a> <\/div>\n<div class=\"brlbs-cmpnt-cb-buttons\"> <a class=\"brlbs-cmpnt-cb-btn\" href=\"#\" data-borlabs-cookie-unblock role=\"button\">Inhalt entsperren<\/a> <a class=\"brlbs-cmpnt-cb-btn\" href=\"#\" data-borlabs-cookie-accept-service role=\"button\" style=\"display: inherit\">Erforderlichen Service akzeptieren und Inhalte entsperren<\/a> <\/div>\n<\/p><\/div>\n<\/p><\/div>\n<\/div>\n<\/div>\n<\/div>\n<h2 id=\"anwendung\">3. Anwendung<\/h2>\n<div class=\"row download\">\n<div class=\"col-md-3\">\n<h4 class=\"download-title\">Flexibel und schnell abf\u00fcllen<\/h4>\n<p class=\"bodytext\">Die Vorteile einer Dosierung auf Basis einer Durchflussmessung mit denen einer Kolbendosierung in einer Rundl\u00e4ufer-F\u00fcllmaschine zu vereinen, ist der Wunsch vieler Anwender. T\u00f6lke, einem Spezialisten f\u00fcr Verpackungsmaschinen, ist dieses Kunstst\u00fcck mit dem Einsatz von LinMot-Linearmotoren nun gelungen.<\/p>\n<p><a class=\"button\" href=\"\/de\/blog\/flexibel-und-schnell-abfuellen\/\">Zum Artikel<\/a><br \/>\n<\/div>\n<div class=\"col-md-2\">\n<img loading=\"lazy\" decoding=\"async\" class=\"alignnone wp-image-3280 aligncenter\" src=\"https:\/\/linmot.com\/de\/wp-content\/uploads\/sites\/2\/2022\/04\/flexibel-und-schnell-abfuellen.jpg\" alt=\"\" width=\"220\" height=\"220\" srcset=\"https:\/\/linmot.com\/de\/wp-content\/uploads\/sites\/2\/2022\/04\/flexibel-und-schnell-abfuellen.jpg 300w, https:\/\/linmot.com\/de\/wp-content\/uploads\/sites\/2\/2022\/04\/flexibel-und-schnell-abfuellen-150x150.jpg 150w\" sizes=\"auto, (max-width: 220px) 100vw, 220px\" \/><br \/>\n<\/div>\n<div class=\"col-md-2\">\n<\/div>\n<div class=\"col-md-3\">\n<h4 class=\"download-title\">Gesunder Zuchtfisch dank INOX Motoren<\/h4>\n<p class=\"bodytext\">Bis zu 20.000 Zuchtfische impft die von Skala Maskon entwickelte Maschine VX-8 automatisch in der Stunde. Sie hat damit das Potential, den Einsatz von Medikamenten in Aquakulturen erheblich zur\u00fcckzudr\u00e4ngen und die Versorgung der Weltbev\u00f6lkerung mit gesundem Fisch zu sichern.<\/p>\n<p><a class=\"button\" href=\"\/de\/blog\/inox-linearmotoren-sorgen-fuer-gesunde-zuchtfische\/\">Zum Artikel<\/a><br \/>\n<\/div>\n<div class=\"col-md-2\">\n<img loading=\"lazy\" decoding=\"async\" class=\"alignnone wp-image-3289 size-full aligncenter\" src=\"https:\/\/linmot.com\/de\/wp-content\/uploads\/sites\/2\/2022\/04\/inox-zuchtfisch.jpg\" alt=\"\" width=\"220\" height=\"220\" srcset=\"https:\/\/linmot.com\/de\/wp-content\/uploads\/sites\/2\/2022\/04\/inox-zuchtfisch.jpg 220w, https:\/\/linmot.com\/de\/wp-content\/uploads\/sites\/2\/2022\/04\/inox-zuchtfisch-150x150.jpg 150w\" sizes=\"auto, (max-width: 220px) 100vw, 220px\" \/><br \/>\n<\/div>\n<\/div>\n<div class=\"row download\">\n<div class=\"col-md-3\">\n<h4 class=\"download-title\">Das Trennen einer Delikatesse<\/h4>\n<p class=\"bodytext\">Valka, ein isl\u00e4ndisches Hightech-Unternehmen, das fortschrittliche Systeme f\u00fcr Fischverarbeitung entwirft und baut, stattet seine Trenn- und Sortiermaschinen mit LinMot-Edelstahlmotoren aus, um die Geschwindigkeit und Genauigkeit zu gew\u00e4hrleisten, die in einer schwierigen Waschumgebung erforderlich sind.<\/p>\n<p><a class=\"button\" href=\"\/de\/blog\/das-trennen-einer-delikatesse-umleiten-wertvoller-fischteile-mit-linearmotoren\/\">Zum Artikel<\/a><br \/>\n<\/div>\n<div class=\"col-md-2\">\n<img loading=\"lazy\" decoding=\"async\" class=\"aligncenter size-full wp-image-4060\" src=\"https:\/\/linmot.com\/de\/wp-content\/uploads\/sites\/2\/2023\/01\/vorschau-umleiten-fischteile.jpg\" alt=\"\" width=\"220\" height=\"220\" srcset=\"https:\/\/linmot.com\/de\/wp-content\/uploads\/sites\/2\/2023\/01\/vorschau-umleiten-fischteile.jpg 220w, https:\/\/linmot.com\/de\/wp-content\/uploads\/sites\/2\/2023\/01\/vorschau-umleiten-fischteile-150x150.jpg 150w\" sizes=\"auto, (max-width: 220px) 100vw, 220px\" \/><br \/>\n<\/div>\n<\/div>\n<h2 id=\"kontakt\">4. Kontakt<\/h2>\n<div class=\"row download\">\n<div class=\"col-md-6\">\n<h4 class=\"download-title\">Fragen zu den SSC Motoren?<\/h4>\n<p class=\"bodytext\">Wir stehen Ihnen f\u00fcr Fragen rund um unsere SSC Motoren gerne zur Verf\u00fcgung.<br \/>\nMelden Sie sich hierf\u00fcr \u00fcber das folgende Formular bei uns oder rufen Sie uns an unter:<\/p>\n<p class=\"bodytext\">Tel: +49 (0)201 858940 0<\/p>\n<p class=\"bodytext\">Das LinMot-Team<\/p>\n<\/div>\n<div class=\"col-md-1\">\n<\/div>\n<div class=\"col-md-5\">\n\n<div class=\"wpcf7 no-js\" id=\"wpcf7-f1617-o1\" lang=\"de-DE\" dir=\"ltr\" data-wpcf7-id=\"1617\">\n<div class=\"screen-reader-response\"><p role=\"status\" aria-live=\"polite\" aria-atomic=\"true\"><\/p> <ul><\/ul><\/div>\n<form action=\"\/de\/wp-json\/wp\/v2\/pages\/1472#wpcf7-f1617-o1\" method=\"post\" class=\"wpcf7-form init\" aria-label=\"Kontaktformular\" novalidate=\"novalidate\" data-status=\"init\">\n<fieldset class=\"hidden-fields-container\"><input type=\"hidden\" name=\"_wpcf7\" value=\"1617\" \/><input type=\"hidden\" name=\"_wpcf7_version\" value=\"6.1.5\" \/><input type=\"hidden\" name=\"_wpcf7_locale\" value=\"de_DE\" \/><input type=\"hidden\" name=\"_wpcf7_unit_tag\" value=\"wpcf7-f1617-o1\" \/><input type=\"hidden\" name=\"_wpcf7_container_post\" value=\"0\" \/><input type=\"hidden\" name=\"_wpcf7_posted_data_hash\" value=\"\" \/><input type=\"hidden\" name=\"_wpcf7_recaptcha_response\" value=\"\" \/>\n<\/fieldset>\n<label> Ihr Name<br>\n    <span class=\"wpcf7-form-control-wrap\" data-name=\"your-name\"><input size=\"40\" maxlength=\"400\" class=\"wpcf7-form-control wpcf7-text wpcf7-validates-as-required\" aria-required=\"true\" aria-invalid=\"false\" value=\"\" type=\"text\" name=\"your-name\" \/><\/span> <\/label>\n<br>\n<label> Ihre Firma<br>\n    <span class=\"wpcf7-form-control-wrap\" data-name=\"your-company\"><input size=\"40\" maxlength=\"400\" class=\"wpcf7-form-control wpcf7-text wpcf7-validates-as-required\" aria-required=\"true\" aria-invalid=\"false\" value=\"\" type=\"text\" name=\"your-company\" \/><\/span> <\/label>\n<br>\n<label> Postleitzahl<br>\n    <span class=\"wpcf7-form-control-wrap\" data-name=\"your-plz\"><input class=\"wpcf7-form-control wpcf7-number wpcf7-validates-as-required wpcf7-validates-as-number\" aria-required=\"true\" aria-invalid=\"false\" value=\"\" type=\"number\" name=\"your-plz\" \/><\/span> <\/label>\n<br>\n<label> Land<br>\n    <span class=\"wpcf7-form-control-wrap\" data-name=\"your-country\"><input size=\"40\" maxlength=\"400\" class=\"wpcf7-form-control wpcf7-text wpcf7-validates-as-required\" aria-required=\"true\" aria-invalid=\"false\" value=\"\" type=\"text\" name=\"your-country\" \/><\/span> <\/label>\n<br>\n<label> Telefonnummer<br>\n    <span class=\"wpcf7-form-control-wrap\" data-name=\"your-telephone\"><input size=\"40\" maxlength=\"400\" class=\"wpcf7-form-control wpcf7-tel wpcf7-text wpcf7-validates-as-tel\" aria-invalid=\"false\" value=\"\" type=\"tel\" name=\"your-telephone\" \/><\/span> <\/label>\n<br>\n<label> E-Mail-Adresse<br>\n    <span class=\"wpcf7-form-control-wrap\" data-name=\"your-email\"><input size=\"40\" maxlength=\"400\" class=\"wpcf7-form-control wpcf7-email wpcf7-validates-as-required wpcf7-text wpcf7-validates-as-email\" aria-required=\"true\" aria-invalid=\"false\" value=\"\" type=\"email\" name=\"your-email\" \/><\/span> <\/label>\n<br>\n<label> Ihre Frage<br>\n    <span class=\"wpcf7-form-control-wrap\" data-name=\"your-message\"><textarea cols=\"40\" rows=\"10\" maxlength=\"2000\" class=\"wpcf7-form-control wpcf7-textarea\" aria-invalid=\"false\" name=\"your-message\"><\/textarea><\/span> <\/label>\n<br>\n<input class=\"wpcf7-form-control wpcf7-submit has-spinner\" type=\"submit\" value=\"Senden\" \/><div class=\"wpcf7-response-output\" aria-hidden=\"true\"><\/div>\n<\/form>\n<\/div>\n\n<\/div>\n<\/div>\n","protected":false},"excerpt":{"rendered":"<p>Bei den P10-70 Edelstahl-Linearmotoren setzt LinMot auf die 3x400VAC Technologie sowie auf Servo Drives mit direkter Einspeisung aus dem Netz. Dadurch lassen sich die Motoren hervorragend in jedes Maschinenkonzept einf\u00fcgen. F\u00fcr eine bessere Integration der Antriebe in fremde Steuerungskonzepte, sorgen die eingebauten Standard Encoder. Die Motoren k\u00f6nnen somit problemlos von Drives beliebiger Hersteller angesteuert werden. [&hellip;]<\/p>\n","protected":false},"author":1,"featured_media":0,"parent":40,"menu_order":50,"comment_status":"closed","ping_status":"closed","template":"","meta":{"_acf_changed":false,"footnotes":""},"class_list":["post-1472","page","type-page","status-publish","hentry"],"acf":[],"yoast_head":"<!-- This site is optimized with the Yoast SEO Premium plugin v20.9 (Yoast SEO v27.4) - https:\/\/yoast.com\/product\/yoast-seo-premium-wordpress\/ -->\n<title>Linearmotoren 3x400VAC SSC | Linear Motion Technology Leader<\/title>\n<meta name=\"description\" content=\"LinMot setzt bei P10-70 Edelstahl-Linearmotoren auf die 3x400VAC Technologie sowie auf Servo Drives mit direkter Einspeisung aus dem Netz.\" \/>\n<meta name=\"robots\" content=\"index, follow, max-snippet:-1, max-image-preview:large, max-video-preview:-1\" \/>\n<link rel=\"canonical\" href=\"https:\/\/linmot.com\/de\/produkte\/inox-motoren\/linearmotoren-3x400vac-ssc\/\" \/>\n<meta property=\"og:locale\" content=\"de_DE\" \/>\n<meta property=\"og:type\" content=\"article\" \/>\n<meta property=\"og:title\" content=\"Linearmotoren 3x400VAC SSC | Linear Motion Technology Leader\" \/>\n<meta property=\"og:description\" content=\"LinMot setzt bei P10-70 Edelstahl-Linearmotoren auf die 3x400VAC Technologie sowie auf Servo Drives mit direkter Einspeisung aus dem Netz.\" \/>\n<meta property=\"og:url\" content=\"https:\/\/linmot.com\/de\/produkte\/inox-motoren\/linearmotoren-3x400vac-ssc\/\" \/>\n<meta property=\"og:site_name\" content=\"LinMot &amp; MagSpring - Deutsch\" \/>\n<meta property=\"article:modified_time\" content=\"2024-08-28T13:33:07+00:00\" \/>\n<meta property=\"og:image\" content=\"https:\/\/linmot.com\/de\/wp-content\/uploads\/sites\/2\/2020\/11\/P10-70-SSC-1.jpg\" \/>\n\t<meta property=\"og:image:width\" content=\"612\" \/>\n\t<meta property=\"og:image:height\" content=\"190\" \/>\n\t<meta property=\"og:image:type\" content=\"image\/jpeg\" \/>\n<meta name=\"twitter:card\" content=\"summary_large_image\" \/>\n<meta name=\"twitter:title\" content=\"Linearmotoren 3x400VAC SSC | Linear Motion Technology Leader\" \/>\n<meta name=\"twitter:description\" content=\"LinMot setzt bei P10-70 Edelstahl-Linearmotoren auf die 3x400VAC Technologie sowie auf Servo Drives mit direkter Einspeisung aus dem Netz.\" \/>\n<meta name=\"twitter:label1\" content=\"Gesch\u00e4tzte Lesezeit\" \/>\n\t<meta name=\"twitter:data1\" content=\"4 Minuten\" \/>\n<script type=\"application\/ld+json\" class=\"yoast-schema-graph\">{\"@context\":\"https:\\\/\\\/schema.org\",\"@graph\":[{\"@type\":\"WebPage\",\"@id\":\"https:\\\/\\\/linmot.com\\\/de\\\/produkte\\\/inox-motoren\\\/linearmotoren-3x400vac-ssc\\\/\",\"url\":\"https:\\\/\\\/linmot.com\\\/de\\\/produkte\\\/inox-motoren\\\/linearmotoren-3x400vac-ssc\\\/\",\"name\":\"Linearmotoren 3x400VAC SSC | Linear Motion Technology Leader\",\"isPartOf\":{\"@id\":\"https:\\\/\\\/linmot.com\\\/de\\\/#website\"},\"primaryImageOfPage\":{\"@id\":\"https:\\\/\\\/linmot.com\\\/de\\\/produkte\\\/inox-motoren\\\/linearmotoren-3x400vac-ssc\\\/#primaryimage\"},\"image\":{\"@id\":\"https:\\\/\\\/linmot.com\\\/de\\\/produkte\\\/inox-motoren\\\/linearmotoren-3x400vac-ssc\\\/#primaryimage\"},\"thumbnailUrl\":\"https:\\\/\\\/linmot.com\\\/de\\\/wp-content\\\/uploads\\\/sites\\\/2\\\/2022\\\/04\\\/flexibel-und-schnell-abfuellen.jpg\",\"datePublished\":\"2020-11-24T15:42:04+00:00\",\"dateModified\":\"2024-08-28T13:33:07+00:00\",\"description\":\"LinMot setzt bei P10-70 Edelstahl-Linearmotoren auf die 3x400VAC Technologie sowie auf Servo Drives mit direkter Einspeisung aus dem Netz.\",\"breadcrumb\":{\"@id\":\"https:\\\/\\\/linmot.com\\\/de\\\/produkte\\\/inox-motoren\\\/linearmotoren-3x400vac-ssc\\\/#breadcrumb\"},\"inLanguage\":\"de\",\"potentialAction\":[{\"@type\":\"ReadAction\",\"target\":[\"https:\\\/\\\/linmot.com\\\/de\\\/produkte\\\/inox-motoren\\\/linearmotoren-3x400vac-ssc\\\/\"]}]},{\"@type\":\"ImageObject\",\"inLanguage\":\"de\",\"@id\":\"https:\\\/\\\/linmot.com\\\/de\\\/produkte\\\/inox-motoren\\\/linearmotoren-3x400vac-ssc\\\/#primaryimage\",\"url\":\"https:\\\/\\\/linmot.com\\\/de\\\/wp-content\\\/uploads\\\/sites\\\/2\\\/2022\\\/04\\\/flexibel-und-schnell-abfuellen.jpg\",\"contentUrl\":\"https:\\\/\\\/linmot.com\\\/de\\\/wp-content\\\/uploads\\\/sites\\\/2\\\/2022\\\/04\\\/flexibel-und-schnell-abfuellen.jpg\",\"width\":300,\"height\":300,\"caption\":\"Vorschau Flexibel und Schnell abf\u00fcllen\"},{\"@type\":\"BreadcrumbList\",\"@id\":\"https:\\\/\\\/linmot.com\\\/de\\\/produkte\\\/inox-motoren\\\/linearmotoren-3x400vac-ssc\\\/#breadcrumb\",\"itemListElement\":[{\"@type\":\"ListItem\",\"position\":1,\"name\":\"LinMot\",\"item\":\"https:\\\/\\\/linmot.com\\\/de\\\/\"},{\"@type\":\"ListItem\",\"position\":2,\"name\":\"Produkte\",\"item\":\"https:\\\/\\\/linmot.com\\\/de\\\/produkte\\\/\"},{\"@type\":\"ListItem\",\"position\":3,\"name\":\"Edelstahl Motoren\",\"item\":\"https:\\\/\\\/linmot.com\\\/de\\\/produkte\\\/inox-motoren\\\/\"},{\"@type\":\"ListItem\",\"position\":4,\"name\":\"Linearmotoren 3x400VAC SSC\"}]},{\"@type\":\"WebSite\",\"@id\":\"https:\\\/\\\/linmot.com\\\/de\\\/#website\",\"url\":\"https:\\\/\\\/linmot.com\\\/de\\\/\",\"name\":\"LinMot & MagSpring - Industrielle Linearmotoren\",\"description\":\"Hochwertigen Linearmotoren und Linearmotorsystemen\",\"publisher\":{\"@id\":\"https:\\\/\\\/linmot.com\\\/de\\\/#organization\"},\"potentialAction\":[{\"@type\":\"SearchAction\",\"target\":{\"@type\":\"EntryPoint\",\"urlTemplate\":\"https:\\\/\\\/linmot.com\\\/de\\\/?s={search_term_string}\"},\"query-input\":{\"@type\":\"PropertyValueSpecification\",\"valueRequired\":true,\"valueName\":\"search_term_string\"}}],\"inLanguage\":\"de\"},{\"@type\":\"Organization\",\"@id\":\"https:\\\/\\\/linmot.com\\\/de\\\/#organization\",\"name\":\"NTI AG - LinMot & MagSpring\",\"url\":\"https:\\\/\\\/linmot.com\\\/de\\\/\",\"logo\":{\"@type\":\"ImageObject\",\"inLanguage\":\"de\",\"@id\":\"https:\\\/\\\/linmot.com\\\/de\\\/#\\\/schema\\\/logo\\\/image\\\/\",\"url\":\"https:\\\/\\\/linmot.com\\\/de\\\/wp-content\\\/uploads\\\/sites\\\/2\\\/2022\\\/01\\\/social-logo.jpg\",\"contentUrl\":\"https:\\\/\\\/linmot.com\\\/de\\\/wp-content\\\/uploads\\\/sites\\\/2\\\/2022\\\/01\\\/social-logo.jpg\",\"width\":800,\"height\":500,\"caption\":\"NTI AG - LinMot & MagSpring\"},\"image\":{\"@id\":\"https:\\\/\\\/linmot.com\\\/de\\\/#\\\/schema\\\/logo\\\/image\\\/\"},\"sameAs\":[\"https:\\\/\\\/www.linkedin.com\\\/company\\\/nti-ag-linmot-magspring\",\"https:\\\/\\\/www.youtube.com\\\/user\\\/LinMotEurope\",\"https:\\\/\\\/www.xing.com\\\/pages\\\/linmot-magspring\"]}]}<\/script>\n<!-- \/ Yoast SEO Premium plugin. -->","yoast_head_json":{"title":"Linearmotoren 3x400VAC SSC | Linear Motion Technology Leader","description":"LinMot setzt bei P10-70 Edelstahl-Linearmotoren auf die 3x400VAC Technologie sowie auf Servo Drives mit direkter Einspeisung aus dem Netz.","robots":{"index":"index","follow":"follow","max-snippet":"max-snippet:-1","max-image-preview":"max-image-preview:large","max-video-preview":"max-video-preview:-1"},"canonical":"https:\/\/linmot.com\/de\/produkte\/inox-motoren\/linearmotoren-3x400vac-ssc\/","og_locale":"de_DE","og_type":"article","og_title":"Linearmotoren 3x400VAC SSC | Linear Motion Technology Leader","og_description":"LinMot setzt bei P10-70 Edelstahl-Linearmotoren auf die 3x400VAC Technologie sowie auf Servo Drives mit direkter Einspeisung aus dem Netz.","og_url":"https:\/\/linmot.com\/de\/produkte\/inox-motoren\/linearmotoren-3x400vac-ssc\/","og_site_name":"LinMot &amp; MagSpring - Deutsch","article_modified_time":"2024-08-28T13:33:07+00:00","og_image":[{"width":612,"height":190,"url":"https:\/\/linmot.com\/de\/wp-content\/uploads\/sites\/2\/2020\/11\/P10-70-SSC-1.jpg","type":"image\/jpeg"}],"twitter_card":"summary_large_image","twitter_title":"Linearmotoren 3x400VAC SSC | Linear Motion Technology Leader","twitter_description":"LinMot setzt bei P10-70 Edelstahl-Linearmotoren auf die 3x400VAC Technologie sowie auf Servo Drives mit direkter Einspeisung aus dem Netz.","twitter_misc":{"Gesch\u00e4tzte Lesezeit":"4 Minuten"},"schema":{"@context":"https:\/\/schema.org","@graph":[{"@type":"WebPage","@id":"https:\/\/linmot.com\/de\/produkte\/inox-motoren\/linearmotoren-3x400vac-ssc\/","url":"https:\/\/linmot.com\/de\/produkte\/inox-motoren\/linearmotoren-3x400vac-ssc\/","name":"Linearmotoren 3x400VAC SSC | Linear Motion Technology Leader","isPartOf":{"@id":"https:\/\/linmot.com\/de\/#website"},"primaryImageOfPage":{"@id":"https:\/\/linmot.com\/de\/produkte\/inox-motoren\/linearmotoren-3x400vac-ssc\/#primaryimage"},"image":{"@id":"https:\/\/linmot.com\/de\/produkte\/inox-motoren\/linearmotoren-3x400vac-ssc\/#primaryimage"},"thumbnailUrl":"https:\/\/linmot.com\/de\/wp-content\/uploads\/sites\/2\/2022\/04\/flexibel-und-schnell-abfuellen.jpg","datePublished":"2020-11-24T15:42:04+00:00","dateModified":"2024-08-28T13:33:07+00:00","description":"LinMot setzt bei P10-70 Edelstahl-Linearmotoren auf die 3x400VAC Technologie sowie auf Servo Drives mit direkter Einspeisung aus dem Netz.","breadcrumb":{"@id":"https:\/\/linmot.com\/de\/produkte\/inox-motoren\/linearmotoren-3x400vac-ssc\/#breadcrumb"},"inLanguage":"de","potentialAction":[{"@type":"ReadAction","target":["https:\/\/linmot.com\/de\/produkte\/inox-motoren\/linearmotoren-3x400vac-ssc\/"]}]},{"@type":"ImageObject","inLanguage":"de","@id":"https:\/\/linmot.com\/de\/produkte\/inox-motoren\/linearmotoren-3x400vac-ssc\/#primaryimage","url":"https:\/\/linmot.com\/de\/wp-content\/uploads\/sites\/2\/2022\/04\/flexibel-und-schnell-abfuellen.jpg","contentUrl":"https:\/\/linmot.com\/de\/wp-content\/uploads\/sites\/2\/2022\/04\/flexibel-und-schnell-abfuellen.jpg","width":300,"height":300,"caption":"Vorschau Flexibel und Schnell abf\u00fcllen"},{"@type":"BreadcrumbList","@id":"https:\/\/linmot.com\/de\/produkte\/inox-motoren\/linearmotoren-3x400vac-ssc\/#breadcrumb","itemListElement":[{"@type":"ListItem","position":1,"name":"LinMot","item":"https:\/\/linmot.com\/de\/"},{"@type":"ListItem","position":2,"name":"Produkte","item":"https:\/\/linmot.com\/de\/produkte\/"},{"@type":"ListItem","position":3,"name":"Edelstahl Motoren","item":"https:\/\/linmot.com\/de\/produkte\/inox-motoren\/"},{"@type":"ListItem","position":4,"name":"Linearmotoren 3x400VAC SSC"}]},{"@type":"WebSite","@id":"https:\/\/linmot.com\/de\/#website","url":"https:\/\/linmot.com\/de\/","name":"LinMot & MagSpring - Industrielle Linearmotoren","description":"Hochwertigen Linearmotoren und Linearmotorsystemen","publisher":{"@id":"https:\/\/linmot.com\/de\/#organization"},"potentialAction":[{"@type":"SearchAction","target":{"@type":"EntryPoint","urlTemplate":"https:\/\/linmot.com\/de\/?s={search_term_string}"},"query-input":{"@type":"PropertyValueSpecification","valueRequired":true,"valueName":"search_term_string"}}],"inLanguage":"de"},{"@type":"Organization","@id":"https:\/\/linmot.com\/de\/#organization","name":"NTI AG - LinMot & MagSpring","url":"https:\/\/linmot.com\/de\/","logo":{"@type":"ImageObject","inLanguage":"de","@id":"https:\/\/linmot.com\/de\/#\/schema\/logo\/image\/","url":"https:\/\/linmot.com\/de\/wp-content\/uploads\/sites\/2\/2022\/01\/social-logo.jpg","contentUrl":"https:\/\/linmot.com\/de\/wp-content\/uploads\/sites\/2\/2022\/01\/social-logo.jpg","width":800,"height":500,"caption":"NTI AG - LinMot & MagSpring"},"image":{"@id":"https:\/\/linmot.com\/de\/#\/schema\/logo\/image\/"},"sameAs":["https:\/\/www.linkedin.com\/company\/nti-ag-linmot-magspring","https:\/\/www.youtube.com\/user\/LinMotEurope","https:\/\/www.xing.com\/pages\/linmot-magspring"]}]}},"_links":{"self":[{"href":"https:\/\/linmot.com\/de\/wp-json\/wp\/v2\/pages\/1472","targetHints":{"allow":["GET"]}}],"collection":[{"href":"https:\/\/linmot.com\/de\/wp-json\/wp\/v2\/pages"}],"about":[{"href":"https:\/\/linmot.com\/de\/wp-json\/wp\/v2\/types\/page"}],"author":[{"embeddable":true,"href":"https:\/\/linmot.com\/de\/wp-json\/wp\/v2\/users\/1"}],"replies":[{"embeddable":true,"href":"https:\/\/linmot.com\/de\/wp-json\/wp\/v2\/comments?post=1472"}],"version-history":[{"count":31,"href":"https:\/\/linmot.com\/de\/wp-json\/wp\/v2\/pages\/1472\/revisions"}],"predecessor-version":[{"id":5224,"href":"https:\/\/linmot.com\/de\/wp-json\/wp\/v2\/pages\/1472\/revisions\/5224"}],"up":[{"embeddable":true,"href":"https:\/\/linmot.com\/de\/wp-json\/wp\/v2\/pages\/40"}],"wp:attachment":[{"href":"https:\/\/linmot.com\/de\/wp-json\/wp\/v2\/media?parent=1472"}],"curies":[{"name":"wp","href":"https:\/\/api.w.org\/{rel}","templated":true}]}}