{"id":1471,"date":"2020-11-24T16:42:09","date_gmt":"2020-11-24T15:42:09","guid":{"rendered":"https:\/\/linmot.com\/de\/?page_id=1471"},"modified":"2024-08-28T15:05:26","modified_gmt":"2024-08-28T13:05:26","slug":"linearmotoren-ssc","status":"publish","type":"page","link":"https:\/\/linmot.com\/de\/produkte\/inox-motoren\/linearmotoren-ssc\/","title":{"rendered":"Linearmotoren SSC"},"content":{"rendered":"<p align=\"justify\"><strong>Die kompakten SSC Linearmotoren sind komplett in Edelstahl EN 1.4404\/AISI 316 ausgef\u00fchrt. Bei der Motorkonstruktion liegt das Augenmerk auf einem hygienischen Design. Um die Ablagerungen von Schmutz zu vermeiden, ist der Motor ohne unn\u00f6tige Kanten, Ecken sowie Bohrungen und Verschraubungen ausgef\u00fchrt. Dar\u00fcber hinaus sind alle F\u00fcgeverbindungen geschweisst, so dass keine Dichtungen ben\u00f6tigt werden.<\/strong><\/p>\n<hr \/>\n<div class=\"row\">\n<div class=\"col-sm-2\">\n<p><a class=\"button\" href=\"#details\">1. Details<\/a><\/p>\n<\/div>\n<div class=\"col-sm-1\">\n<\/div>\n<div class=\"col-sm-2\">\n<p><a class=\"button\" href=\"#videos\">2. Videos<\/a><\/p>\n<\/div>\n<div class=\"col-sm-1\">\n<\/div>\n<div class=\"col-sm-2\">\n<p><a class=\"button\" href=\"#anwendung\">3. Anwendung<\/a><\/p>\n<\/div>\n<div class=\"col-sm-1\">\n<\/div>\n<div class=\"col-sm-2\">\n<p><a class=\"button\" href=\"#kontakt\">4. Kontakt<\/a><\/p>\n<\/div>\n<\/div>\n<hr \/>\n<h2 id=\"details\">1. Details<\/h2>\n<p align=\"justify\">Die Wicklungen des LinMot Motors sind komplett mit Epoxidharz vergossen, wodurch die Kupferf\u00fcllung und auch das Statorpaket vor Kondensatbildung bzw. Korrosion gesch\u00fctzt sind. Dank der kompletten Kapselung sind die Motoren zudem vor dem Eindringen von Staub und Wasser (Hochdruck-\/Dampfstrahlreinigung) sicher. Durch diese Dichtigkeit erf\u00fcllen sie somit die Schutzart IP69K gem\u00e4ss DIN EN 60529. Speziell entwickelte Kunststofflager sorgen f\u00fcr eine vereinfachte Reinigung und viel Zeitersparnis bei Wash-Down Anwendungen.<\/p>\n<p align=\"justify\">Zur Temperatur\u00fcberwachung sind alle SSC Linearmotoren mit Sensoren ausgestattet, welche die Daten an den Drive weitergeben. Die Daten k\u00f6nnen in der \u00fcbergeordneten Steuerung so ausgewertet werden, dass der Motor in Abh\u00e4ngigkeit von der Verarbeitung (z. B. Lebensmittel wie Fisch) in einem konstanten Temperaturbereich gehalten werden kann. Als Option bietet LinMot ferner eine integrierte Wasserk\u00fchlung f\u00fcr tiefe Oberfl\u00e4chentemperaturen an, die zu einer h\u00f6heren Leistung und gleichzeitig zur Verringerung von Keimbildung f\u00fchrt.<\/p>\n<div class=\"row\">\n<div class=\"col-md-5\">\n<ul>\n<li>Edelstahl-Geh\u00e4use<\/li>\n<li>Hygienisches Design<\/li>\n<li>Geschweisste F\u00fcgeverbindungen<\/li>\n<li>Komplett gekapselt (IP69K)<\/li>\n<li>Optional mit integrierter Wasserk\u00fchlung<\/li>\n<\/ul>\n<p><a class=\"btn btn-active\" href=\"https:\/\/shop.linmot.com\/D\/linearmotoren\/linearmotoren-inox.htm\" target=\"_blank\" rel=\"noopener noreferrer\">Zu den Details im e-Katalog<\/a><\/p>\n<\/div>\n<div class=\"col-md-7\">\n<div class=\"carousel slide\" id=\"0234c510bc6d908b28c70ff313743079\" data-ride=\"carousel\">  <div class=\"carousel-inner\" role=\"listbox\">    <div class=\"item active\">      <img decoding=\"async\" src=\"https:\/\/linmot.com\/de\/wp-content\/uploads\/sites\/2\/2021\/08\/SSC-Serie-Vorschaubild.jpg\" alt=\"...\">    <\/div>  <\/div><div class=\"navigation\"><\/div><\/div>\n<\/div>\n<\/div>\n<h2 id=\"videos\">2. Videos<\/h2>\n<div class=\"row download\">\n<div class=\"col-md-6\">\n<h4 class=\"download-title\">Edelstahl-Motor unter Wasser<\/h4>\n<p class=\"bodytext\">Auch unter Wasser sind die SSC-Motoren dank dem hygienischen Design und den geschweissten F\u00fcgeverbindungen im Einsatz.<\/p>\n<\/div>\n<div class=\"col-md-1\">\n<\/div>\n<div class=\"col-md-5\">\n<div class=\"brlbs-cmpnt-container brlbs-cmpnt-content-blocker brlbs-cmpnt-with-individual-styles\" data-borlabs-cookie-content-blocker-id=\"youtube-content-blocker\" data-borlabs-cookie-content=\"PGlmcmFtZSB0aXRsZT0iWW91VHViZSB2aWRlbyBwbGF5ZXIiIHNyYz0iaHR0cHM6Ly93d3cueW91dHViZS1ub2Nvb2tpZS5jb20vZW1iZWQvc3FsWUdNZXNEODAiIHdpZHRoPSIzOTQiIGhlaWdodD0iMjIwIiBmcmFtZWJvcmRlcj0iMCIgYWxsb3dmdWxsc2NyZWVuPSJhbGxvd2Z1bGxzY3JlZW4iPjwvaWZyYW1lPg==\">\n<div class=\"brlbs-cmpnt-cb-preset-c brlbs-cmpnt-cb-youtube\">\n<div class=\"brlbs-cmpnt-cb-thumbnail\" style=\"background-image: url('https:\/\/linmot.com\/de\/wp-content\/uploads\/borlabs-cookie\/2\/yt_sqlYGMesD80_hqdefault.jpg')\"><\/div>\n<div class=\"brlbs-cmpnt-cb-main\">\n<div class=\"brlbs-cmpnt-cb-play-button\"><\/div>\n<div class=\"brlbs-cmpnt-cb-content\">\n<p class=\"brlbs-cmpnt-cb-description\">Sie sehen gerade einen Platzhalterinhalt von <strong>YouTube<\/strong>. Um auf den eigentlichen Inhalt zuzugreifen, klicken Sie auf die Schaltfl\u00e4che unten. Bitte beachten Sie, dass dabei Daten an Drittanbieter weitergegeben werden.<\/p>\n<p> <a class=\"brlbs-cmpnt-cb-provider-toggle\" href=\"#\" data-borlabs-cookie-show-provider-information role=\"button\">Mehr Informationen<\/a> <\/div>\n<div class=\"brlbs-cmpnt-cb-buttons\"> <a class=\"brlbs-cmpnt-cb-btn\" href=\"#\" data-borlabs-cookie-unblock role=\"button\">Inhalt entsperren<\/a> <a class=\"brlbs-cmpnt-cb-btn\" href=\"#\" data-borlabs-cookie-accept-service role=\"button\" style=\"display: inherit\">Erforderlichen Service akzeptieren und Inhalte entsperren<\/a> <\/div>\n<\/p><\/div>\n<\/p><\/div>\n<\/div>\n<\/div>\n<\/div>\n<h2 id=\"anwendung\">3. Anwendung<\/h2>\n<div class=\"row download\">\n<div class=\"col-md-3\">\n<h4 class=\"download-title\">Flexibel und schnell abf\u00fcllen<\/h4>\n<p class=\"bodytext\" align=\"justify\">Die Vorteile einer Dosierung auf Basis einer Durchflussmessung mit denen einer Kolbendosierung in einer Rundl\u00e4ufer-F\u00fcllmaschine zu vereinen, ist der Wunsch vieler Anwender. T\u00f6lke, einem Spezialisten f\u00fcr Verpackungsmaschinen, ist dieses Kunstst\u00fcck mit dem Einsatz von LinMot-Linearmotoren nun gelungen.<\/p>\n<p><a class=\"button\" href=\"\/de\/blog\/flexibel-und-schnell-abfuellen\/\">Zum Artikel<\/a><br \/>\n<\/div>\n<div class=\"col-md-2\">\n<img loading=\"lazy\" decoding=\"async\" class=\"alignnone wp-image-3280\" src=\"https:\/\/linmot.com\/de\/wp-content\/uploads\/sites\/2\/2022\/04\/flexibel-und-schnell-abfuellen.jpg\" alt=\"\" width=\"220\" height=\"220\" srcset=\"https:\/\/linmot.com\/de\/wp-content\/uploads\/sites\/2\/2022\/04\/flexibel-und-schnell-abfuellen.jpg 300w, https:\/\/linmot.com\/de\/wp-content\/uploads\/sites\/2\/2022\/04\/flexibel-und-schnell-abfuellen-150x150.jpg 150w\" sizes=\"auto, (max-width: 220px) 100vw, 220px\" \/><br \/>\n<\/div>\n<div class=\"col-md-2\">\n<\/div>\n<div class=\"col-md-3\">\n<h4 class=\"download-title\">Gesunder Zuchtfisch dank INOX Motoren<\/h4>\n<p class=\"bodytext\" align=\"justify\">Bis zu 20.000 Zuchtfische impft die von Skala Maskon entwickelte Maschine VX-8 automatisch in der Stunde. Sie hat damit das Potential, den Einsatz von Medikamenten in Aquakulturen erheblich zur\u00fcckzudr\u00e4ngen und die Versorgung der Weltbev\u00f6lkerung mit gesundem Fisch zu sichern.<\/p>\n<p><a class=\"button\" href=\"\/de\/blog\/inox-linearmotoren-sorgen-fuer-gesunde-zuchtfische\/\">Zum Artikel<\/a><br \/>\n<\/div>\n<div class=\"col-md-2\">\n<img loading=\"lazy\" decoding=\"async\" class=\"alignnone wp-image-3289 size-full\" src=\"https:\/\/linmot.com\/de\/wp-content\/uploads\/sites\/2\/2022\/04\/inox-zuchtfisch.jpg\" alt=\"\" width=\"220\" height=\"220\" srcset=\"https:\/\/linmot.com\/de\/wp-content\/uploads\/sites\/2\/2022\/04\/inox-zuchtfisch.jpg 220w, https:\/\/linmot.com\/de\/wp-content\/uploads\/sites\/2\/2022\/04\/inox-zuchtfisch-150x150.jpg 150w\" sizes=\"auto, (max-width: 220px) 100vw, 220px\" \/><br \/>\n<\/div>\n<\/div>\n<div class=\"row download\">\n<div class=\"col-md-3\">\n<h4 class=\"download-title\">Das Trennen einer Delikatesse<\/h4>\n<p class=\"bodytext\" align=\"justify\">Valka, ein isl\u00e4ndisches Hightech-Unternehmen, das fortschrittliche Systeme f\u00fcr Fischverarbeitung entwirft und baut, stattet seine Trenn- und Sortiermaschinen mit LinMot-Edelstahlmotoren aus, um die Geschwindigkeit und Genauigkeit zu gew\u00e4hrleisten, die in einer schwierigen Waschumgebung erforderlich sind.<\/p>\n<p><a class=\"button\" href=\"\/de\/blog\/das-trennen-einer-delikatesse-umleiten-wertvoller-fischteile-mit-linearmotoren\/\">Zum Artikel<\/a><br \/>\n<\/div>\n<div class=\"col-md-2\">\n<img loading=\"lazy\" decoding=\"async\" class=\"aligncenter size-full wp-image-4060\" src=\"https:\/\/linmot.com\/de\/wp-content\/uploads\/sites\/2\/2023\/01\/vorschau-umleiten-fischteile.jpg\" alt=\"\" width=\"220\" height=\"220\" srcset=\"https:\/\/linmot.com\/de\/wp-content\/uploads\/sites\/2\/2023\/01\/vorschau-umleiten-fischteile.jpg 220w, https:\/\/linmot.com\/de\/wp-content\/uploads\/sites\/2\/2023\/01\/vorschau-umleiten-fischteile-150x150.jpg 150w\" sizes=\"auto, (max-width: 220px) 100vw, 220px\" \/><br \/>\n<\/div>\n<\/div>\n<h2 id=\"kontakt\">4. Kontakt<\/h2>\n<div class=\"row download\">\n<div class=\"col-md-6\">\n<h4 class=\"download-title\">Fragen zu den SSC Motoren?<\/h4>\n<p class=\"bodytext\">Wir stehen Ihnen f\u00fcr Fragen rund um unsere SSC Motoren gerne zur Verf\u00fcgung.<br \/>\nMelden Sie sich hierf\u00fcr \u00fcber das folgende Formular bei uns oder rufen Sie uns an unter:<\/p>\n<p class=\"bodytext\">Tel: +49 (0)201 858940 0<\/p>\n<p class=\"bodytext\">Das LinMot-Team<\/p>\n<\/div>\n<div class=\"col-md-1\">\n<\/div>\n<div class=\"col-md-5\">\n\n<div class=\"wpcf7 no-js\" id=\"wpcf7-f1617-o1\" lang=\"de-DE\" dir=\"ltr\" data-wpcf7-id=\"1617\">\n<div class=\"screen-reader-response\"><p role=\"status\" aria-live=\"polite\" aria-atomic=\"true\"><\/p> <ul><\/ul><\/div>\n<form action=\"\/de\/wp-json\/wp\/v2\/pages\/1471#wpcf7-f1617-o1\" method=\"post\" class=\"wpcf7-form init\" aria-label=\"Kontaktformular\" novalidate=\"novalidate\" data-status=\"init\">\n<fieldset class=\"hidden-fields-container\"><input type=\"hidden\" name=\"_wpcf7\" value=\"1617\" \/><input type=\"hidden\" name=\"_wpcf7_version\" value=\"6.1.5\" \/><input type=\"hidden\" name=\"_wpcf7_locale\" value=\"de_DE\" \/><input type=\"hidden\" name=\"_wpcf7_unit_tag\" value=\"wpcf7-f1617-o1\" \/><input type=\"hidden\" name=\"_wpcf7_container_post\" value=\"0\" \/><input type=\"hidden\" name=\"_wpcf7_posted_data_hash\" value=\"\" \/><input type=\"hidden\" name=\"_wpcf7_recaptcha_response\" value=\"\" \/>\n<\/fieldset>\n<label> Ihr Name<br>\n    <span class=\"wpcf7-form-control-wrap\" data-name=\"your-name\"><input size=\"40\" maxlength=\"400\" class=\"wpcf7-form-control wpcf7-text wpcf7-validates-as-required\" aria-required=\"true\" aria-invalid=\"false\" value=\"\" type=\"text\" name=\"your-name\" \/><\/span> <\/label>\n<br>\n<label> Ihre Firma<br>\n    <span class=\"wpcf7-form-control-wrap\" data-name=\"your-company\"><input size=\"40\" maxlength=\"400\" class=\"wpcf7-form-control wpcf7-text wpcf7-validates-as-required\" aria-required=\"true\" aria-invalid=\"false\" value=\"\" type=\"text\" name=\"your-company\" \/><\/span> <\/label>\n<br>\n<label> Postleitzahl<br>\n    <span class=\"wpcf7-form-control-wrap\" data-name=\"your-plz\"><input class=\"wpcf7-form-control wpcf7-number wpcf7-validates-as-required wpcf7-validates-as-number\" aria-required=\"true\" aria-invalid=\"false\" value=\"\" type=\"number\" name=\"your-plz\" \/><\/span> <\/label>\n<br>\n<label> Land<br>\n    <span class=\"wpcf7-form-control-wrap\" data-name=\"your-country\"><input size=\"40\" maxlength=\"400\" class=\"wpcf7-form-control wpcf7-text wpcf7-validates-as-required\" aria-required=\"true\" aria-invalid=\"false\" value=\"\" type=\"text\" name=\"your-country\" \/><\/span> <\/label>\n<br>\n<label> Telefonnummer<br>\n    <span class=\"wpcf7-form-control-wrap\" data-name=\"your-telephone\"><input size=\"40\" maxlength=\"400\" class=\"wpcf7-form-control wpcf7-tel wpcf7-text wpcf7-validates-as-tel\" aria-invalid=\"false\" value=\"\" type=\"tel\" name=\"your-telephone\" \/><\/span> <\/label>\n<br>\n<label> E-Mail-Adresse<br>\n    <span class=\"wpcf7-form-control-wrap\" data-name=\"your-email\"><input size=\"40\" maxlength=\"400\" class=\"wpcf7-form-control wpcf7-email wpcf7-validates-as-required wpcf7-text wpcf7-validates-as-email\" aria-required=\"true\" aria-invalid=\"false\" value=\"\" type=\"email\" name=\"your-email\" \/><\/span> <\/label>\n<br>\n<label> Ihre Frage<br>\n    <span class=\"wpcf7-form-control-wrap\" data-name=\"your-message\"><textarea cols=\"40\" rows=\"10\" maxlength=\"2000\" class=\"wpcf7-form-control wpcf7-textarea\" aria-invalid=\"false\" name=\"your-message\"><\/textarea><\/span> <\/label>\n<br>\n<input class=\"wpcf7-form-control wpcf7-submit has-spinner\" type=\"submit\" value=\"Senden\" \/><div class=\"wpcf7-response-output\" aria-hidden=\"true\"><\/div>\n<\/form>\n<\/div>\n\n<\/div>\n<\/div>\n","protected":false},"excerpt":{"rendered":"<p>Die kompakten SSC Linearmotoren sind komplett in Edelstahl EN 1.4404\/AISI 316 ausgef\u00fchrt. Bei der Motorkonstruktion liegt das Augenmerk auf einem hygienischen Design. Um die Ablagerungen von Schmutz zu vermeiden, ist der Motor ohne unn\u00f6tige Kanten, Ecken sowie Bohrungen und Verschraubungen ausgef\u00fchrt. Dar\u00fcber hinaus sind alle F\u00fcgeverbindungen geschweisst, so dass keine Dichtungen ben\u00f6tigt werden. 1. Details [&hellip;]<\/p>\n","protected":false},"author":1,"featured_media":0,"parent":40,"menu_order":49,"comment_status":"closed","ping_status":"closed","template":"","meta":{"_acf_changed":false,"footnotes":""},"class_list":["post-1471","page","type-page","status-publish","hentry"],"acf":[],"yoast_head":"<!-- This site is optimized with the Yoast SEO Premium plugin v20.9 (Yoast SEO v27.2) - https:\/\/yoast.com\/product\/yoast-seo-premium-wordpress\/ -->\n<title>SSC - Edelstahl Linearmotoren mit Korrosionsschutz | LinMot<\/title>\n<meta name=\"description\" content=\"SSC Linearmotoren sind vollst\u00e4ndig in Edelstahl EN 1.4404\/AISI 316 ausgef\u00fchrt. Sie k\u00f6nnen zudem mit Wasserk\u00fchlung ausgestattet werden.\" \/>\n<meta name=\"robots\" content=\"index, follow, max-snippet:-1, max-image-preview:large, max-video-preview:-1\" \/>\n<link rel=\"canonical\" href=\"https:\/\/linmot.com\/de\/produkte\/inox-motoren\/linearmotoren-ssc\/\" \/>\n<meta property=\"og:locale\" content=\"de_DE\" \/>\n<meta property=\"og:type\" content=\"article\" \/>\n<meta property=\"og:title\" content=\"SSC - Edelstahl Linearmotoren mit Korrosionsschutz | LinMot\" \/>\n<meta property=\"og:description\" content=\"SSC Linearmotoren sind vollst\u00e4ndig in Edelstahl EN 1.4404\/AISI 316 ausgef\u00fchrt. Sie k\u00f6nnen zudem mit Wasserk\u00fchlung ausgestattet werden.\" \/>\n<meta property=\"og:url\" content=\"https:\/\/linmot.com\/de\/produkte\/inox-motoren\/linearmotoren-ssc\/\" \/>\n<meta property=\"og:site_name\" content=\"LinMot &amp; MagSpring - Deutsch\" \/>\n<meta property=\"article:modified_time\" content=\"2024-08-28T13:05:26+00:00\" \/>\n<meta property=\"og:image\" content=\"https:\/\/linmot.com\/de\/wp-content\/uploads\/sites\/2\/2020\/11\/PS01-37-SSCP.jpg\" \/>\n\t<meta property=\"og:image:width\" content=\"612\" \/>\n\t<meta property=\"og:image:height\" content=\"190\" \/>\n\t<meta property=\"og:image:type\" content=\"image\/jpeg\" \/>\n<meta name=\"twitter:card\" content=\"summary_large_image\" \/>\n<meta name=\"twitter:title\" content=\"SSC - Edelstahl Linearmotoren mit Korrosionsschutz | LinMot\" \/>\n<meta name=\"twitter:description\" content=\"SSC Linearmotoren sind vollst\u00e4ndig in Edelstahl EN 1.4404\/AISI 316 ausgef\u00fchrt. Sie k\u00f6nnen zudem mit Wasserk\u00fchlung ausgestattet werden.\" \/>\n<meta name=\"twitter:label1\" content=\"Gesch\u00e4tzte Lesezeit\" \/>\n\t<meta name=\"twitter:data1\" content=\"4 Minuten\" \/>\n<script type=\"application\/ld+json\" class=\"yoast-schema-graph\">{\"@context\":\"https:\/\/schema.org\",\"@graph\":[{\"@type\":\"WebPage\",\"@id\":\"https:\/\/linmot.com\/de\/produkte\/inox-motoren\/linearmotoren-ssc\/\",\"url\":\"https:\/\/linmot.com\/de\/produkte\/inox-motoren\/linearmotoren-ssc\/\",\"name\":\"SSC - Edelstahl Linearmotoren mit Korrosionsschutz | LinMot\",\"isPartOf\":{\"@id\":\"https:\/\/linmot.com\/de\/#website\"},\"primaryImageOfPage\":{\"@id\":\"https:\/\/linmot.com\/de\/produkte\/inox-motoren\/linearmotoren-ssc\/#primaryimage\"},\"image\":{\"@id\":\"https:\/\/linmot.com\/de\/produkte\/inox-motoren\/linearmotoren-ssc\/#primaryimage\"},\"thumbnailUrl\":\"https:\/\/linmot.com\/de\/wp-content\/uploads\/sites\/2\/2022\/04\/flexibel-und-schnell-abfuellen.jpg\",\"datePublished\":\"2020-11-24T15:42:09+00:00\",\"dateModified\":\"2024-08-28T13:05:26+00:00\",\"description\":\"SSC Linearmotoren sind vollst\u00e4ndig in Edelstahl EN 1.4404\/AISI 316 ausgef\u00fchrt. Sie k\u00f6nnen zudem mit Wasserk\u00fchlung ausgestattet werden.\",\"breadcrumb\":{\"@id\":\"https:\/\/linmot.com\/de\/produkte\/inox-motoren\/linearmotoren-ssc\/#breadcrumb\"},\"inLanguage\":\"de\",\"potentialAction\":[{\"@type\":\"ReadAction\",\"target\":[\"https:\/\/linmot.com\/de\/produkte\/inox-motoren\/linearmotoren-ssc\/\"]}]},{\"@type\":\"ImageObject\",\"inLanguage\":\"de\",\"@id\":\"https:\/\/linmot.com\/de\/produkte\/inox-motoren\/linearmotoren-ssc\/#primaryimage\",\"url\":\"https:\/\/linmot.com\/de\/wp-content\/uploads\/sites\/2\/2022\/04\/flexibel-und-schnell-abfuellen.jpg\",\"contentUrl\":\"https:\/\/linmot.com\/de\/wp-content\/uploads\/sites\/2\/2022\/04\/flexibel-und-schnell-abfuellen.jpg\",\"width\":300,\"height\":300,\"caption\":\"Vorschau Flexibel und Schnell abf\u00fcllen\"},{\"@type\":\"BreadcrumbList\",\"@id\":\"https:\/\/linmot.com\/de\/produkte\/inox-motoren\/linearmotoren-ssc\/#breadcrumb\",\"itemListElement\":[{\"@type\":\"ListItem\",\"position\":1,\"name\":\"LinMot\",\"item\":\"https:\/\/linmot.com\/de\/\"},{\"@type\":\"ListItem\",\"position\":2,\"name\":\"Produkte\",\"item\":\"https:\/\/linmot.com\/de\/produkte\/\"},{\"@type\":\"ListItem\",\"position\":3,\"name\":\"Edelstahl Motoren\",\"item\":\"https:\/\/linmot.com\/de\/produkte\/inox-motoren\/\"},{\"@type\":\"ListItem\",\"position\":4,\"name\":\"Linearmotoren SSC\"}]},{\"@type\":\"WebSite\",\"@id\":\"https:\/\/linmot.com\/de\/#website\",\"url\":\"https:\/\/linmot.com\/de\/\",\"name\":\"LinMot & MagSpring - Industrielle Linearmotoren\",\"description\":\"Hochwertigen Linearmotoren und Linearmotorsystemen\",\"publisher\":{\"@id\":\"https:\/\/linmot.com\/de\/#organization\"},\"potentialAction\":[{\"@type\":\"SearchAction\",\"target\":{\"@type\":\"EntryPoint\",\"urlTemplate\":\"https:\/\/linmot.com\/de\/?s={search_term_string}\"},\"query-input\":{\"@type\":\"PropertyValueSpecification\",\"valueRequired\":true,\"valueName\":\"search_term_string\"}}],\"inLanguage\":\"de\"},{\"@type\":\"Organization\",\"@id\":\"https:\/\/linmot.com\/de\/#organization\",\"name\":\"NTI AG - LinMot & MagSpring\",\"url\":\"https:\/\/linmot.com\/de\/\",\"logo\":{\"@type\":\"ImageObject\",\"inLanguage\":\"de\",\"@id\":\"https:\/\/linmot.com\/de\/#\/schema\/logo\/image\/\",\"url\":\"https:\/\/linmot.com\/de\/wp-content\/uploads\/sites\/2\/2022\/01\/social-logo.jpg\",\"contentUrl\":\"https:\/\/linmot.com\/de\/wp-content\/uploads\/sites\/2\/2022\/01\/social-logo.jpg\",\"width\":800,\"height\":500,\"caption\":\"NTI AG - LinMot & MagSpring\"},\"image\":{\"@id\":\"https:\/\/linmot.com\/de\/#\/schema\/logo\/image\/\"},\"sameAs\":[\"https:\/\/www.linkedin.com\/company\/nti-ag-linmot-magspring\",\"https:\/\/www.youtube.com\/user\/LinMotEurope\",\"https:\/\/www.xing.com\/pages\/linmot-magspring\"]}]}<\/script>\n<!-- \/ Yoast SEO Premium plugin. -->","yoast_head_json":{"title":"SSC - Edelstahl Linearmotoren mit Korrosionsschutz | LinMot","description":"SSC Linearmotoren sind vollst\u00e4ndig in Edelstahl EN 1.4404\/AISI 316 ausgef\u00fchrt. Sie k\u00f6nnen zudem mit Wasserk\u00fchlung ausgestattet werden.","robots":{"index":"index","follow":"follow","max-snippet":"max-snippet:-1","max-image-preview":"max-image-preview:large","max-video-preview":"max-video-preview:-1"},"canonical":"https:\/\/linmot.com\/de\/produkte\/inox-motoren\/linearmotoren-ssc\/","og_locale":"de_DE","og_type":"article","og_title":"SSC - Edelstahl Linearmotoren mit Korrosionsschutz | LinMot","og_description":"SSC Linearmotoren sind vollst\u00e4ndig in Edelstahl EN 1.4404\/AISI 316 ausgef\u00fchrt. Sie k\u00f6nnen zudem mit Wasserk\u00fchlung ausgestattet werden.","og_url":"https:\/\/linmot.com\/de\/produkte\/inox-motoren\/linearmotoren-ssc\/","og_site_name":"LinMot &amp; MagSpring - Deutsch","article_modified_time":"2024-08-28T13:05:26+00:00","og_image":[{"width":612,"height":190,"url":"https:\/\/linmot.com\/de\/wp-content\/uploads\/sites\/2\/2020\/11\/PS01-37-SSCP.jpg","type":"image\/jpeg"}],"twitter_card":"summary_large_image","twitter_title":"SSC - Edelstahl Linearmotoren mit Korrosionsschutz | LinMot","twitter_description":"SSC Linearmotoren sind vollst\u00e4ndig in Edelstahl EN 1.4404\/AISI 316 ausgef\u00fchrt. Sie k\u00f6nnen zudem mit Wasserk\u00fchlung ausgestattet werden.","twitter_misc":{"Gesch\u00e4tzte Lesezeit":"4 Minuten"},"schema":{"@context":"https:\/\/schema.org","@graph":[{"@type":"WebPage","@id":"https:\/\/linmot.com\/de\/produkte\/inox-motoren\/linearmotoren-ssc\/","url":"https:\/\/linmot.com\/de\/produkte\/inox-motoren\/linearmotoren-ssc\/","name":"SSC - Edelstahl Linearmotoren mit Korrosionsschutz | LinMot","isPartOf":{"@id":"https:\/\/linmot.com\/de\/#website"},"primaryImageOfPage":{"@id":"https:\/\/linmot.com\/de\/produkte\/inox-motoren\/linearmotoren-ssc\/#primaryimage"},"image":{"@id":"https:\/\/linmot.com\/de\/produkte\/inox-motoren\/linearmotoren-ssc\/#primaryimage"},"thumbnailUrl":"https:\/\/linmot.com\/de\/wp-content\/uploads\/sites\/2\/2022\/04\/flexibel-und-schnell-abfuellen.jpg","datePublished":"2020-11-24T15:42:09+00:00","dateModified":"2024-08-28T13:05:26+00:00","description":"SSC Linearmotoren sind vollst\u00e4ndig in Edelstahl EN 1.4404\/AISI 316 ausgef\u00fchrt. Sie k\u00f6nnen zudem mit Wasserk\u00fchlung ausgestattet werden.","breadcrumb":{"@id":"https:\/\/linmot.com\/de\/produkte\/inox-motoren\/linearmotoren-ssc\/#breadcrumb"},"inLanguage":"de","potentialAction":[{"@type":"ReadAction","target":["https:\/\/linmot.com\/de\/produkte\/inox-motoren\/linearmotoren-ssc\/"]}]},{"@type":"ImageObject","inLanguage":"de","@id":"https:\/\/linmot.com\/de\/produkte\/inox-motoren\/linearmotoren-ssc\/#primaryimage","url":"https:\/\/linmot.com\/de\/wp-content\/uploads\/sites\/2\/2022\/04\/flexibel-und-schnell-abfuellen.jpg","contentUrl":"https:\/\/linmot.com\/de\/wp-content\/uploads\/sites\/2\/2022\/04\/flexibel-und-schnell-abfuellen.jpg","width":300,"height":300,"caption":"Vorschau Flexibel und Schnell abf\u00fcllen"},{"@type":"BreadcrumbList","@id":"https:\/\/linmot.com\/de\/produkte\/inox-motoren\/linearmotoren-ssc\/#breadcrumb","itemListElement":[{"@type":"ListItem","position":1,"name":"LinMot","item":"https:\/\/linmot.com\/de\/"},{"@type":"ListItem","position":2,"name":"Produkte","item":"https:\/\/linmot.com\/de\/produkte\/"},{"@type":"ListItem","position":3,"name":"Edelstahl Motoren","item":"https:\/\/linmot.com\/de\/produkte\/inox-motoren\/"},{"@type":"ListItem","position":4,"name":"Linearmotoren SSC"}]},{"@type":"WebSite","@id":"https:\/\/linmot.com\/de\/#website","url":"https:\/\/linmot.com\/de\/","name":"LinMot & MagSpring - Industrielle Linearmotoren","description":"Hochwertigen Linearmotoren und Linearmotorsystemen","publisher":{"@id":"https:\/\/linmot.com\/de\/#organization"},"potentialAction":[{"@type":"SearchAction","target":{"@type":"EntryPoint","urlTemplate":"https:\/\/linmot.com\/de\/?s={search_term_string}"},"query-input":{"@type":"PropertyValueSpecification","valueRequired":true,"valueName":"search_term_string"}}],"inLanguage":"de"},{"@type":"Organization","@id":"https:\/\/linmot.com\/de\/#organization","name":"NTI AG - LinMot & MagSpring","url":"https:\/\/linmot.com\/de\/","logo":{"@type":"ImageObject","inLanguage":"de","@id":"https:\/\/linmot.com\/de\/#\/schema\/logo\/image\/","url":"https:\/\/linmot.com\/de\/wp-content\/uploads\/sites\/2\/2022\/01\/social-logo.jpg","contentUrl":"https:\/\/linmot.com\/de\/wp-content\/uploads\/sites\/2\/2022\/01\/social-logo.jpg","width":800,"height":500,"caption":"NTI AG - LinMot & MagSpring"},"image":{"@id":"https:\/\/linmot.com\/de\/#\/schema\/logo\/image\/"},"sameAs":["https:\/\/www.linkedin.com\/company\/nti-ag-linmot-magspring","https:\/\/www.youtube.com\/user\/LinMotEurope","https:\/\/www.xing.com\/pages\/linmot-magspring"]}]}},"_links":{"self":[{"href":"https:\/\/linmot.com\/de\/wp-json\/wp\/v2\/pages\/1471","targetHints":{"allow":["GET"]}}],"collection":[{"href":"https:\/\/linmot.com\/de\/wp-json\/wp\/v2\/pages"}],"about":[{"href":"https:\/\/linmot.com\/de\/wp-json\/wp\/v2\/types\/page"}],"author":[{"embeddable":true,"href":"https:\/\/linmot.com\/de\/wp-json\/wp\/v2\/users\/1"}],"replies":[{"embeddable":true,"href":"https:\/\/linmot.com\/de\/wp-json\/wp\/v2\/comments?post=1471"}],"version-history":[{"count":43,"href":"https:\/\/linmot.com\/de\/wp-json\/wp\/v2\/pages\/1471\/revisions"}],"predecessor-version":[{"id":5222,"href":"https:\/\/linmot.com\/de\/wp-json\/wp\/v2\/pages\/1471\/revisions\/5222"}],"up":[{"embeddable":true,"href":"https:\/\/linmot.com\/de\/wp-json\/wp\/v2\/pages\/40"}],"wp:attachment":[{"href":"https:\/\/linmot.com\/de\/wp-json\/wp\/v2\/media?parent=1471"}],"curies":[{"name":"wp","href":"https:\/\/api.w.org\/{rel}","templated":true}]}}