{"id":1435,"date":"2020-10-28T18:19:02","date_gmt":"2020-10-28T17:19:02","guid":{"rendered":"https:\/\/linmot.com\/de\/?page_id=1435"},"modified":"2024-08-28T16:04:20","modified_gmt":"2024-08-28T14:04:20","slug":"linearfuehrungen-edelstahl-h01","status":"publish","type":"page","link":"https:\/\/linmot.com\/de\/produkte\/linearfuehrungen-linearmodule\/linearfuehrungen-edelstahl-h01\/","title":{"rendered":"Linearf\u00fchrungen Edelstahl H01"},"content":{"rendered":"<p align=\"justify\"><strong>H01 Edelstahl-F\u00fchrungen sind kompakte F\u00fchrungseinheiten f\u00fcr den Betrieb von LinMot Motoren der Serie P01-37-SSC und P01-48-SSC zusammen mit untermassigen L\u00e4ufern.<\/strong><\/p>\n<hr \/>\n<div class=\"row\">\n<div class=\"col-sm-2\">\n<p><a class=\"button\" href=\"#details\">1. Details<\/a><\/p>\n<\/div>\n<div class=\"col-sm-1\">\n<\/div>\n<div class=\"col-sm-2\">\n<p><a class=\"button\" href=\"#kontakt\">2. Kontakt<\/a><\/p>\n<\/div>\n<\/div>\n<hr \/>\n<h3 id=\"details\">1. Details<\/h3>\n<p align=\"justify\">Die F\u00fchrung, die aus zwei F\u00fchrungsbl\u00f6cken, zwei F\u00fchrungswellen und einer Last -Montageplatte besteht, ist aus nicht rostenden Stahl (WkNr. 1.4404, AISI 316 L) gefertigt. F\u00fcr die pr\u00e4zise Linearbewegung sorgen geh\u00e4rtete Wellen, welche \u00fcber Kunststoff gleitend gelagert sind. Das eingesetzte Lagermaterial ist speziell auf den Einsatz im <a href=\"\/de\/branchen\/lebensmittel\/\">Lebensmittel<\/a>&#8211; und <a href=\"\/de\/branchen\/medizin-pharma\/\">Medizinbereich<\/a> ausgelegt und gem\u00e4ss FDA zugelassen.<\/p>\n<div class=\"row\">\n<div class=\"col-md-7\">\n<ul>\n<li>Aus Edelstahl gefertigt (1.4404 \/ AISI 316)<\/li>\n<li>Geh\u00e4rtete Edelstahl-F\u00fchrungswellen<\/li>\n<li>Gleitlager mit FDA Zulassung<\/li>\n<li>Keine Dichtungen; Verbindungen sind geschweisst<\/li>\n<li>Abgeschr\u00e4gte \/ Abgerundete Oberfl\u00e4chen<\/li>\n<li>Motorinnenraum komplett durchsp\u00fclbar<\/li>\n<\/ul>\n<p><a class=\"btn btn-active\" href=\"https:\/\/shop.linmot.com\/D\/linearmodule-&amp;-f%c3%bchrungen\/linearf%c3%bchrungen-edelstahl-h01.htm\">Zu den Details<\/a><\/p>\n<\/div>\n<div class=\"col-md-5\">\n<div class=\"carousel slide\" id=\"21084232b82ddcad663b22d13f615d93\" data-ride=\"carousel\">  <div class=\"carousel-inner\" role=\"listbox\">    <div class=\"item active\">      <img decoding=\"async\" src=\"https:\/\/linmot.com\/de\/wp-content\/uploads\/sites\/2\/2017\/10\/H01-SSC_2.jpg\" alt=\"...\">    <\/div>    <div class=\"item\">      <img decoding=\"async\" src=\"https:\/\/linmot.com\/de\/wp-content\/uploads\/sites\/2\/2017\/10\/H01-SSC_3.jpg\" alt=\"...\">    <\/div>    <div class=\"item\">      <img decoding=\"async\" src=\"https:\/\/linmot.com\/de\/wp-content\/uploads\/sites\/2\/2017\/10\/H01-SSC_1.jpg\" alt=\"...\">    <\/div>  <\/div><div class=\"navigation\"><a class=\"left carousel-control\" href=\"#21084232b82ddcad663b22d13f615d93\" role=\"button\" data-slide=\"prev\"><\/a><a class=\"right carousel-control\" href=\"#21084232b82ddcad663b22d13f615d93\" role=\"button\" data-slide=\"next\"><\/a><\/div><\/div>\n<\/div>\n<\/div>\n<h3 id=\"kontakt\">2. Kontakt<\/h3>\n<div class=\"row download\">\n<div class=\"col-md-6\">\n<h4 class=\"download-title\">Fragen zur Linearf\u00fchrung Edelstahl H01?<\/h4>\n<p class=\"bodytext\">Wir stehen Ihnen f\u00fcr Fragen gerne zur Verf\u00fcgung.<br \/>\nMelden Sie sich hierf\u00fcr \u00fcber das folgende Formular bei uns oder rufen Sie uns an unter:<\/p>\n<p class=\"bodytext\">Tel: +49 (0)201 858940 0<\/p>\n<p class=\"bodytext\">Das LinMot-Team<\/p>\n<\/div>\n<div class=\"col-md-1\">\n<\/div>\n<div class=\"col-md-5\">\n\n<div class=\"wpcf7 no-js\" id=\"wpcf7-f1617-o1\" lang=\"de-DE\" dir=\"ltr\" data-wpcf7-id=\"1617\">\n<div class=\"screen-reader-response\"><p role=\"status\" aria-live=\"polite\" aria-atomic=\"true\"><\/p> <ul><\/ul><\/div>\n<form action=\"\/de\/wp-json\/wp\/v2\/pages\/1435#wpcf7-f1617-o1\" method=\"post\" class=\"wpcf7-form init\" aria-label=\"Kontaktformular\" novalidate=\"novalidate\" data-status=\"init\">\n<fieldset class=\"hidden-fields-container\"><input type=\"hidden\" name=\"_wpcf7\" value=\"1617\" \/><input type=\"hidden\" name=\"_wpcf7_version\" value=\"6.1.5\" \/><input type=\"hidden\" name=\"_wpcf7_locale\" value=\"de_DE\" \/><input type=\"hidden\" name=\"_wpcf7_unit_tag\" value=\"wpcf7-f1617-o1\" \/><input type=\"hidden\" name=\"_wpcf7_container_post\" value=\"0\" \/><input type=\"hidden\" name=\"_wpcf7_posted_data_hash\" value=\"\" \/><input type=\"hidden\" name=\"_wpcf7_recaptcha_response\" value=\"\" \/>\n<\/fieldset>\n<label> Ihr Name<br>\n    <span class=\"wpcf7-form-control-wrap\" data-name=\"your-name\"><input size=\"40\" maxlength=\"400\" class=\"wpcf7-form-control wpcf7-text wpcf7-validates-as-required\" aria-required=\"true\" aria-invalid=\"false\" value=\"\" type=\"text\" name=\"your-name\" \/><\/span> <\/label>\n<br>\n<label> Ihre Firma<br>\n    <span class=\"wpcf7-form-control-wrap\" data-name=\"your-company\"><input size=\"40\" maxlength=\"400\" class=\"wpcf7-form-control wpcf7-text wpcf7-validates-as-required\" aria-required=\"true\" aria-invalid=\"false\" value=\"\" type=\"text\" name=\"your-company\" \/><\/span> <\/label>\n<br>\n<label> Postleitzahl<br>\n    <span class=\"wpcf7-form-control-wrap\" data-name=\"your-plz\"><input class=\"wpcf7-form-control wpcf7-number wpcf7-validates-as-required wpcf7-validates-as-number\" aria-required=\"true\" aria-invalid=\"false\" value=\"\" type=\"number\" name=\"your-plz\" \/><\/span> <\/label>\n<br>\n<label> Land<br>\n    <span class=\"wpcf7-form-control-wrap\" data-name=\"your-country\"><input size=\"40\" maxlength=\"400\" class=\"wpcf7-form-control wpcf7-text wpcf7-validates-as-required\" aria-required=\"true\" aria-invalid=\"false\" value=\"\" type=\"text\" name=\"your-country\" \/><\/span> <\/label>\n<br>\n<label> Telefonnummer<br>\n    <span class=\"wpcf7-form-control-wrap\" data-name=\"your-telephone\"><input size=\"40\" maxlength=\"400\" class=\"wpcf7-form-control wpcf7-tel wpcf7-text wpcf7-validates-as-tel\" aria-invalid=\"false\" value=\"\" type=\"tel\" name=\"your-telephone\" \/><\/span> <\/label>\n<br>\n<label> E-Mail-Adresse<br>\n    <span class=\"wpcf7-form-control-wrap\" data-name=\"your-email\"><input size=\"40\" maxlength=\"400\" class=\"wpcf7-form-control wpcf7-email wpcf7-validates-as-required wpcf7-text wpcf7-validates-as-email\" aria-required=\"true\" aria-invalid=\"false\" value=\"\" type=\"email\" name=\"your-email\" \/><\/span> <\/label>\n<br>\n<label> Ihre Frage<br>\n    <span class=\"wpcf7-form-control-wrap\" data-name=\"your-message\"><textarea cols=\"40\" rows=\"10\" maxlength=\"2000\" class=\"wpcf7-form-control wpcf7-textarea\" aria-invalid=\"false\" name=\"your-message\"><\/textarea><\/span> <\/label>\n<br>\n<input class=\"wpcf7-form-control wpcf7-submit has-spinner\" type=\"submit\" value=\"Senden\" \/><div class=\"wpcf7-response-output\" aria-hidden=\"true\"><\/div>\n<\/form>\n<\/div>\n\n<\/div>\n<\/div>\n","protected":false},"excerpt":{"rendered":"<p>H01 Edelstahl-F\u00fchrungen sind kompakte F\u00fchrungseinheiten f\u00fcr den Betrieb von LinMot Motoren der Serie P01-37-SSC und P01-48-SSC zusammen mit untermassigen L\u00e4ufern. 1. Details Die F\u00fchrung, die aus zwei F\u00fchrungsbl\u00f6cken, zwei F\u00fchrungswellen und einer Last -Montageplatte besteht, ist aus nicht rostenden Stahl (WkNr. 1.4404, AISI 316 L) gefertigt. F\u00fcr die pr\u00e4zise Linearbewegung sorgen geh\u00e4rtete Wellen, welche \u00fcber [&hellip;]<\/p>\n","protected":false},"author":1,"featured_media":0,"parent":44,"menu_order":68,"comment_status":"closed","ping_status":"closed","template":"","meta":{"_acf_changed":false,"footnotes":""},"class_list":["post-1435","page","type-page","status-publish","hentry"],"acf":[],"yoast_head":"<!-- This site is optimized with the Yoast SEO Premium plugin v20.9 (Yoast SEO v27.4) - https:\/\/yoast.com\/product\/yoast-seo-premium-wordpress\/ -->\n<title>Linearf\u00fchrungen Edelstahl H01 | LinMot<\/title>\n<meta name=\"description\" content=\"Die Edelstahl-F\u00fchrungen der Serie H01 sind F\u00fchrungseinheiten f\u00fcr den Betrieb der Edelstahl-Motoren der Serie P01-37-SSC und P01-48-SSC.\" \/>\n<meta name=\"robots\" content=\"index, follow, max-snippet:-1, max-image-preview:large, max-video-preview:-1\" \/>\n<link rel=\"canonical\" href=\"https:\/\/linmot.com\/de\/produkte\/linearfuehrungen-linearmodule\/linearfuehrungen-edelstahl-h01\/\" \/>\n<meta property=\"og:locale\" content=\"de_DE\" \/>\n<meta property=\"og:type\" content=\"article\" \/>\n<meta property=\"og:title\" content=\"Linearf\u00fchrungen Edelstahl H01 | LinMot\" \/>\n<meta property=\"og:description\" content=\"Die Edelstahl-F\u00fchrungen der Serie H01 sind F\u00fchrungseinheiten f\u00fcr den Betrieb der Edelstahl-Motoren der Serie P01-37-SSC und P01-48-SSC.\" \/>\n<meta property=\"og:url\" content=\"https:\/\/linmot.com\/de\/produkte\/linearfuehrungen-linearmodule\/linearfuehrungen-edelstahl-h01\/\" \/>\n<meta property=\"og:site_name\" content=\"LinMot &amp; MagSpring - Deutsch\" \/>\n<meta property=\"article:modified_time\" content=\"2024-08-28T14:04:20+00:00\" \/>\n<meta property=\"og:image\" content=\"https:\/\/linmot.com\/de\/wp-content\/uploads\/sites\/2\/2017\/10\/H01-SSC_2.jpg\" \/>\n\t<meta property=\"og:image:width\" content=\"612\" \/>\n\t<meta property=\"og:image:height\" content=\"190\" \/>\n\t<meta property=\"og:image:type\" content=\"image\/jpeg\" \/>\n<meta name=\"twitter:card\" content=\"summary_large_image\" \/>\n<meta name=\"twitter:title\" content=\"Linearf\u00fchrungen Edelstahl H01 | LinMot\" \/>\n<meta name=\"twitter:description\" content=\"Die Edelstahl-F\u00fchrungen der Serie H01 sind F\u00fchrungseinheiten f\u00fcr den Betrieb der Edelstahl-Motoren der Serie P01-37-SSC und P01-48-SSC.\" \/>\n<meta name=\"twitter:label1\" content=\"Gesch\u00e4tzte Lesezeit\" \/>\n\t<meta name=\"twitter:data1\" content=\"2 Minuten\" \/>\n<script type=\"application\/ld+json\" class=\"yoast-schema-graph\">{\"@context\":\"https:\\\/\\\/schema.org\",\"@graph\":[{\"@type\":\"WebPage\",\"@id\":\"https:\\\/\\\/linmot.com\\\/de\\\/produkte\\\/linearfuehrungen-linearmodule\\\/linearfuehrungen-edelstahl-h01\\\/\",\"url\":\"https:\\\/\\\/linmot.com\\\/de\\\/produkte\\\/linearfuehrungen-linearmodule\\\/linearfuehrungen-edelstahl-h01\\\/\",\"name\":\"Linearf\u00fchrungen Edelstahl H01 | LinMot\",\"isPartOf\":{\"@id\":\"https:\\\/\\\/linmot.com\\\/de\\\/#website\"},\"datePublished\":\"2020-10-28T17:19:02+00:00\",\"dateModified\":\"2024-08-28T14:04:20+00:00\",\"description\":\"Die Edelstahl-F\u00fchrungen der Serie H01 sind F\u00fchrungseinheiten f\u00fcr den Betrieb der Edelstahl-Motoren der Serie P01-37-SSC und P01-48-SSC.\",\"breadcrumb\":{\"@id\":\"https:\\\/\\\/linmot.com\\\/de\\\/produkte\\\/linearfuehrungen-linearmodule\\\/linearfuehrungen-edelstahl-h01\\\/#breadcrumb\"},\"inLanguage\":\"de\",\"potentialAction\":[{\"@type\":\"ReadAction\",\"target\":[\"https:\\\/\\\/linmot.com\\\/de\\\/produkte\\\/linearfuehrungen-linearmodule\\\/linearfuehrungen-edelstahl-h01\\\/\"]}]},{\"@type\":\"BreadcrumbList\",\"@id\":\"https:\\\/\\\/linmot.com\\\/de\\\/produkte\\\/linearfuehrungen-linearmodule\\\/linearfuehrungen-edelstahl-h01\\\/#breadcrumb\",\"itemListElement\":[{\"@type\":\"ListItem\",\"position\":1,\"name\":\"LinMot\",\"item\":\"https:\\\/\\\/linmot.com\\\/de\\\/\"},{\"@type\":\"ListItem\",\"position\":2,\"name\":\"Produkte\",\"item\":\"https:\\\/\\\/linmot.com\\\/de\\\/produkte\\\/\"},{\"@type\":\"ListItem\",\"position\":3,\"name\":\"Linearf\u00fchrungen \\\/ Linearmodule\",\"item\":\"https:\\\/\\\/linmot.com\\\/de\\\/produkte\\\/linearfuehrungen-linearmodule\\\/\"},{\"@type\":\"ListItem\",\"position\":4,\"name\":\"Linearf\u00fchrungen Edelstahl H01\"}]},{\"@type\":\"WebSite\",\"@id\":\"https:\\\/\\\/linmot.com\\\/de\\\/#website\",\"url\":\"https:\\\/\\\/linmot.com\\\/de\\\/\",\"name\":\"LinMot & MagSpring - Industrielle Linearmotoren\",\"description\":\"Hochwertigen Linearmotoren und Linearmotorsystemen\",\"publisher\":{\"@id\":\"https:\\\/\\\/linmot.com\\\/de\\\/#organization\"},\"potentialAction\":[{\"@type\":\"SearchAction\",\"target\":{\"@type\":\"EntryPoint\",\"urlTemplate\":\"https:\\\/\\\/linmot.com\\\/de\\\/?s={search_term_string}\"},\"query-input\":{\"@type\":\"PropertyValueSpecification\",\"valueRequired\":true,\"valueName\":\"search_term_string\"}}],\"inLanguage\":\"de\"},{\"@type\":\"Organization\",\"@id\":\"https:\\\/\\\/linmot.com\\\/de\\\/#organization\",\"name\":\"NTI AG - LinMot & MagSpring\",\"url\":\"https:\\\/\\\/linmot.com\\\/de\\\/\",\"logo\":{\"@type\":\"ImageObject\",\"inLanguage\":\"de\",\"@id\":\"https:\\\/\\\/linmot.com\\\/de\\\/#\\\/schema\\\/logo\\\/image\\\/\",\"url\":\"https:\\\/\\\/linmot.com\\\/de\\\/wp-content\\\/uploads\\\/sites\\\/2\\\/2022\\\/01\\\/social-logo.jpg\",\"contentUrl\":\"https:\\\/\\\/linmot.com\\\/de\\\/wp-content\\\/uploads\\\/sites\\\/2\\\/2022\\\/01\\\/social-logo.jpg\",\"width\":800,\"height\":500,\"caption\":\"NTI AG - LinMot & MagSpring\"},\"image\":{\"@id\":\"https:\\\/\\\/linmot.com\\\/de\\\/#\\\/schema\\\/logo\\\/image\\\/\"},\"sameAs\":[\"https:\\\/\\\/www.linkedin.com\\\/company\\\/nti-ag-linmot-magspring\",\"https:\\\/\\\/www.youtube.com\\\/user\\\/LinMotEurope\",\"https:\\\/\\\/www.xing.com\\\/pages\\\/linmot-magspring\"]}]}<\/script>\n<!-- \/ Yoast SEO Premium plugin. -->","yoast_head_json":{"title":"Linearf\u00fchrungen Edelstahl H01 | LinMot","description":"Die Edelstahl-F\u00fchrungen der Serie H01 sind F\u00fchrungseinheiten f\u00fcr den Betrieb der Edelstahl-Motoren der Serie P01-37-SSC und P01-48-SSC.","robots":{"index":"index","follow":"follow","max-snippet":"max-snippet:-1","max-image-preview":"max-image-preview:large","max-video-preview":"max-video-preview:-1"},"canonical":"https:\/\/linmot.com\/de\/produkte\/linearfuehrungen-linearmodule\/linearfuehrungen-edelstahl-h01\/","og_locale":"de_DE","og_type":"article","og_title":"Linearf\u00fchrungen Edelstahl H01 | LinMot","og_description":"Die Edelstahl-F\u00fchrungen der Serie H01 sind F\u00fchrungseinheiten f\u00fcr den Betrieb der Edelstahl-Motoren der Serie P01-37-SSC und P01-48-SSC.","og_url":"https:\/\/linmot.com\/de\/produkte\/linearfuehrungen-linearmodule\/linearfuehrungen-edelstahl-h01\/","og_site_name":"LinMot &amp; MagSpring - Deutsch","article_modified_time":"2024-08-28T14:04:20+00:00","og_image":[{"width":612,"height":190,"url":"https:\/\/linmot.com\/de\/wp-content\/uploads\/sites\/2\/2017\/10\/H01-SSC_2.jpg","type":"image\/jpeg"}],"twitter_card":"summary_large_image","twitter_title":"Linearf\u00fchrungen Edelstahl H01 | LinMot","twitter_description":"Die Edelstahl-F\u00fchrungen der Serie H01 sind F\u00fchrungseinheiten f\u00fcr den Betrieb der Edelstahl-Motoren der Serie P01-37-SSC und P01-48-SSC.","twitter_misc":{"Gesch\u00e4tzte Lesezeit":"2 Minuten"},"schema":{"@context":"https:\/\/schema.org","@graph":[{"@type":"WebPage","@id":"https:\/\/linmot.com\/de\/produkte\/linearfuehrungen-linearmodule\/linearfuehrungen-edelstahl-h01\/","url":"https:\/\/linmot.com\/de\/produkte\/linearfuehrungen-linearmodule\/linearfuehrungen-edelstahl-h01\/","name":"Linearf\u00fchrungen Edelstahl H01 | LinMot","isPartOf":{"@id":"https:\/\/linmot.com\/de\/#website"},"datePublished":"2020-10-28T17:19:02+00:00","dateModified":"2024-08-28T14:04:20+00:00","description":"Die Edelstahl-F\u00fchrungen der Serie H01 sind F\u00fchrungseinheiten f\u00fcr den Betrieb der Edelstahl-Motoren der Serie P01-37-SSC und P01-48-SSC.","breadcrumb":{"@id":"https:\/\/linmot.com\/de\/produkte\/linearfuehrungen-linearmodule\/linearfuehrungen-edelstahl-h01\/#breadcrumb"},"inLanguage":"de","potentialAction":[{"@type":"ReadAction","target":["https:\/\/linmot.com\/de\/produkte\/linearfuehrungen-linearmodule\/linearfuehrungen-edelstahl-h01\/"]}]},{"@type":"BreadcrumbList","@id":"https:\/\/linmot.com\/de\/produkte\/linearfuehrungen-linearmodule\/linearfuehrungen-edelstahl-h01\/#breadcrumb","itemListElement":[{"@type":"ListItem","position":1,"name":"LinMot","item":"https:\/\/linmot.com\/de\/"},{"@type":"ListItem","position":2,"name":"Produkte","item":"https:\/\/linmot.com\/de\/produkte\/"},{"@type":"ListItem","position":3,"name":"Linearf\u00fchrungen \/ Linearmodule","item":"https:\/\/linmot.com\/de\/produkte\/linearfuehrungen-linearmodule\/"},{"@type":"ListItem","position":4,"name":"Linearf\u00fchrungen Edelstahl H01"}]},{"@type":"WebSite","@id":"https:\/\/linmot.com\/de\/#website","url":"https:\/\/linmot.com\/de\/","name":"LinMot & MagSpring - Industrielle Linearmotoren","description":"Hochwertigen Linearmotoren und Linearmotorsystemen","publisher":{"@id":"https:\/\/linmot.com\/de\/#organization"},"potentialAction":[{"@type":"SearchAction","target":{"@type":"EntryPoint","urlTemplate":"https:\/\/linmot.com\/de\/?s={search_term_string}"},"query-input":{"@type":"PropertyValueSpecification","valueRequired":true,"valueName":"search_term_string"}}],"inLanguage":"de"},{"@type":"Organization","@id":"https:\/\/linmot.com\/de\/#organization","name":"NTI AG - LinMot & MagSpring","url":"https:\/\/linmot.com\/de\/","logo":{"@type":"ImageObject","inLanguage":"de","@id":"https:\/\/linmot.com\/de\/#\/schema\/logo\/image\/","url":"https:\/\/linmot.com\/de\/wp-content\/uploads\/sites\/2\/2022\/01\/social-logo.jpg","contentUrl":"https:\/\/linmot.com\/de\/wp-content\/uploads\/sites\/2\/2022\/01\/social-logo.jpg","width":800,"height":500,"caption":"NTI AG - LinMot & MagSpring"},"image":{"@id":"https:\/\/linmot.com\/de\/#\/schema\/logo\/image\/"},"sameAs":["https:\/\/www.linkedin.com\/company\/nti-ag-linmot-magspring","https:\/\/www.youtube.com\/user\/LinMotEurope","https:\/\/www.xing.com\/pages\/linmot-magspring"]}]}},"_links":{"self":[{"href":"https:\/\/linmot.com\/de\/wp-json\/wp\/v2\/pages\/1435","targetHints":{"allow":["GET"]}}],"collection":[{"href":"https:\/\/linmot.com\/de\/wp-json\/wp\/v2\/pages"}],"about":[{"href":"https:\/\/linmot.com\/de\/wp-json\/wp\/v2\/types\/page"}],"author":[{"embeddable":true,"href":"https:\/\/linmot.com\/de\/wp-json\/wp\/v2\/users\/1"}],"replies":[{"embeddable":true,"href":"https:\/\/linmot.com\/de\/wp-json\/wp\/v2\/comments?post=1435"}],"version-history":[{"count":18,"href":"https:\/\/linmot.com\/de\/wp-json\/wp\/v2\/pages\/1435\/revisions"}],"predecessor-version":[{"id":5234,"href":"https:\/\/linmot.com\/de\/wp-json\/wp\/v2\/pages\/1435\/revisions\/5234"}],"up":[{"embeddable":true,"href":"https:\/\/linmot.com\/de\/wp-json\/wp\/v2\/pages\/44"}],"wp:attachment":[{"href":"https:\/\/linmot.com\/de\/wp-json\/wp\/v2\/media?parent=1435"}],"curies":[{"name":"wp","href":"https:\/\/api.w.org\/{rel}","templated":true}]}}