{"id":1427,"date":"2020-10-28T18:15:21","date_gmt":"2020-10-28T17:15:21","guid":{"rendered":"https:\/\/linmot.com\/de\/?page_id=1427"},"modified":"2024-08-28T16:00:28","modified_gmt":"2024-08-28T14:00:28","slug":"linearmodule-edelstahl-sm01-sm02","status":"publish","type":"page","link":"https:\/\/linmot.com\/de\/produkte\/linearfuehrungen-linearmodule\/linearmodule-edelstahl-sm01-sm02\/","title":{"rendered":"Linearmodule Edelstahl SM01\/SM02"},"content":{"rendered":"<p align=\"justify\"><strong>Die SM01\/SM02-Linearmodule sind komplette Antriebsl\u00f6sungen bestehend aus Linearf\u00fchrung mit integrierten LinMot Linearmotoren und optional angebauten vertikalen Lastausgleichselementen \u00abMagSpring\u00bb. Die Module sind speziell f\u00fcr Anwendungen in der Pharmazie oder dem Lebensmittelbereich entwickelt worden, welche eine L\u00f6sung aus Edelstahl mit hohem Schutzgrad erforderlich machen.<\/strong><\/p>\n<hr \/>\n<div class=\"row\">\n<div class=\"col-sm-2\">\n<p><a class=\"button\" href=\"#details\">1. Details<\/a><\/p>\n<\/div>\n<div class=\"col-sm-1\">\n<\/div>\n<div class=\"col-sm-2\">\n<p><a class=\"button\" href=\"#videos\">2. Videos<\/a><\/p>\n<\/div>\n<div class=\"col-sm-1\">\n<\/div>\n<div class=\"col-sm-2\">\n<p><a class=\"button\" href=\"#anwendung\">3. Anwendung<\/a><\/p>\n<\/div>\n<div class=\"col-sm-1\">\n<\/div>\n<div class=\"col-sm-2\">\n<p><a class=\"button\" href=\"#kontakt\">4. Kontakt<\/a><\/p>\n<\/div>\n<\/div>\n<hr \/>\n<h2 id=\"details\">1. Details<\/h2>\n<h3 id=\"sm01\">Modul SM01<\/h3>\n<div class=\"row\">\n<div class=\"col-md-7\">\n<ul>\n<li>Motorgeh\u00e4use und Befestigungsteile aus Edelstahl 1.4404 (AISI 316L)<\/li>\n<li>F\u00fchrungsstangen wahlweise aus oberfl\u00e4chengeh\u00e4rteten Edelstahl 1.4404 (AISI 316L)<\/li>\n<li>F\u00fchrung mit Linearkugellagern und lebensmittelvertr\u00e4glichem Schmierstoff (NSF H1) oder Gleitf\u00fchrung mit FDA-zugelassenen Polymerlagern<\/li>\n<li>Hohe Chemikalienbest\u00e4ndigkeit<\/li>\n<li>Geeignet f\u00fcr \u00abwash-down\u00bb mit Schutzklasse IP69<\/li>\n<li>Optimal ausgelegt f\u00fcr \u00abIn-Place\u00bb Reinigungsprozesse wie CIP und SIP.<\/li>\n<\/ul>\n<p><a class=\"btn btn-active\" href=\"https:\/\/shop.linmot.com\/E\/linear-modules-&amp;-guides\/linear-modules-stainless-steel-sm.htm\" target=\"_blank\" rel=\"noopener noreferrer\">Zu den Details im e-Katalog<\/a><\/p>\n<\/div>\n<div class=\"col-md-5\">\n<div class=\"carousel slide\" id=\"b3e9b47db8e560fc6f0bc0af7180d390\" data-ride=\"carousel\">  <div class=\"carousel-inner\" role=\"listbox\">    <div class=\"item active\">      <img decoding=\"async\" src=\"https:\/\/linmot.com\/de\/wp-content\/uploads\/sites\/2\/2020\/10\/SM01-37_MagSpring.png\" alt=\"...\">    <\/div>    <div class=\"item\">      <img decoding=\"async\" src=\"https:\/\/linmot.com\/de\/wp-content\/uploads\/sites\/2\/2020\/10\/SM01-37_small.png\" alt=\"...\">    <\/div>  <\/div><div class=\"navigation\"><a class=\"left carousel-control\" href=\"#b3e9b47db8e560fc6f0bc0af7180d390\" role=\"button\" data-slide=\"prev\"><\/a><a class=\"right carousel-control\" href=\"#b3e9b47db8e560fc6f0bc0af7180d390\" role=\"button\" data-slide=\"next\"><\/a><\/div><\/div>\n<\/div>\n<\/div>\n<h3 id=\"sm02\">Modul SM02<\/h3>\n<div class=\"row\">\n<div class=\"col-md-7\">\n<ul>\n<li>\u00abMoving Stator\u00bb Prinzip f\u00fcr lange, dynamische Bewegungen<\/li>\n<li>Speziell geeignet f\u00fcr <a href=\"\/de\/branchen\/\">Pharmazie- und Lebensmittelindustrie<\/a><\/li>\n<li>Geeignet f\u00fcr \u00abWash-Down\u00bb mit Schutzklassen bis IP69<\/li>\n<li>Hohe Chemikalienbest\u00e4ndigkeit<\/li>\n<li>F\u00fchrung mit rostfreien Linearkugellagern oder Gleitf\u00fchrung mit FDA zugelassenen Polymerlagern<\/li>\n<li>Mit &#8222;Plug and Play&#8220; Technologie ausgestattet<\/li>\n<\/ul>\n<p><a class=\"btn btn-active\" href=\"https:\/\/shop.linmot.com\/E\/linear-modules-&amp;-guides\/linear-modules-stainless-steel-sm.htm\" target=\"_blank\" rel=\"noopener noreferrer\">Zu den Details im e-Katalog<\/a><\/p>\n<\/div>\n<div class=\"col-md-5\">\n<div class=\"carousel slide\" id=\"6b5c3bbb0334371bd990ae94bc4505d9\" data-ride=\"carousel\">  <div class=\"carousel-inner\" role=\"listbox\">    <div class=\"item active\">      <img decoding=\"async\" src=\"https:\/\/linmot.com\/de\/wp-content\/uploads\/sites\/2\/2021\/10\/SM02-Bilder-0-37x120F-HP-R-xxx_BE01_SSCP.jpg\" alt=\"...\">    <\/div>    <div class=\"item\">      <img decoding=\"async\" src=\"https:\/\/linmot.com\/de\/wp-content\/uploads\/sites\/2\/2021\/10\/SM02-Bilder-2-Gantry_X.jpg\" alt=\"...\">    <\/div>    <div class=\"item\">      <img decoding=\"async\" src=\"https:\/\/linmot.com\/de\/wp-content\/uploads\/sites\/2\/2021\/10\/SM02-Bilder-3-AllHalf.jpg\" alt=\"...\">    <\/div>    <div class=\"item\">      <img decoding=\"async\" src=\"https:\/\/linmot.com\/de\/wp-content\/uploads\/sites\/2\/2021\/10\/SM02-Bilder-1-37Sx120F-HP-R-710_BE04_SSCP.jpg\" alt=\"...\">    <\/div>  <\/div><div class=\"navigation\"><a class=\"left carousel-control\" href=\"#6b5c3bbb0334371bd990ae94bc4505d9\" role=\"button\" data-slide=\"prev\"><\/a><a class=\"right carousel-control\" href=\"#6b5c3bbb0334371bd990ae94bc4505d9\" role=\"button\" data-slide=\"next\"><\/a><\/div><\/div>\n<\/div>\n<\/div>\n<h2 id=\"videos\">2. Videos<\/h2>\n<div class=\"row download\">\n<div class=\"col-md-6\">\n<h4 class=\"download-title\">Linearmodule Edelstahl SM01<\/h4>\n<p class=\"bodytext\" align=\"justify\">Das Video zeigt die neuen LinMot SM01-Edelstahl-Linearmodule mit hochdynamischen Bewegungen. Die SM01-Serie ist eine komplette Antriebsl\u00f6sung, bestehend aus Linearf\u00fchrung und fest integriertem LinMot-Stator.<\/p>\n<\/div>\n<div class=\"col-md-1\">\n<\/div>\n<div class=\"col-md-5\">\n<div class=\"brlbs-cmpnt-container brlbs-cmpnt-content-blocker brlbs-cmpnt-with-individual-styles\" data-borlabs-cookie-content-blocker-id=\"youtube-content-blocker\" data-borlabs-cookie-content=\"PGlmcmFtZSB0aXRsZT0iWW91VHViZSB2aWRlbyBwbGF5ZXIiIHNyYz0iaHR0cHM6Ly93d3cueW91dHViZS1ub2Nvb2tpZS5jb20vZW1iZWQvN01PTWQ5OTR0eFE\/Y29udHJvbHM9MCZhbXA7cmVsPTA\/IiB3aWR0aD0iMzk0IiBoZWlnaHQ9IjIyMCIgZnJhbWVib3JkZXI9IjAiIGFsbG93ZnVsbHNjcmVlbj0iYWxsb3dmdWxsc2NyZWVuIj48L2lmcmFtZT4=\">\n<div class=\"brlbs-cmpnt-cb-preset-c brlbs-cmpnt-cb-youtube\">\n<div class=\"brlbs-cmpnt-cb-thumbnail\" style=\"background-image: url('https:\/\/linmot.com\/de\/wp-content\/uploads\/borlabs-cookie\/2\/yt_7MOMd994txQ_hqdefault.jpg')\"><\/div>\n<div class=\"brlbs-cmpnt-cb-main\">\n<div class=\"brlbs-cmpnt-cb-play-button\"><\/div>\n<div class=\"brlbs-cmpnt-cb-content\">\n<p class=\"brlbs-cmpnt-cb-description\">Sie sehen gerade einen Platzhalterinhalt von <strong>YouTube<\/strong>. Um auf den eigentlichen Inhalt zuzugreifen, klicken Sie auf die Schaltfl\u00e4che unten. Bitte beachten Sie, dass dabei Daten an Drittanbieter weitergegeben werden.<\/p>\n<p> <a class=\"brlbs-cmpnt-cb-provider-toggle\" href=\"#\" data-borlabs-cookie-show-provider-information role=\"button\">Mehr Informationen<\/a> <\/div>\n<div class=\"brlbs-cmpnt-cb-buttons\"> <a class=\"brlbs-cmpnt-cb-btn\" href=\"#\" data-borlabs-cookie-unblock role=\"button\">Inhalt entsperren<\/a> <a class=\"brlbs-cmpnt-cb-btn\" href=\"#\" data-borlabs-cookie-accept-service role=\"button\" style=\"display: inherit\">Erforderlichen Service akzeptieren und Inhalte entsperren<\/a> <\/div>\n<\/p><\/div>\n<\/p><\/div>\n<\/div>\n<\/div>\n<\/div>\n<h3 id=\"anwendung\">3. Anwendung<\/h3>\n<div class=\"row download\">\n<div class=\"col-md-3\">\n<h4 class=\"download-title\">Das Trennen einer Delikatesse<\/h4>\n<p class=\"bodytext\" align=\"justify\">Valka, ein isl\u00e4ndisches Hightech-Unternehmen, das fortschrittliche Systeme f\u00fcr Fischverarbeitung entwirft und baut, stattet seine Trenn- und Sortiermaschinen mit LinMot-Edelstahlmotoren aus, um die Geschwindigkeit und Genauigkeit zu gew\u00e4hrleisten, die in einer schwierigen Waschumgebung erforderlich sind.<\/p>\n<p><a class=\"button\" href=\"\/de\/blog\/das-trennen-einer-delikatesse-umleiten-wertvoller-fischteile-mit-linearmotoren\/\">Zum Artikel<\/a><br \/>\n<\/div>\n<div class=\"col-md-2\">\n<img loading=\"lazy\" decoding=\"async\" class=\"aligncenter size-full wp-image-4060\" src=\"https:\/\/linmot.com\/de\/wp-content\/uploads\/sites\/2\/2023\/01\/vorschau-umleiten-fischteile.jpg\" alt=\"\" width=\"220\" height=\"220\" srcset=\"https:\/\/linmot.com\/de\/wp-content\/uploads\/sites\/2\/2023\/01\/vorschau-umleiten-fischteile.jpg 220w, https:\/\/linmot.com\/de\/wp-content\/uploads\/sites\/2\/2023\/01\/vorschau-umleiten-fischteile-150x150.jpg 150w\" sizes=\"auto, (max-width: 220px) 100vw, 220px\" \/><br \/>\n<\/div>\n<\/div>\n<h2 id=\"kontakt\">4. Kontakt<\/h2>\n<div class=\"row download\">\n<div class=\"col-md-6\">\n<h4 class=\"download-title\">Fragen zu den Edelstahl Linearmodulen?<\/h4>\n<p class=\"bodytext\">Wir stehen Ihnen f\u00fcr Fragen gerne zur Verf\u00fcgung.<br \/>\nMelden Sie sich hierf\u00fcr \u00fcber das folgende Formular bei uns oder rufen Sie uns an unter:<\/p>\n<p class=\"bodytext\">Tel: +49 (0)201 858940 0<\/p>\n<p class=\"bodytext\">Das LinMot-Team<\/p>\n<\/div>\n<div class=\"col-md-1\">\n<\/div>\n<div class=\"col-md-5\">\n\n<div class=\"wpcf7 no-js\" id=\"wpcf7-f1617-o1\" lang=\"de-DE\" dir=\"ltr\" data-wpcf7-id=\"1617\">\n<div class=\"screen-reader-response\"><p role=\"status\" aria-live=\"polite\" aria-atomic=\"true\"><\/p> <ul><\/ul><\/div>\n<form action=\"\/de\/wp-json\/wp\/v2\/pages\/1427#wpcf7-f1617-o1\" method=\"post\" class=\"wpcf7-form init\" aria-label=\"Kontaktformular\" novalidate=\"novalidate\" data-status=\"init\">\n<fieldset class=\"hidden-fields-container\"><input type=\"hidden\" name=\"_wpcf7\" value=\"1617\" \/><input type=\"hidden\" name=\"_wpcf7_version\" value=\"6.1.5\" \/><input type=\"hidden\" name=\"_wpcf7_locale\" value=\"de_DE\" \/><input type=\"hidden\" name=\"_wpcf7_unit_tag\" value=\"wpcf7-f1617-o1\" \/><input type=\"hidden\" name=\"_wpcf7_container_post\" value=\"0\" \/><input type=\"hidden\" name=\"_wpcf7_posted_data_hash\" value=\"\" \/><input type=\"hidden\" name=\"_wpcf7_recaptcha_response\" value=\"\" \/>\n<\/fieldset>\n<label> Ihr Name<br>\n    <span class=\"wpcf7-form-control-wrap\" data-name=\"your-name\"><input size=\"40\" maxlength=\"400\" class=\"wpcf7-form-control wpcf7-text wpcf7-validates-as-required\" aria-required=\"true\" aria-invalid=\"false\" value=\"\" type=\"text\" name=\"your-name\" \/><\/span> <\/label>\n<br>\n<label> Ihre Firma<br>\n    <span class=\"wpcf7-form-control-wrap\" data-name=\"your-company\"><input size=\"40\" maxlength=\"400\" class=\"wpcf7-form-control wpcf7-text wpcf7-validates-as-required\" aria-required=\"true\" aria-invalid=\"false\" value=\"\" type=\"text\" name=\"your-company\" \/><\/span> <\/label>\n<br>\n<label> Postleitzahl<br>\n    <span class=\"wpcf7-form-control-wrap\" data-name=\"your-plz\"><input class=\"wpcf7-form-control wpcf7-number wpcf7-validates-as-required wpcf7-validates-as-number\" aria-required=\"true\" aria-invalid=\"false\" value=\"\" type=\"number\" name=\"your-plz\" \/><\/span> <\/label>\n<br>\n<label> Land<br>\n    <span class=\"wpcf7-form-control-wrap\" data-name=\"your-country\"><input size=\"40\" maxlength=\"400\" class=\"wpcf7-form-control wpcf7-text wpcf7-validates-as-required\" aria-required=\"true\" aria-invalid=\"false\" value=\"\" type=\"text\" name=\"your-country\" \/><\/span> <\/label>\n<br>\n<label> Telefonnummer<br>\n    <span class=\"wpcf7-form-control-wrap\" data-name=\"your-telephone\"><input size=\"40\" maxlength=\"400\" class=\"wpcf7-form-control wpcf7-tel wpcf7-text wpcf7-validates-as-tel\" aria-invalid=\"false\" value=\"\" type=\"tel\" name=\"your-telephone\" \/><\/span> <\/label>\n<br>\n<label> E-Mail-Adresse<br>\n    <span class=\"wpcf7-form-control-wrap\" data-name=\"your-email\"><input size=\"40\" maxlength=\"400\" class=\"wpcf7-form-control wpcf7-email wpcf7-validates-as-required wpcf7-text wpcf7-validates-as-email\" aria-required=\"true\" aria-invalid=\"false\" value=\"\" type=\"email\" name=\"your-email\" \/><\/span> <\/label>\n<br>\n<label> Ihre Frage<br>\n    <span class=\"wpcf7-form-control-wrap\" data-name=\"your-message\"><textarea cols=\"40\" rows=\"10\" maxlength=\"2000\" class=\"wpcf7-form-control wpcf7-textarea\" aria-invalid=\"false\" name=\"your-message\"><\/textarea><\/span> <\/label>\n<br>\n<input class=\"wpcf7-form-control wpcf7-submit has-spinner\" type=\"submit\" value=\"Senden\" \/><div class=\"wpcf7-response-output\" aria-hidden=\"true\"><\/div>\n<\/form>\n<\/div>\n\n<\/div>\n<\/div>\n","protected":false},"excerpt":{"rendered":"<p>Die SM01\/SM02-Linearmodule sind komplette Antriebsl\u00f6sungen bestehend aus Linearf\u00fchrung mit integrierten LinMot Linearmotoren und optional angebauten vertikalen Lastausgleichselementen \u00abMagSpring\u00bb. Die Module sind speziell f\u00fcr Anwendungen in der Pharmazie oder dem Lebensmittelbereich entwickelt worden, welche eine L\u00f6sung aus Edelstahl mit hohem Schutzgrad erforderlich machen. 1. Details Modul SM01 Modul SM02 2. Videos 3. Anwendung 4. Kontakt<\/p>\n","protected":false},"author":1,"featured_media":0,"parent":44,"menu_order":76,"comment_status":"closed","ping_status":"closed","template":"","meta":{"_acf_changed":false,"footnotes":""},"class_list":["post-1427","page","type-page","status-publish","hentry"],"acf":[],"yoast_head":"<!-- This site is optimized with the Yoast SEO Premium plugin v20.9 (Yoast SEO v27.3) - https:\/\/yoast.com\/product\/yoast-seo-premium-wordpress\/ -->\n<title>Linearmodule Edelstahl SM01 \u2013 Pharmazie und Lebensmittel<\/title>\n<meta name=\"description\" content=\"Die Linearmodule SM01 sind aus Edelstahl mit hohem Schutzgrad und speziell geeignet f\u00fcr Anwendungen in der Pharma- und Lebensmittelbranche.\" \/>\n<meta name=\"robots\" content=\"index, follow, max-snippet:-1, max-image-preview:large, max-video-preview:-1\" \/>\n<link rel=\"canonical\" href=\"https:\/\/linmot.com\/de\/produkte\/linearfuehrungen-linearmodule\/linearmodule-edelstahl-sm01-sm02\/\" \/>\n<meta property=\"og:locale\" content=\"de_DE\" \/>\n<meta property=\"og:type\" content=\"article\" \/>\n<meta property=\"og:title\" content=\"Linearmodule Edelstahl SM01 \u2013 Pharmazie und Lebensmittel\" \/>\n<meta property=\"og:description\" content=\"Die Linearmodule SM01 sind aus Edelstahl mit hohem Schutzgrad und speziell geeignet f\u00fcr Anwendungen in der Pharma- und Lebensmittelbranche.\" \/>\n<meta property=\"og:url\" content=\"https:\/\/linmot.com\/de\/produkte\/linearfuehrungen-linearmodule\/linearmodule-edelstahl-sm01-sm02\/\" \/>\n<meta property=\"og:site_name\" content=\"LinMot &amp; MagSpring - Deutsch\" \/>\n<meta property=\"article:modified_time\" content=\"2024-08-28T14:00:28+00:00\" \/>\n<meta property=\"og:image\" content=\"https:\/\/linmot.com\/de\/wp-content\/uploads\/sites\/2\/2020\/10\/SM01-37_small.png\" \/>\n\t<meta property=\"og:image:width\" content=\"612\" \/>\n\t<meta property=\"og:image:height\" content=\"190\" \/>\n\t<meta property=\"og:image:type\" content=\"image\/png\" \/>\n<meta name=\"twitter:card\" content=\"summary_large_image\" \/>\n<meta name=\"twitter:title\" content=\"Linearmodule Edelstahl SM01 \u2013 Pharmazie und Lebensmittel\" \/>\n<meta name=\"twitter:description\" content=\"Die Linearmodule SM01 sind aus Edelstahl mit hohem Schutzgrad und speziell geeignet f\u00fcr Anwendungen in der Pharma- und Lebensmittelbranche.\" \/>\n<meta name=\"twitter:label1\" content=\"Gesch\u00e4tzte Lesezeit\" \/>\n\t<meta name=\"twitter:data1\" content=\"3 Minuten\" \/>\n<script type=\"application\/ld+json\" class=\"yoast-schema-graph\">{\"@context\":\"https:\\\/\\\/schema.org\",\"@graph\":[{\"@type\":\"WebPage\",\"@id\":\"https:\\\/\\\/linmot.com\\\/de\\\/produkte\\\/linearfuehrungen-linearmodule\\\/linearmodule-edelstahl-sm01-sm02\\\/\",\"url\":\"https:\\\/\\\/linmot.com\\\/de\\\/produkte\\\/linearfuehrungen-linearmodule\\\/linearmodule-edelstahl-sm01-sm02\\\/\",\"name\":\"Linearmodule Edelstahl SM01 \u2013 Pharmazie und Lebensmittel\",\"isPartOf\":{\"@id\":\"https:\\\/\\\/linmot.com\\\/de\\\/#website\"},\"primaryImageOfPage\":{\"@id\":\"https:\\\/\\\/linmot.com\\\/de\\\/produkte\\\/linearfuehrungen-linearmodule\\\/linearmodule-edelstahl-sm01-sm02\\\/#primaryimage\"},\"image\":{\"@id\":\"https:\\\/\\\/linmot.com\\\/de\\\/produkte\\\/linearfuehrungen-linearmodule\\\/linearmodule-edelstahl-sm01-sm02\\\/#primaryimage\"},\"thumbnailUrl\":\"https:\\\/\\\/linmot.com\\\/de\\\/wp-content\\\/uploads\\\/sites\\\/2\\\/2023\\\/01\\\/vorschau-umleiten-fischteile.jpg\",\"datePublished\":\"2020-10-28T17:15:21+00:00\",\"dateModified\":\"2024-08-28T14:00:28+00:00\",\"description\":\"Die Linearmodule SM01 sind aus Edelstahl mit hohem Schutzgrad und speziell geeignet f\u00fcr Anwendungen in der Pharma- und Lebensmittelbranche.\",\"breadcrumb\":{\"@id\":\"https:\\\/\\\/linmot.com\\\/de\\\/produkte\\\/linearfuehrungen-linearmodule\\\/linearmodule-edelstahl-sm01-sm02\\\/#breadcrumb\"},\"inLanguage\":\"de\",\"potentialAction\":[{\"@type\":\"ReadAction\",\"target\":[\"https:\\\/\\\/linmot.com\\\/de\\\/produkte\\\/linearfuehrungen-linearmodule\\\/linearmodule-edelstahl-sm01-sm02\\\/\"]}]},{\"@type\":\"ImageObject\",\"inLanguage\":\"de\",\"@id\":\"https:\\\/\\\/linmot.com\\\/de\\\/produkte\\\/linearfuehrungen-linearmodule\\\/linearmodule-edelstahl-sm01-sm02\\\/#primaryimage\",\"url\":\"https:\\\/\\\/linmot.com\\\/de\\\/wp-content\\\/uploads\\\/sites\\\/2\\\/2023\\\/01\\\/vorschau-umleiten-fischteile.jpg\",\"contentUrl\":\"https:\\\/\\\/linmot.com\\\/de\\\/wp-content\\\/uploads\\\/sites\\\/2\\\/2023\\\/01\\\/vorschau-umleiten-fischteile.jpg\",\"width\":220,\"height\":220},{\"@type\":\"BreadcrumbList\",\"@id\":\"https:\\\/\\\/linmot.com\\\/de\\\/produkte\\\/linearfuehrungen-linearmodule\\\/linearmodule-edelstahl-sm01-sm02\\\/#breadcrumb\",\"itemListElement\":[{\"@type\":\"ListItem\",\"position\":1,\"name\":\"LinMot\",\"item\":\"https:\\\/\\\/linmot.com\\\/de\\\/\"},{\"@type\":\"ListItem\",\"position\":2,\"name\":\"Produkte\",\"item\":\"https:\\\/\\\/linmot.com\\\/de\\\/produkte\\\/\"},{\"@type\":\"ListItem\",\"position\":3,\"name\":\"Linearf\u00fchrungen \\\/ Linearmodule\",\"item\":\"https:\\\/\\\/linmot.com\\\/de\\\/produkte\\\/linearfuehrungen-linearmodule\\\/\"},{\"@type\":\"ListItem\",\"position\":4,\"name\":\"Linearmodule Edelstahl SM01\\\/SM02\"}]},{\"@type\":\"WebSite\",\"@id\":\"https:\\\/\\\/linmot.com\\\/de\\\/#website\",\"url\":\"https:\\\/\\\/linmot.com\\\/de\\\/\",\"name\":\"LinMot & MagSpring - Industrielle Linearmotoren\",\"description\":\"Hochwertigen Linearmotoren und Linearmotorsystemen\",\"publisher\":{\"@id\":\"https:\\\/\\\/linmot.com\\\/de\\\/#organization\"},\"potentialAction\":[{\"@type\":\"SearchAction\",\"target\":{\"@type\":\"EntryPoint\",\"urlTemplate\":\"https:\\\/\\\/linmot.com\\\/de\\\/?s={search_term_string}\"},\"query-input\":{\"@type\":\"PropertyValueSpecification\",\"valueRequired\":true,\"valueName\":\"search_term_string\"}}],\"inLanguage\":\"de\"},{\"@type\":\"Organization\",\"@id\":\"https:\\\/\\\/linmot.com\\\/de\\\/#organization\",\"name\":\"NTI AG - LinMot & MagSpring\",\"url\":\"https:\\\/\\\/linmot.com\\\/de\\\/\",\"logo\":{\"@type\":\"ImageObject\",\"inLanguage\":\"de\",\"@id\":\"https:\\\/\\\/linmot.com\\\/de\\\/#\\\/schema\\\/logo\\\/image\\\/\",\"url\":\"https:\\\/\\\/linmot.com\\\/de\\\/wp-content\\\/uploads\\\/sites\\\/2\\\/2022\\\/01\\\/social-logo.jpg\",\"contentUrl\":\"https:\\\/\\\/linmot.com\\\/de\\\/wp-content\\\/uploads\\\/sites\\\/2\\\/2022\\\/01\\\/social-logo.jpg\",\"width\":800,\"height\":500,\"caption\":\"NTI AG - LinMot & MagSpring\"},\"image\":{\"@id\":\"https:\\\/\\\/linmot.com\\\/de\\\/#\\\/schema\\\/logo\\\/image\\\/\"},\"sameAs\":[\"https:\\\/\\\/www.linkedin.com\\\/company\\\/nti-ag-linmot-magspring\",\"https:\\\/\\\/www.youtube.com\\\/user\\\/LinMotEurope\",\"https:\\\/\\\/www.xing.com\\\/pages\\\/linmot-magspring\"]}]}<\/script>\n<!-- \/ Yoast SEO Premium plugin. -->","yoast_head_json":{"title":"Linearmodule Edelstahl SM01 \u2013 Pharmazie und Lebensmittel","description":"Die Linearmodule SM01 sind aus Edelstahl mit hohem Schutzgrad und speziell geeignet f\u00fcr Anwendungen in der Pharma- und Lebensmittelbranche.","robots":{"index":"index","follow":"follow","max-snippet":"max-snippet:-1","max-image-preview":"max-image-preview:large","max-video-preview":"max-video-preview:-1"},"canonical":"https:\/\/linmot.com\/de\/produkte\/linearfuehrungen-linearmodule\/linearmodule-edelstahl-sm01-sm02\/","og_locale":"de_DE","og_type":"article","og_title":"Linearmodule Edelstahl SM01 \u2013 Pharmazie und Lebensmittel","og_description":"Die Linearmodule SM01 sind aus Edelstahl mit hohem Schutzgrad und speziell geeignet f\u00fcr Anwendungen in der Pharma- und Lebensmittelbranche.","og_url":"https:\/\/linmot.com\/de\/produkte\/linearfuehrungen-linearmodule\/linearmodule-edelstahl-sm01-sm02\/","og_site_name":"LinMot &amp; MagSpring - Deutsch","article_modified_time":"2024-08-28T14:00:28+00:00","og_image":[{"width":612,"height":190,"url":"https:\/\/linmot.com\/de\/wp-content\/uploads\/sites\/2\/2020\/10\/SM01-37_small.png","type":"image\/png"}],"twitter_card":"summary_large_image","twitter_title":"Linearmodule Edelstahl SM01 \u2013 Pharmazie und Lebensmittel","twitter_description":"Die Linearmodule SM01 sind aus Edelstahl mit hohem Schutzgrad und speziell geeignet f\u00fcr Anwendungen in der Pharma- und Lebensmittelbranche.","twitter_misc":{"Gesch\u00e4tzte Lesezeit":"3 Minuten"},"schema":{"@context":"https:\/\/schema.org","@graph":[{"@type":"WebPage","@id":"https:\/\/linmot.com\/de\/produkte\/linearfuehrungen-linearmodule\/linearmodule-edelstahl-sm01-sm02\/","url":"https:\/\/linmot.com\/de\/produkte\/linearfuehrungen-linearmodule\/linearmodule-edelstahl-sm01-sm02\/","name":"Linearmodule Edelstahl SM01 \u2013 Pharmazie und Lebensmittel","isPartOf":{"@id":"https:\/\/linmot.com\/de\/#website"},"primaryImageOfPage":{"@id":"https:\/\/linmot.com\/de\/produkte\/linearfuehrungen-linearmodule\/linearmodule-edelstahl-sm01-sm02\/#primaryimage"},"image":{"@id":"https:\/\/linmot.com\/de\/produkte\/linearfuehrungen-linearmodule\/linearmodule-edelstahl-sm01-sm02\/#primaryimage"},"thumbnailUrl":"https:\/\/linmot.com\/de\/wp-content\/uploads\/sites\/2\/2023\/01\/vorschau-umleiten-fischteile.jpg","datePublished":"2020-10-28T17:15:21+00:00","dateModified":"2024-08-28T14:00:28+00:00","description":"Die Linearmodule SM01 sind aus Edelstahl mit hohem Schutzgrad und speziell geeignet f\u00fcr Anwendungen in der Pharma- und Lebensmittelbranche.","breadcrumb":{"@id":"https:\/\/linmot.com\/de\/produkte\/linearfuehrungen-linearmodule\/linearmodule-edelstahl-sm01-sm02\/#breadcrumb"},"inLanguage":"de","potentialAction":[{"@type":"ReadAction","target":["https:\/\/linmot.com\/de\/produkte\/linearfuehrungen-linearmodule\/linearmodule-edelstahl-sm01-sm02\/"]}]},{"@type":"ImageObject","inLanguage":"de","@id":"https:\/\/linmot.com\/de\/produkte\/linearfuehrungen-linearmodule\/linearmodule-edelstahl-sm01-sm02\/#primaryimage","url":"https:\/\/linmot.com\/de\/wp-content\/uploads\/sites\/2\/2023\/01\/vorschau-umleiten-fischteile.jpg","contentUrl":"https:\/\/linmot.com\/de\/wp-content\/uploads\/sites\/2\/2023\/01\/vorschau-umleiten-fischteile.jpg","width":220,"height":220},{"@type":"BreadcrumbList","@id":"https:\/\/linmot.com\/de\/produkte\/linearfuehrungen-linearmodule\/linearmodule-edelstahl-sm01-sm02\/#breadcrumb","itemListElement":[{"@type":"ListItem","position":1,"name":"LinMot","item":"https:\/\/linmot.com\/de\/"},{"@type":"ListItem","position":2,"name":"Produkte","item":"https:\/\/linmot.com\/de\/produkte\/"},{"@type":"ListItem","position":3,"name":"Linearf\u00fchrungen \/ Linearmodule","item":"https:\/\/linmot.com\/de\/produkte\/linearfuehrungen-linearmodule\/"},{"@type":"ListItem","position":4,"name":"Linearmodule Edelstahl SM01\/SM02"}]},{"@type":"WebSite","@id":"https:\/\/linmot.com\/de\/#website","url":"https:\/\/linmot.com\/de\/","name":"LinMot & MagSpring - Industrielle Linearmotoren","description":"Hochwertigen Linearmotoren und Linearmotorsystemen","publisher":{"@id":"https:\/\/linmot.com\/de\/#organization"},"potentialAction":[{"@type":"SearchAction","target":{"@type":"EntryPoint","urlTemplate":"https:\/\/linmot.com\/de\/?s={search_term_string}"},"query-input":{"@type":"PropertyValueSpecification","valueRequired":true,"valueName":"search_term_string"}}],"inLanguage":"de"},{"@type":"Organization","@id":"https:\/\/linmot.com\/de\/#organization","name":"NTI AG - LinMot & MagSpring","url":"https:\/\/linmot.com\/de\/","logo":{"@type":"ImageObject","inLanguage":"de","@id":"https:\/\/linmot.com\/de\/#\/schema\/logo\/image\/","url":"https:\/\/linmot.com\/de\/wp-content\/uploads\/sites\/2\/2022\/01\/social-logo.jpg","contentUrl":"https:\/\/linmot.com\/de\/wp-content\/uploads\/sites\/2\/2022\/01\/social-logo.jpg","width":800,"height":500,"caption":"NTI AG - LinMot & MagSpring"},"image":{"@id":"https:\/\/linmot.com\/de\/#\/schema\/logo\/image\/"},"sameAs":["https:\/\/www.linkedin.com\/company\/nti-ag-linmot-magspring","https:\/\/www.youtube.com\/user\/LinMotEurope","https:\/\/www.xing.com\/pages\/linmot-magspring"]}]}},"_links":{"self":[{"href":"https:\/\/linmot.com\/de\/wp-json\/wp\/v2\/pages\/1427","targetHints":{"allow":["GET"]}}],"collection":[{"href":"https:\/\/linmot.com\/de\/wp-json\/wp\/v2\/pages"}],"about":[{"href":"https:\/\/linmot.com\/de\/wp-json\/wp\/v2\/types\/page"}],"author":[{"embeddable":true,"href":"https:\/\/linmot.com\/de\/wp-json\/wp\/v2\/users\/1"}],"replies":[{"embeddable":true,"href":"https:\/\/linmot.com\/de\/wp-json\/wp\/v2\/comments?post=1427"}],"version-history":[{"count":35,"href":"https:\/\/linmot.com\/de\/wp-json\/wp\/v2\/pages\/1427\/revisions"}],"predecessor-version":[{"id":5232,"href":"https:\/\/linmot.com\/de\/wp-json\/wp\/v2\/pages\/1427\/revisions\/5232"}],"up":[{"embeddable":true,"href":"https:\/\/linmot.com\/de\/wp-json\/wp\/v2\/pages\/44"}],"wp:attachment":[{"href":"https:\/\/linmot.com\/de\/wp-json\/wp\/v2\/media?parent=1427"}],"curies":[{"name":"wp","href":"https:\/\/api.w.org\/{rel}","templated":true}]}}