{"id":1026,"date":"2019-03-08T12:12:31","date_gmt":"2019-03-08T11:12:31","guid":{"rendered":"https:\/\/linmot.com\/de\/?page_id=1026"},"modified":"2025-02-24T14:50:17","modified_gmt":"2025-02-24T13:50:17","slug":"allg-lieferbedingungen","status":"publish","type":"page","link":"https:\/\/linmot.com\/de\/download\/allg-lieferbedingungen\/","title":{"rendered":"Lieferbedingungen"},"content":{"rendered":"<div class=\"row download\">\n<div class=\"col-md-4\">\n<h4 class=\"download-title\">Lieferbedingungen<\/h4>\n<\/div>\n<div class=\"col-md-8\">\n<div class=\"row\">\n<div class=\"col-md-6\">\n<div class=\"download-box\"><a href=\"https:\/\/linmot.com\/fileadmin\/\/user_upload\/Downloads\/terms\/2018-ZVEI-AGB-englisch-2018.pdf\" target=\"_blank\" rel=\"noopener noreferrer\"><span class=\"name\">ENG<\/span><span class=\"size\">1.29 MB<\/span><\/a><\/div>\n<\/div>\n<div class=\"col-md-6\">\n<div class=\"download-box\"><a href=\"\/fileadmin\/\/user_upload\/Downloads\/terms\/ZVEI-AGB-2018-deutsch.pdf\" target=\"_blank\" rel=\"noopener noreferrer\"><span class=\"name\">DE<\/span><span class=\"size\">455 kB<\/span><\/a><\/div>\n<\/div>\n<\/div>\n<\/div>\n<\/div>\n<div class=\"row\">\n<div class=\"col-md-4\">\n<h4 class=\"download-title\">Erg\u00e4nzungsklausel zu Lieferbedingungen<\/h4>\n<\/div>\n<div class=\"col-md-8\">\n<div class=\"download-box\"><a href=\"https:\/\/linmot.com\/wp-content\/uploads\/2019\/03\/9.AGB_Erga\u0308nzugsklausel-englisch-deutsch.pdf\" target=\"_blank\" rel=\"noopener noreferrer\"><span class=\"name\">ENG\/DE<\/span><span class=\"size\">356 kB<\/span><\/a><\/div>\n<\/div>\n<\/div>\n<div class=\"row\">\n<div class=\"col-md-4\">\n<h4 class=\"download-title\">Softwareklausel zu Lieferbedingungen<\/h4>\n<\/div>\n<div class=\"col-md-8\">\n<div class=\"download-box\"><a href=\"https:\/\/linmot.com\/wp-content\/uploads\/2019\/03\/4a.Softwareklausel-englisch-deutsch-2012.pdf\" target=\"_blank\" rel=\"noopener noreferrer\"><span class=\"name\">ENG\/DE<\/span><span class=\"size\">1.20 MB<\/span><\/a><\/div>\n<\/div>\n<\/div>\n<div class=\"row\">\n<div class=\"col-md-4\">\n<h4 class=\"download-title\">Zertifizierungen \/ Verordnungen<\/h4>\n<\/div>\n<div class=\"col-md-8\">\n<div class=\"download-box\"><a href=\"\/de\/download\/zertifizierungen-und-verordnungen\/\" target=\"_self\" rel=\"noopener noreferrer\"><span class=\"name\">Zur \u00dcbersicht<\/span><\/a><\/div>\n<\/div>\n<\/div>\n","protected":false},"excerpt":{"rendered":"<p>Lieferbedingungen ENG1.29 MB DE455 kB<\/p>\n","protected":false},"author":1,"featured_media":0,"parent":10,"menu_order":93,"comment_status":"closed","ping_status":"closed","template":"","meta":{"_acf_changed":false,"footnotes":""},"class_list":["post-1026","page","type-page","status-publish","hentry"],"acf":[],"yoast_head":"<!-- This site is optimized with the Yoast SEO Premium plugin v20.9 (Yoast SEO v27.3) - https:\/\/yoast.com\/product\/yoast-seo-premium-wordpress\/ -->\n<title>Die Lieferbedingungen von LinMot &amp; MagSpring<\/title>\n<meta name=\"description\" content=\"Erfahren Sie mehr \u00fcber die Lieferbedingungen, sowie den dazugeh\u00f6renden Sicherheits- sowie Erg\u00e4nzungsklausel von LinMot auf diesen Seiten.\" \/>\n<meta name=\"robots\" content=\"index, follow, max-snippet:-1, max-image-preview:large, max-video-preview:-1\" \/>\n<link rel=\"canonical\" href=\"https:\/\/linmot.com\/de\/download\/allg-lieferbedingungen\/\" \/>\n<meta property=\"og:locale\" content=\"de_DE\" \/>\n<meta property=\"og:type\" content=\"article\" \/>\n<meta property=\"og:title\" content=\"Lieferbedingungen\" \/>\n<meta property=\"og:description\" content=\"Erfahren Sie mehr \u00fcber die Lieferbedingungen, sowie den dazugeh\u00f6renden Sicherheits- sowie Erg\u00e4nzungsklausel von LinMot auf diesen Seiten.\" \/>\n<meta property=\"og:url\" content=\"https:\/\/linmot.com\/de\/download\/allg-lieferbedingungen\/\" \/>\n<meta property=\"og:site_name\" content=\"LinMot &amp; MagSpring - Deutsch\" \/>\n<meta property=\"article:modified_time\" content=\"2025-02-24T13:50:17+00:00\" \/>\n<meta property=\"og:image\" content=\"https:\/\/linmot.com\/de\/wp-content\/uploads\/sites\/2\/2022\/01\/social-logo.jpg\" \/>\n\t<meta property=\"og:image:width\" content=\"800\" \/>\n\t<meta property=\"og:image:height\" content=\"500\" \/>\n\t<meta property=\"og:image:type\" content=\"image\/jpeg\" \/>\n<meta name=\"twitter:card\" content=\"summary_large_image\" \/>\n<meta name=\"twitter:label1\" content=\"Gesch\u00e4tzte Lesezeit\" \/>\n\t<meta name=\"twitter:data1\" content=\"1 Minute\" \/>\n<script type=\"application\/ld+json\" class=\"yoast-schema-graph\">{\"@context\":\"https:\\\/\\\/schema.org\",\"@graph\":[{\"@type\":\"WebPage\",\"@id\":\"https:\\\/\\\/linmot.com\\\/de\\\/download\\\/allg-lieferbedingungen\\\/\",\"url\":\"https:\\\/\\\/linmot.com\\\/de\\\/download\\\/allg-lieferbedingungen\\\/\",\"name\":\"Die Lieferbedingungen von LinMot & MagSpring\",\"isPartOf\":{\"@id\":\"https:\\\/\\\/linmot.com\\\/de\\\/#website\"},\"datePublished\":\"2019-03-08T11:12:31+00:00\",\"dateModified\":\"2025-02-24T13:50:17+00:00\",\"description\":\"Erfahren Sie mehr \u00fcber die Lieferbedingungen, sowie den dazugeh\u00f6renden Sicherheits- sowie Erg\u00e4nzungsklausel von LinMot auf diesen Seiten.\",\"breadcrumb\":{\"@id\":\"https:\\\/\\\/linmot.com\\\/de\\\/download\\\/allg-lieferbedingungen\\\/#breadcrumb\"},\"inLanguage\":\"de\",\"potentialAction\":[{\"@type\":\"ReadAction\",\"target\":[\"https:\\\/\\\/linmot.com\\\/de\\\/download\\\/allg-lieferbedingungen\\\/\"]}]},{\"@type\":\"BreadcrumbList\",\"@id\":\"https:\\\/\\\/linmot.com\\\/de\\\/download\\\/allg-lieferbedingungen\\\/#breadcrumb\",\"itemListElement\":[{\"@type\":\"ListItem\",\"position\":1,\"name\":\"LinMot\",\"item\":\"https:\\\/\\\/linmot.com\\\/de\\\/\"},{\"@type\":\"ListItem\",\"position\":2,\"name\":\"Download\",\"item\":\"https:\\\/\\\/linmot.com\\\/de\\\/download\\\/\"},{\"@type\":\"ListItem\",\"position\":3,\"name\":\"Lieferbedingungen\"}]},{\"@type\":\"WebSite\",\"@id\":\"https:\\\/\\\/linmot.com\\\/de\\\/#website\",\"url\":\"https:\\\/\\\/linmot.com\\\/de\\\/\",\"name\":\"LinMot & MagSpring - Industrielle Linearmotoren\",\"description\":\"Hochwertigen Linearmotoren und Linearmotorsystemen\",\"publisher\":{\"@id\":\"https:\\\/\\\/linmot.com\\\/de\\\/#organization\"},\"potentialAction\":[{\"@type\":\"SearchAction\",\"target\":{\"@type\":\"EntryPoint\",\"urlTemplate\":\"https:\\\/\\\/linmot.com\\\/de\\\/?s={search_term_string}\"},\"query-input\":{\"@type\":\"PropertyValueSpecification\",\"valueRequired\":true,\"valueName\":\"search_term_string\"}}],\"inLanguage\":\"de\"},{\"@type\":\"Organization\",\"@id\":\"https:\\\/\\\/linmot.com\\\/de\\\/#organization\",\"name\":\"NTI AG - LinMot & MagSpring\",\"url\":\"https:\\\/\\\/linmot.com\\\/de\\\/\",\"logo\":{\"@type\":\"ImageObject\",\"inLanguage\":\"de\",\"@id\":\"https:\\\/\\\/linmot.com\\\/de\\\/#\\\/schema\\\/logo\\\/image\\\/\",\"url\":\"https:\\\/\\\/linmot.com\\\/de\\\/wp-content\\\/uploads\\\/sites\\\/2\\\/2022\\\/01\\\/social-logo.jpg\",\"contentUrl\":\"https:\\\/\\\/linmot.com\\\/de\\\/wp-content\\\/uploads\\\/sites\\\/2\\\/2022\\\/01\\\/social-logo.jpg\",\"width\":800,\"height\":500,\"caption\":\"NTI AG - LinMot & MagSpring\"},\"image\":{\"@id\":\"https:\\\/\\\/linmot.com\\\/de\\\/#\\\/schema\\\/logo\\\/image\\\/\"},\"sameAs\":[\"https:\\\/\\\/www.linkedin.com\\\/company\\\/nti-ag-linmot-magspring\",\"https:\\\/\\\/www.youtube.com\\\/user\\\/LinMotEurope\",\"https:\\\/\\\/www.xing.com\\\/pages\\\/linmot-magspring\"]}]}<\/script>\n<!-- \/ Yoast SEO Premium plugin. -->","yoast_head_json":{"title":"Die Lieferbedingungen von LinMot & MagSpring","description":"Erfahren Sie mehr \u00fcber die Lieferbedingungen, sowie den dazugeh\u00f6renden Sicherheits- sowie Erg\u00e4nzungsklausel von LinMot auf diesen Seiten.","robots":{"index":"index","follow":"follow","max-snippet":"max-snippet:-1","max-image-preview":"max-image-preview:large","max-video-preview":"max-video-preview:-1"},"canonical":"https:\/\/linmot.com\/de\/download\/allg-lieferbedingungen\/","og_locale":"de_DE","og_type":"article","og_title":"Lieferbedingungen","og_description":"Erfahren Sie mehr \u00fcber die Lieferbedingungen, sowie den dazugeh\u00f6renden Sicherheits- sowie Erg\u00e4nzungsklausel von LinMot auf diesen Seiten.","og_url":"https:\/\/linmot.com\/de\/download\/allg-lieferbedingungen\/","og_site_name":"LinMot &amp; MagSpring - Deutsch","article_modified_time":"2025-02-24T13:50:17+00:00","og_image":[{"width":800,"height":500,"url":"https:\/\/linmot.com\/de\/wp-content\/uploads\/sites\/2\/2022\/01\/social-logo.jpg","type":"image\/jpeg"}],"twitter_card":"summary_large_image","twitter_misc":{"Gesch\u00e4tzte Lesezeit":"1 Minute"},"schema":{"@context":"https:\/\/schema.org","@graph":[{"@type":"WebPage","@id":"https:\/\/linmot.com\/de\/download\/allg-lieferbedingungen\/","url":"https:\/\/linmot.com\/de\/download\/allg-lieferbedingungen\/","name":"Die Lieferbedingungen von LinMot & MagSpring","isPartOf":{"@id":"https:\/\/linmot.com\/de\/#website"},"datePublished":"2019-03-08T11:12:31+00:00","dateModified":"2025-02-24T13:50:17+00:00","description":"Erfahren Sie mehr \u00fcber die Lieferbedingungen, sowie den dazugeh\u00f6renden Sicherheits- sowie Erg\u00e4nzungsklausel von LinMot auf diesen Seiten.","breadcrumb":{"@id":"https:\/\/linmot.com\/de\/download\/allg-lieferbedingungen\/#breadcrumb"},"inLanguage":"de","potentialAction":[{"@type":"ReadAction","target":["https:\/\/linmot.com\/de\/download\/allg-lieferbedingungen\/"]}]},{"@type":"BreadcrumbList","@id":"https:\/\/linmot.com\/de\/download\/allg-lieferbedingungen\/#breadcrumb","itemListElement":[{"@type":"ListItem","position":1,"name":"LinMot","item":"https:\/\/linmot.com\/de\/"},{"@type":"ListItem","position":2,"name":"Download","item":"https:\/\/linmot.com\/de\/download\/"},{"@type":"ListItem","position":3,"name":"Lieferbedingungen"}]},{"@type":"WebSite","@id":"https:\/\/linmot.com\/de\/#website","url":"https:\/\/linmot.com\/de\/","name":"LinMot & MagSpring - Industrielle Linearmotoren","description":"Hochwertigen Linearmotoren und Linearmotorsystemen","publisher":{"@id":"https:\/\/linmot.com\/de\/#organization"},"potentialAction":[{"@type":"SearchAction","target":{"@type":"EntryPoint","urlTemplate":"https:\/\/linmot.com\/de\/?s={search_term_string}"},"query-input":{"@type":"PropertyValueSpecification","valueRequired":true,"valueName":"search_term_string"}}],"inLanguage":"de"},{"@type":"Organization","@id":"https:\/\/linmot.com\/de\/#organization","name":"NTI AG - LinMot & MagSpring","url":"https:\/\/linmot.com\/de\/","logo":{"@type":"ImageObject","inLanguage":"de","@id":"https:\/\/linmot.com\/de\/#\/schema\/logo\/image\/","url":"https:\/\/linmot.com\/de\/wp-content\/uploads\/sites\/2\/2022\/01\/social-logo.jpg","contentUrl":"https:\/\/linmot.com\/de\/wp-content\/uploads\/sites\/2\/2022\/01\/social-logo.jpg","width":800,"height":500,"caption":"NTI AG - LinMot & MagSpring"},"image":{"@id":"https:\/\/linmot.com\/de\/#\/schema\/logo\/image\/"},"sameAs":["https:\/\/www.linkedin.com\/company\/nti-ag-linmot-magspring","https:\/\/www.youtube.com\/user\/LinMotEurope","https:\/\/www.xing.com\/pages\/linmot-magspring"]}]}},"_links":{"self":[{"href":"https:\/\/linmot.com\/de\/wp-json\/wp\/v2\/pages\/1026","targetHints":{"allow":["GET"]}}],"collection":[{"href":"https:\/\/linmot.com\/de\/wp-json\/wp\/v2\/pages"}],"about":[{"href":"https:\/\/linmot.com\/de\/wp-json\/wp\/v2\/types\/page"}],"author":[{"embeddable":true,"href":"https:\/\/linmot.com\/de\/wp-json\/wp\/v2\/users\/1"}],"replies":[{"embeddable":true,"href":"https:\/\/linmot.com\/de\/wp-json\/wp\/v2\/comments?post=1026"}],"version-history":[{"count":12,"href":"https:\/\/linmot.com\/de\/wp-json\/wp\/v2\/pages\/1026\/revisions"}],"predecessor-version":[{"id":5626,"href":"https:\/\/linmot.com\/de\/wp-json\/wp\/v2\/pages\/1026\/revisions\/5626"}],"up":[{"embeddable":true,"href":"https:\/\/linmot.com\/de\/wp-json\/wp\/v2\/pages\/10"}],"wp:attachment":[{"href":"https:\/\/linmot.com\/de\/wp-json\/wp\/v2\/media?parent=1026"}],"curies":[{"name":"wp","href":"https:\/\/api.w.org\/{rel}","templated":true}]}}